{"id":8573,"date":"2020-01-06T16:54:01","date_gmt":"2020-01-06T16:54:01","guid":{"rendered":"http:\/\/martha.org.mx\/una-politica-con-causa\/?page_id=8573"},"modified":"2020-06-02T19:05:14","modified_gmt":"2020-06-02T19:05:14","slug":"trayectoria-academica","status":"publish","type":"page","link":"https:\/\/martha.org.mx\/una-politica-con-causa\/trayectoria-academica\/","title":{"rendered":"Trayectoria Acad\u00e9mica"},"content":{"rendered":"\n<p><strong>Trayectoria Acad\u00e9mica:<\/strong><\/p>\n\n\n\n<div class=\"wp-block-group\"><div class=\"wp-block-group__inner-container is-layout-flow wp-block-group-is-layout-flow\">\n<ul class=\"wp-block-list\"><li>Licenciada en Pedagog\u00eda. Como profesional de la pedagog\u00eda he trabajado espec\u00edficamente en las \u00e1reas de educaci\u00f3n ambiental y educaci\u00f3n c\u00edvica.<\/li><li>Conferencista sobre el tema ambiental a nivel nacional e internacional en diferentes espacios ciudadanos y acad\u00e9micos.<\/li><li>Hablo, escribo y leo el idioma ingl\u00e9s. Tambi\u00e9n estudi\u00e9 por dos a\u00f1os lengua n\u00e1huatl haciendo pr\u00e1cticas culturales de intercambio en comunidades ind\u00edgenas<\/li><li>Soy Fellow del&nbsp;<a href=\"http:\/\/www.lead.colmex.mx\/info.htm\">Programa de Estudios Avanzados en Desarrollo Sustentable y Medio Ambiente (LEAD)<\/a>&nbsp;de&nbsp;<a href=\"http:\/\/www.colmex.mx\/\">El Colegio de M\u00e9xico<\/a>&nbsp;(2004)<\/li><li>He cursado diversos diplomados entre los que se encuentran:<\/li><li>Diplomado en Gesti\u00f3n y An\u00e1lisis de Pol\u00edticas Ambientales; Instituto Nacional de Administraci\u00f3n P\u00fablica (1994)<\/li><li>Diplomado en Procuraci\u00f3n de Fondos y Desarrollo Institucional para Organizaciones No Lucrativas. Procura, A.C. y The Fund Raising School of the University of Indiana (1996).<\/li><li>Diplomado El fen\u00f3meno metropolitano: estrategias, instrumentos y alternativas de gesti\u00f3n del Programa Universitario de Estudios sobre la Ciudad de la Universidad Nacional Aut\u00f3noma de M\u00e9xico (2005).<\/li><li>Maestr\u00eda en Artes Liberales en el campo de la Sustentabilidad por la Universidad de Harvard.<\/li><\/ul>\n\n\n\n<p><\/p>\n<\/div><\/div>\n\n\n\n<figure class=\"wp-block-image size-large is-resized\"><img loading=\"lazy\" decoding=\"async\" src=\"https:\/\/martha.org.mx\/una-politica-con-causa\/wp-content\/uploads\/2020\/06\/WhatsApp-Image-2020-06-02-at-10.08.55.jpeg\" alt=\"\" class=\"wp-image-10891\" width=\"414\" height=\"446\" srcset=\"https:\/\/martha.org.mx\/una-politica-con-causa\/wp-content\/uploads\/2020\/06\/WhatsApp-Image-2020-06-02-at-10.08.55.jpeg 828w, https:\/\/martha.org.mx\/una-politica-con-causa\/wp-content\/uploads\/2020\/06\/WhatsApp-Image-2020-06-02-at-10.08.55-278x300.jpeg 278w, https:\/\/martha.org.mx\/una-politica-con-causa\/wp-content\/uploads\/2020\/06\/WhatsApp-Image-2020-06-02-at-10.08.55-768x827.jpeg 768w\" sizes=\"auto, (max-width: 414px) 100vw, 414px\" \/><figcaption>En la Universidad de Harvard con mis compa\u00f1eros de maestr\u00eda.<\/figcaption><\/figure>\n","protected":false},"excerpt":{"rendered":"<p>Trayectoria Acad\u00e9mica: Licenciada en Pedagog\u00eda. Como profesional de la pedagog\u00eda he trabajado espec\u00edficamente en las \u00e1reas de educaci\u00f3n ambiental y educaci\u00f3n c\u00edvica. Conferencista sobre el tema ambiental a nivel nacional e internacional en diferentes espacios ciudadanos y acad\u00e9micos. Hablo, escribo y leo el idioma ingl\u00e9s. Tambi\u00e9n estudi\u00e9 por dos a\u00f1os lengua n\u00e1huatl haciendo pr\u00e1cticas culturales&hellip;<\/p>\n<p class=\"more-link\"><a href=\"https:\/\/martha.org.mx\/una-politica-con-causa\/trayectoria-academica\/\" class=\"themebutton\">Read More<\/a><\/p>\n","protected":false},"author":1,"featured_media":0,"parent":0,"menu_order":0,"comment_status":"closed","ping_status":"closed","template":"","meta":{"om_disable_all_campaigns":false,"_monsterinsights_skip_tracking":false,"_monsterinsights_sitenote_active":false,"_monsterinsights_sitenote_note":"","_monsterinsights_sitenote_category":0,"footnotes":""},"class_list":["post-8573","page","type-page","status-publish","hentry"],"aioseo_notices":[],"_links":{"self":[{"href":"https:\/\/martha.org.mx\/una-politica-con-causa\/wp-json\/wp\/v2\/pages\/8573","targetHints":{"allow":["GET"]}}],"collection":[{"href":"https:\/\/martha.org.mx\/una-politica-con-causa\/wp-json\/wp\/v2\/pages"}],"about":[{"href":"https:\/\/martha.org.mx\/una-politica-con-causa\/wp-json\/wp\/v2\/types\/page"}],"author":[{"embeddable":true,"href":"https:\/\/martha.org.mx\/una-politica-con-causa\/wp-json\/wp\/v2\/users\/1"}],"replies":[{"embeddable":true,"href":"https:\/\/martha.org.mx\/una-politica-con-causa\/wp-json\/wp\/v2\/comments?post=8573"}],"version-history":[{"count":4,"href":"https:\/\/martha.org.mx\/una-politica-con-causa\/wp-json\/wp\/v2\/pages\/8573\/revisions"}],"predecessor-version":[{"id":10935,"href":"https:\/\/martha.org.mx\/una-politica-con-causa\/wp-json\/wp\/v2\/pages\/8573\/revisions\/10935"}],"wp:attachment":[{"href":"https:\/\/martha.org.mx\/una-politica-con-causa\/wp-json\/wp\/v2\/media?parent=8573"}],"curies":[{"name":"wp","href":"https:\/\/api.w.org\/{rel}","templated":true}]}}