{"id":8112,"date":"2020-01-02T07:15:12","date_gmt":"2020-01-02T07:15:12","guid":{"rendered":"http:\/\/martha.org.mx\/una-politica-con-causa\/?page_id=8112"},"modified":"2020-06-03T04:00:02","modified_gmt":"2020-06-03T04:00:02","slug":"yoga-y-meditacion","status":"publish","type":"page","link":"https:\/\/martha.org.mx\/una-politica-con-causa\/yoga-y-meditacion\/","title":{"rendered":"Yoga y meditaci\u00f3n"},"content":{"rendered":"\n<p>Otra de mis aficiones y gustos es mantener una vida sana espiritual y f\u00edsica. <\/p>\n\n\n\n<p>Aqu\u00ed les comparto un poco de reflexiones e informaci\u00f3n sobre <a href=\"https:\/\/martha.org.mx\/una-politica-con-causa\/category\/vida-sana\/\">una vida sana. <\/a><\/p>\n\n\n\n<figure class=\"wp-block-image size-full is-resized\"><img loading=\"lazy\" decoding=\"async\" src=\"https:\/\/martha.org.mx\/una-politica-con-causa\/wp-content\/uploads\/2020\/06\/08b96305-f68e-40b9-a8c7-3821bb20aa3b.jpg\" alt=\"\" class=\"wp-image-11172\" width=\"320\" height=\"225\" srcset=\"https:\/\/martha.org.mx\/una-politica-con-causa\/wp-content\/uploads\/2020\/06\/08b96305-f68e-40b9-a8c7-3821bb20aa3b.jpg 320w, https:\/\/martha.org.mx\/una-politica-con-causa\/wp-content\/uploads\/2020\/06\/08b96305-f68e-40b9-a8c7-3821bb20aa3b-300x211.jpg 300w\" sizes=\"auto, (max-width: 320px) 100vw, 320px\" \/><\/figure>\n\n\n\n<p><\/p>\n","protected":false},"excerpt":{"rendered":"<p>Otra de mis aficiones y gustos es mantener una vida sana espiritual y f\u00edsica. Aqu\u00ed les comparto un poco de reflexiones e informaci\u00f3n sobre una vida sana.<\/p>\n","protected":false},"author":1,"featured_media":0,"parent":0,"menu_order":0,"comment_status":"closed","ping_status":"closed","template":"","meta":{"om_disable_all_campaigns":false,"_monsterinsights_skip_tracking":false,"_monsterinsights_sitenote_active":false,"_monsterinsights_sitenote_note":"","_monsterinsights_sitenote_category":0,"footnotes":""},"class_list":["post-8112","page","type-page","status-publish","hentry"],"aioseo_notices":[],"_links":{"self":[{"href":"https:\/\/martha.org.mx\/una-politica-con-causa\/wp-json\/wp\/v2\/pages\/8112","targetHints":{"allow":["GET"]}}],"collection":[{"href":"https:\/\/martha.org.mx\/una-politica-con-causa\/wp-json\/wp\/v2\/pages"}],"about":[{"href":"https:\/\/martha.org.mx\/una-politica-con-causa\/wp-json\/wp\/v2\/types\/page"}],"author":[{"embeddable":true,"href":"https:\/\/martha.org.mx\/una-politica-con-causa\/wp-json\/wp\/v2\/users\/1"}],"replies":[{"embeddable":true,"href":"https:\/\/martha.org.mx\/una-politica-con-causa\/wp-json\/wp\/v2\/comments?post=8112"}],"version-history":[{"count":2,"href":"https:\/\/martha.org.mx\/una-politica-con-causa\/wp-json\/wp\/v2\/pages\/8112\/revisions"}],"predecessor-version":[{"id":11173,"href":"https:\/\/martha.org.mx\/una-politica-con-causa\/wp-json\/wp\/v2\/pages\/8112\/revisions\/11173"}],"wp:attachment":[{"href":"https:\/\/martha.org.mx\/una-politica-con-causa\/wp-json\/wp\/v2\/media?parent=8112"}],"curies":[{"name":"wp","href":"https:\/\/api.w.org\/{rel}","templated":true}]}}