{"id":8053,"date":"2020-01-02T04:55:22","date_gmt":"2020-01-02T04:55:22","guid":{"rendered":"http:\/\/martha.org.mx\/una-politica-con-causa\/?page_id=8053"},"modified":"2023-02-08T18:38:14","modified_gmt":"2023-02-08T18:38:14","slug":"entrevistas","status":"publish","type":"page","link":"https:\/\/martha.org.mx\/una-politica-con-causa\/entrevistas\/","title":{"rendered":"Entrevistas"},"content":{"rendered":"\n<p>Durante mi trayectoria me han realizado algunas entrevistas en las que he platicado sobre los diferentes encargos que me ha tocado realizar como servidora p\u00fablica, aqu\u00ed podr\u00e1n verlas o escucharlas. <\/p>\n\n\n\n<p><a href=\"https:\/\/martha.org.mx\/una-politica-con-causa\/category\/entrevistas\/\">Desc\u00fabrelas aqu\u00ed.<\/a><\/p>\n\n\n\n<p><\/p>\n\n\n\n<figure class=\"wp-block-image size-large is-resized\"><a href=\"https:\/\/martha.org.mx\/una-politica-con-causa\/category\/entrevistas\/\"><img loading=\"lazy\" decoding=\"async\" src=\"https:\/\/martha.org.mx\/una-politica-con-causa\/wp-content\/uploads\/2022\/10\/photo1665158725-2-1024x576.jpeg\" alt=\"\" class=\"wp-image-13181\" width=\"512\" height=\"288\" srcset=\"https:\/\/martha.org.mx\/una-politica-con-causa\/wp-content\/uploads\/2022\/10\/photo1665158725-2-1024x576.jpeg 1024w, https:\/\/martha.org.mx\/una-politica-con-causa\/wp-content\/uploads\/2022\/10\/photo1665158725-2-300x169.jpeg 300w, https:\/\/martha.org.mx\/una-politica-con-causa\/wp-content\/uploads\/2022\/10\/photo1665158725-2-768x432.jpeg 768w, https:\/\/martha.org.mx\/una-politica-con-causa\/wp-content\/uploads\/2022\/10\/photo1665158725-2.jpeg 1280w\" sizes=\"auto, (max-width: 512px) 100vw, 512px\" \/><\/a><\/figure>\n","protected":false},"excerpt":{"rendered":"<p>Durante mi trayectoria me han realizado algunas entrevistas en las que he platicado sobre los diferentes encargos que me ha tocado realizar como servidora p\u00fablica, aqu\u00ed podr\u00e1n verlas o escucharlas. Desc\u00fabrelas aqu\u00ed.<\/p>\n","protected":false},"author":1,"featured_media":0,"parent":0,"menu_order":0,"comment_status":"closed","ping_status":"closed","template":"","meta":{"om_disable_all_campaigns":false,"_monsterinsights_skip_tracking":false,"_monsterinsights_sitenote_active":false,"_monsterinsights_sitenote_note":"","_monsterinsights_sitenote_category":0,"footnotes":""},"class_list":["post-8053","page","type-page","status-publish","hentry"],"aioseo_notices":[],"_links":{"self":[{"href":"https:\/\/martha.org.mx\/una-politica-con-causa\/wp-json\/wp\/v2\/pages\/8053","targetHints":{"allow":["GET"]}}],"collection":[{"href":"https:\/\/martha.org.mx\/una-politica-con-causa\/wp-json\/wp\/v2\/pages"}],"about":[{"href":"https:\/\/martha.org.mx\/una-politica-con-causa\/wp-json\/wp\/v2\/types\/page"}],"author":[{"embeddable":true,"href":"https:\/\/martha.org.mx\/una-politica-con-causa\/wp-json\/wp\/v2\/users\/1"}],"replies":[{"embeddable":true,"href":"https:\/\/martha.org.mx\/una-politica-con-causa\/wp-json\/wp\/v2\/comments?post=8053"}],"version-history":[{"count":5,"href":"https:\/\/martha.org.mx\/una-politica-con-causa\/wp-json\/wp\/v2\/pages\/8053\/revisions"}],"predecessor-version":[{"id":13389,"href":"https:\/\/martha.org.mx\/una-politica-con-causa\/wp-json\/wp\/v2\/pages\/8053\/revisions\/13389"}],"wp:attachment":[{"href":"https:\/\/martha.org.mx\/una-politica-con-causa\/wp-json\/wp\/v2\/media?parent=8053"}],"curies":[{"name":"wp","href":"https:\/\/api.w.org\/{rel}","templated":true}]}}