{"id":8047,"date":"2020-01-02T03:48:50","date_gmt":"2020-01-02T03:48:50","guid":{"rendered":"http:\/\/martha.org.mx\/una-politica-con-causa\/?page_id=8047"},"modified":"2022-10-13T22:21:17","modified_gmt":"2022-10-13T22:21:17","slug":"articulos-2","status":"publish","type":"page","link":"https:\/\/martha.org.mx\/una-politica-con-causa\/articulos-2\/","title":{"rendered":"Art\u00edculos"},"content":{"rendered":"\n<p>A lo largo de mi trayectoria he escrito art\u00edculos sola o en colaboraci\u00f3n que han sido publicados en diferentes medios de comunicaci\u00f3n. <\/p>\n\n\n\n<p>Algunos de ellos han sido Milenio, Reforma, El Pa\u00eds, Foreign Affairs, La Silla Rota, Exc\u00e9lsior y El Universal. <\/p>\n\n\n\n<p>En este<a href=\"https:\/\/martha.org.mx\/una-politica-con-causa\/category\/articulos-escritos-por-martha-delgado\/\"> link pueden leerlos <\/a>y consultar los sitios web donde fueron publicados.<\/p>\n\n\n\n<figure class=\"wp-block-image size-large is-resized\"><img loading=\"lazy\" decoding=\"async\" src=\"https:\/\/martha.org.mx\/una-politica-con-causa\/wp-content\/uploads\/2022\/10\/photo1665158725-1024x576.jpeg\" alt=\"\" class=\"wp-image-13179\" width=\"512\" height=\"288\" srcset=\"https:\/\/martha.org.mx\/una-politica-con-causa\/wp-content\/uploads\/2022\/10\/photo1665158725-1024x576.jpeg 1024w, https:\/\/martha.org.mx\/una-politica-con-causa\/wp-content\/uploads\/2022\/10\/photo1665158725-300x169.jpeg 300w, https:\/\/martha.org.mx\/una-politica-con-causa\/wp-content\/uploads\/2022\/10\/photo1665158725-768x432.jpeg 768w, https:\/\/martha.org.mx\/una-politica-con-causa\/wp-content\/uploads\/2022\/10\/photo1665158725.jpeg 1280w\" sizes=\"auto, (max-width: 512px) 100vw, 512px\" \/><\/figure>\n\n\n\n<p><\/p>\n","protected":false},"excerpt":{"rendered":"<p>A lo largo de mi trayectoria he escrito art\u00edculos sola o en colaboraci\u00f3n que han sido publicados en diferentes medios de comunicaci\u00f3n. Algunos de ellos han sido Milenio, Reforma, El Pa\u00eds, Foreign Affairs, La Silla Rota, Exc\u00e9lsior y El Universal. En este link pueden leerlos y consultar los sitios web donde fueron publicados.<\/p>\n","protected":false},"author":1,"featured_media":0,"parent":0,"menu_order":0,"comment_status":"closed","ping_status":"closed","template":"","meta":{"om_disable_all_campaigns":false,"_monsterinsights_skip_tracking":false,"_monsterinsights_sitenote_active":false,"_monsterinsights_sitenote_note":"","_monsterinsights_sitenote_category":0,"footnotes":""},"class_list":["post-8047","page","type-page","status-publish","hentry"],"aioseo_notices":[],"_links":{"self":[{"href":"https:\/\/martha.org.mx\/una-politica-con-causa\/wp-json\/wp\/v2\/pages\/8047","targetHints":{"allow":["GET"]}}],"collection":[{"href":"https:\/\/martha.org.mx\/una-politica-con-causa\/wp-json\/wp\/v2\/pages"}],"about":[{"href":"https:\/\/martha.org.mx\/una-politica-con-causa\/wp-json\/wp\/v2\/types\/page"}],"author":[{"embeddable":true,"href":"https:\/\/martha.org.mx\/una-politica-con-causa\/wp-json\/wp\/v2\/users\/1"}],"replies":[{"embeddable":true,"href":"https:\/\/martha.org.mx\/una-politica-con-causa\/wp-json\/wp\/v2\/comments?post=8047"}],"version-history":[{"count":4,"href":"https:\/\/martha.org.mx\/una-politica-con-causa\/wp-json\/wp\/v2\/pages\/8047\/revisions"}],"predecessor-version":[{"id":13180,"href":"https:\/\/martha.org.mx\/una-politica-con-causa\/wp-json\/wp\/v2\/pages\/8047\/revisions\/13180"}],"wp:attachment":[{"href":"https:\/\/martha.org.mx\/una-politica-con-causa\/wp-json\/wp\/v2\/media?parent=8047"}],"curies":[{"name":"wp","href":"https:\/\/api.w.org\/{rel}","templated":true}]}}