{"id":7574,"date":"2019-12-27T17:45:58","date_gmt":"2019-12-27T17:45:58","guid":{"rendered":"http:\/\/martha.org.mx\/una-politica-con-causa\/?page_id=7574"},"modified":"2020-05-28T23:47:11","modified_gmt":"2020-05-28T23:47:11","slug":"secretaria-del-medio-ambiente-del-gdf","status":"publish","type":"page","link":"https:\/\/martha.org.mx\/una-politica-con-causa\/secretaria-del-medio-ambiente-del-gdf\/","title":{"rendered":"Secretaria del Medio Ambiente del GDF"},"content":{"rendered":"\n<p>Fui Secretaria del Medio Ambiente del Gobierno del Distrito Federal de 2006 a 2012, en donde encabec\u00e9 importantes programas ambientales que le dieron a la Ciudad de M\u00e9xico un liderazgo mundial: el Plan Verde de la Ciudad de M\u00e9xico; el Plan de Acci\u00f3n Clim\u00e1tica (el primero a nivel local en Am\u00e9rica Latina); la implementaci\u00f3n del primer sistema de bicicletas p\u00fablicas del continente americano, ECOBICI, que actualmente ha permitido la realizaci\u00f3n de m\u00e1s de 30 millones de viajes en bicicleta p\u00fablica.<\/p>\n\n\n\n<p>La restauraci\u00f3n del C\u00e1rcamo de Dolores y del Mural de Diego Rivera \u201cEl Agua Origen de la Vida\u201d en Chapultepec, el Parque Urbano m\u00e1s antiguo del continente; el rescate del R\u00edo Magdalena, el \u00faltimo r\u00edo vivo de la Ciudad de M\u00e9xico; el Mercado de Trueque, en donde se intercambian hortalizas org\u00e1nicas por residuos s\u00f3lidos separados cada domingo \u00faltimo de mes; el primer paseo dominical \u201cMu\u00e9vete en Bici\u201d de M\u00e9xico; el Programa Reverdece tu Ciudad, que recuper\u00f3 1000 espacios p\u00fablicos plantando un mill\u00f3n de \u00e1rboles en la zona urbana de la ciudad; entre otros programas exitosos. <\/p>\n\n\n\n<p>Durante su gesti\u00f3n, la Ciudad de M\u00e9xico recibi\u00f3 <a href=\"https:\/\/martha.org.mx\/una-politica-con-causa\/category\/premios-y-reconocimientos\/secretaria-de-medio-ambiente\/\">11 premios nacionales e internacionales<\/a> en <a href=\"https:\/\/martha.org.mx\/una-politica-con-causa\/category\/premios-y-reconocimientos\/\">materia ambiental y de pol\u00edtica p\u00fablica<\/a>.<\/p>\n\n\n\n<p>Aqu\u00ed puedes consultar los <a href=\"https:\/\/martha.org.mx\/una-politica-con-causa\/libros-blancos-2006-2012\/\">libros blancos de mi gesti\u00f3n como Secretaria del <\/a>Medio Ambiente y <a href=\"https:\/\/martha.org.mx\/una-politica-con-causa\/category\/secretaria\/\">aqu\u00ed algunas de las acciones m\u00e1s relevantes <\/a>que realizamos entonces en la misma \u00e1rea. <\/p>\n\n\n\n<p><a href=\"https:\/\/martha.org.mx\/una-politica-con-causa\/category\/actividad-internacional\/eventos\/\">Tambi\u00e9n hubo algunos eventos que convocaron a la comunidad internacional a M\u00e9xico. <\/a><\/p>\n\n\n\n<p>Aqu\u00ed tambi\u00e9n podr\u00e1n<a href=\"https:\/\/martha.org.mx\/una-politica-con-causa\/gestion-secretaria-de-medio-ambiente\/\"> ver algunas fotograf\u00edas<\/a> que se tomaron en diferentes eventos durante la gesti\u00f3n.<\/p>\n","protected":false},"excerpt":{"rendered":"<p>Fui Secretaria del Medio Ambiente del Gobierno del Distrito Federal de 2006 a 2012, en donde encabec\u00e9 importantes programas ambientales que le dieron a la Ciudad de M\u00e9xico un liderazgo mundial: el Plan Verde de la Ciudad de M\u00e9xico; el Plan de Acci\u00f3n Clim\u00e1tica (el primero a nivel local en Am\u00e9rica Latina); la implementaci\u00f3n del&hellip;<\/p>\n<p class=\"more-link\"><a href=\"https:\/\/martha.org.mx\/una-politica-con-causa\/secretaria-del-medio-ambiente-del-gdf\/\" class=\"themebutton\">Read More<\/a><\/p>\n","protected":false},"author":1,"featured_media":4185,"parent":0,"menu_order":0,"comment_status":"closed","ping_status":"closed","template":"","meta":{"om_disable_all_campaigns":false,"_monsterinsights_skip_tracking":false,"_monsterinsights_sitenote_active":false,"_monsterinsights_sitenote_note":"","_monsterinsights_sitenote_category":0,"footnotes":""},"class_list":["post-7574","page","type-page","status-publish","has-post-thumbnail","hentry"],"aioseo_notices":[],"_links":{"self":[{"href":"https:\/\/martha.org.mx\/una-politica-con-causa\/wp-json\/wp\/v2\/pages\/7574","targetHints":{"allow":["GET"]}}],"collection":[{"href":"https:\/\/martha.org.mx\/una-politica-con-causa\/wp-json\/wp\/v2\/pages"}],"about":[{"href":"https:\/\/martha.org.mx\/una-politica-con-causa\/wp-json\/wp\/v2\/types\/page"}],"author":[{"embeddable":true,"href":"https:\/\/martha.org.mx\/una-politica-con-causa\/wp-json\/wp\/v2\/users\/1"}],"replies":[{"embeddable":true,"href":"https:\/\/martha.org.mx\/una-politica-con-causa\/wp-json\/wp\/v2\/comments?post=7574"}],"version-history":[{"count":4,"href":"https:\/\/martha.org.mx\/una-politica-con-causa\/wp-json\/wp\/v2\/pages\/7574\/revisions"}],"predecessor-version":[{"id":10822,"href":"https:\/\/martha.org.mx\/una-politica-con-causa\/wp-json\/wp\/v2\/pages\/7574\/revisions\/10822"}],"wp:featuredmedia":[{"embeddable":true,"href":"https:\/\/martha.org.mx\/una-politica-con-causa\/wp-json\/wp\/v2\/media\/4185"}],"wp:attachment":[{"href":"https:\/\/martha.org.mx\/una-politica-con-causa\/wp-json\/wp\/v2\/media?parent=7574"}],"curies":[{"name":"wp","href":"https:\/\/api.w.org\/{rel}","templated":true}]}}