{"id":7569,"date":"2019-12-27T17:15:30","date_gmt":"2019-12-27T17:15:30","guid":{"rendered":"http:\/\/martha.org.mx\/una-politica-con-causa\/?page_id=7569"},"modified":"2019-12-27T17:15:31","modified_gmt":"2019-12-27T17:15:31","slug":"diputada-en-la-aldf","status":"publish","type":"page","link":"https:\/\/martha.org.mx\/una-politica-con-causa\/diputada-en-la-aldf\/","title":{"rendered":"Diputada en la ALDF"},"content":{"rendered":"\n<p>Fui Diputada en la Asamblea Legislativa por la voluntad de 70 mil ciudadanos de la Ciudad de M\u00e9xico que sufragaron por el Partido M\u00e9xico Posible (2.4%). Desafortunadamente el partido M\u00e9xico Posible, que representaba, no obtuvo el 2% de votos necesarios a nivel nacional para conservar su registro, motivo por el cual era Diputada Independiente (2003-2006). Tom\u00e9 posesi\u00f3n de mi encargo el 14 de septiembre de 2003 y durante ese periodo, asum\u00ed el compromiso de trabajar y cumplir mi obligaci\u00f3n de representante de la ciudadan\u00eda, pues el Distrito Federal exige trabajo, profesionalismo, credibilidad, pluralidad y participaci\u00f3n.<\/p>\n\n\n\n<p>Esta Diputaci\u00f3n abre este espacio para difundir las actividades que realic\u00e9 en la Asamblea Legislativa como su representante y hago notar que representaba una opci\u00f3n distinta, contribuyendo con esta diferencia en el debate y en las propuestas para mejorar nuestra ciudad.<\/p>\n\n\n\n<p>Durante ese periodo, abr\u00ed m\u00faltiples espacios para recibir sus peticiones o quejas, orientarles, recibir sus ideas y propuestas, y abrir un canal permanente de comunicaci\u00f3n con ustedes, la ciudadan\u00eda.<\/p>\n\n\n\n<p>En mi periodo legislativo, particip\u00e9 en las comisiones de:<\/p>\n\n\n\n<ul class=\"wp-block-list\"><li>Comisi\u00f3n de Participaci\u00f3n Ciudadana (Integrante)<\/li><li>Comisi\u00f3n de Preservaci\u00f3n del Medio Ambiente y Protecci\u00f3n Ecol\u00f3gica (Integrante)<\/li><li>Comisi\u00f3n de Transporte y Vialidad (Integrante)<\/li><li>Comisi\u00f3n Especial para la Gesti\u00f3n Integral del Agua (Presidenta)<\/li><li>Comisi\u00f3n de Protecci\u00f3n Civil (Secretaria)<\/li><li>Comisi\u00f3n Especial para la conmemoraci\u00f3n del Bicentenario del Natalicio del Presidente Benito Ju\u00e1rez (Integrante)<\/li><li>Comisi\u00f3n Interdependencial para la Conservaci\u00f3n del Patrimonio Natural y Cultural de Milpa Alta, Tl\u00e1huac y Xochimilco (Invitada Permanente)<\/li><li>Comit\u00e9 T\u00e9cnico de Residuos S\u00f3lidos<\/li><\/ul>\n\n\n\n<p><a href=\"https:\/\/martha.org.mx\/una-politica-con-causa\/website\/\">Aqu\u00ed pueden echar el sitio web de la diputaci\u00f3n<\/a> y <a href=\"https:\/\/martha.org.mx\/una-politica-con-causa\/category\/diputada\/\">aqu\u00ed algunas otras <\/a>acciones que hice como legisladora. <\/p>\n","protected":false},"excerpt":{"rendered":"<p>Fui Diputada en la Asamblea Legislativa por la voluntad de 70 mil ciudadanos de la Ciudad de M\u00e9xico que sufragaron por el Partido M\u00e9xico Posible (2.4%). Desafortunadamente el partido M\u00e9xico Posible, que representaba, no obtuvo el 2% de votos necesarios a nivel nacional para conservar su registro, motivo por el cual era Diputada Independiente (2003-2006).&hellip;<\/p>\n<p class=\"more-link\"><a href=\"https:\/\/martha.org.mx\/una-politica-con-causa\/diputada-en-la-aldf\/\" class=\"themebutton\">Read More<\/a><\/p>\n","protected":false},"author":1,"featured_media":247,"parent":0,"menu_order":0,"comment_status":"closed","ping_status":"closed","template":"","meta":{"om_disable_all_campaigns":false,"_monsterinsights_skip_tracking":false,"_monsterinsights_sitenote_active":false,"_monsterinsights_sitenote_note":"","_monsterinsights_sitenote_category":0,"footnotes":""},"class_list":["post-7569","page","type-page","status-publish","has-post-thumbnail","hentry"],"aioseo_notices":[],"_links":{"self":[{"href":"https:\/\/martha.org.mx\/una-politica-con-causa\/wp-json\/wp\/v2\/pages\/7569","targetHints":{"allow":["GET"]}}],"collection":[{"href":"https:\/\/martha.org.mx\/una-politica-con-causa\/wp-json\/wp\/v2\/pages"}],"about":[{"href":"https:\/\/martha.org.mx\/una-politica-con-causa\/wp-json\/wp\/v2\/types\/page"}],"author":[{"embeddable":true,"href":"https:\/\/martha.org.mx\/una-politica-con-causa\/wp-json\/wp\/v2\/users\/1"}],"replies":[{"embeddable":true,"href":"https:\/\/martha.org.mx\/una-politica-con-causa\/wp-json\/wp\/v2\/comments?post=7569"}],"version-history":[{"count":1,"href":"https:\/\/martha.org.mx\/una-politica-con-causa\/wp-json\/wp\/v2\/pages\/7569\/revisions"}],"predecessor-version":[{"id":7572,"href":"https:\/\/martha.org.mx\/una-politica-con-causa\/wp-json\/wp\/v2\/pages\/7569\/revisions\/7572"}],"wp:featuredmedia":[{"embeddable":true,"href":"https:\/\/martha.org.mx\/una-politica-con-causa\/wp-json\/wp\/v2\/media\/247"}],"wp:attachment":[{"href":"https:\/\/martha.org.mx\/una-politica-con-causa\/wp-json\/wp\/v2\/media?parent=7569"}],"curies":[{"name":"wp","href":"https:\/\/api.w.org\/{rel}","templated":true}]}}