{"id":7564,"date":"2019-12-27T17:08:03","date_gmt":"2019-12-27T17:08:03","guid":{"rendered":"http:\/\/martha.org.mx\/una-politica-con-causa\/?page_id=7564"},"modified":"2023-06-13T19:51:01","modified_gmt":"2023-06-13T19:51:01","slug":"trayectoria-ambientalista","status":"publish","type":"page","link":"https:\/\/martha.org.mx\/una-politica-con-causa\/trayectoria-ambientalista\/","title":{"rendered":"Trayectoria Ambientalista"},"content":{"rendered":"\n<p>Durante los \u00faltimos 29 a\u00f1os he tenido la oportunidad de enfocarme en mi pasi\u00f3n, el cuidado del medio ambiente, desde muy distintas trincheras. <\/p>\n\n\n\n<p>En estos a\u00f1os he pasado de ser dirigente de grupos ambientalistas, servidora p\u00fablica, diputada local, secretaria de Medio Ambiente del Distrito Federal y m\u00e1s recientemente de la Subsecretar\u00eda para Asuntos Multilaterales y Derechos Humanos. <\/p>\n\n\n\n<p>Esto es algo de mi trayectoria como ambientalista.<\/p>\n\n\n\n<ul class=\"wp-block-list\"><li>Asesora del Presidente del Instituto Nacional de Ecolog\u00eda con especialidad en descentralizaci\u00f3n de la gesti\u00f3n ambiental y concertaci\u00f3n social de nuevos decretos de \u00e1reas naturales protegidas (1993 a 1998)<\/li><li>Coordinadora del Programa Estatal de Educaci\u00f3n Ambiental de la Delegaci\u00f3n de la Semarnat en el Estado de Hidalgo.<\/li><li>Presidenta de la organizaci\u00f3n&nbsp;<a href=\"https:\/\/martha.org.mx\/una-politica-con-causa\/presencia-ciudadana\/\" target=\"_blank\" rel=\"noreferrer noopener\">Presencia Ciudadana Mexicana, A.C.<\/a>&nbsp;&nbsp;donde coordin\u00f3 programas de cultura democr\u00e1tica, observaci\u00f3n electoral, conteos r\u00e1pidos de las elecciones presidenciales&nbsp;y proyectos ambientales tales como el Programa&nbsp;para el Acceso y Uso de Informaci\u00f3n sobre Emisiones Contaminantes en el \u00e1rea de defensa del derecho a la informaci\u00f3n (1998-2004).<\/li><li>Participa en el movimiento ambientalista desde 1986, fungiendo de 1998 a 2003 como Presidenta de la&nbsp;<a href=\"https:\/\/martha.org.mx\/una-politica-con-causa\/union-de-grupos-ambientalistas\" target=\"_blank\" rel=\"noreferrer noopener\">Uni\u00f3n de Grupos Ambientalistas, I.A.P.<\/a>&nbsp;donde confluyen 85 organizaciones ecologistas de distintas partes del pa\u00eds.<\/li><li>En el a\u00f1o 2002 funda la&nbsp;<a href=\"https:\/\/martha.org.mx\/una-politica-con-causa\/red-ciudadana-del-agua\/\" target=\"_blank\" rel=\"noreferrer noopener\">Red Ciudadana del Agua<\/a>&nbsp;y organiza la posici\u00f3n de las organizaciones ecologistas mexicanas ante la Cumbre Mundial para el Desarrollo Sustentable que tuvo lugar en Johannesburgo, Sud\u00e1frica, la cual es presentada ante el Presidente de la Rep\u00fablica.<\/li><li>Fundadora de la&nbsp;<a href=\"https:\/\/martha.org.mx\/una-politica-con-causa\/alianza-por-una-cultura-del-agua\/\" target=\"_blank\" rel=\"noreferrer noopener\">Alianza Mexicana por una Nueva Cultura del Agua<\/a>&nbsp;en 2005, integrada por reconocidos acad\u00e9micos, organizaciones no gubernamentales y movimientos sociales.<\/li><\/ul>\n\n\n\n<p> En este <a href=\"https:\/\/martha.org.mx\/una-politica-con-causa\/category\/trayectoria-ambientalista-martha-delgado\/\">link <\/a>podr\u00e1s encontrar m\u00e1s informaci\u00f3n de mi trayectoria ambientalista y en este<a href=\"https:\/\/martha.org.mx\/una-politica-con-causa\/category\/economia-verde\/\"> otro encontrar\u00e1n informaci\u00f3n sobre econom\u00eda verde<\/a> y algunas acciones que se han hecho al respecto.  <\/p>\n\n\n\n<figure class=\"wp-block-image size-large is-resized\"><img loading=\"lazy\" decoding=\"async\" src=\"https:\/\/martha.org.mx\/una-politica-con-causa\/wp-content\/uploads\/2011\/11\/en-el-Foro-Mundial-del-Agua-en-M\u00e9xico-2006.jpg\" alt=\"\" class=\"wp-image-1592\" width=\"453\" height=\"340\" srcset=\"https:\/\/martha.org.mx\/una-politica-con-causa\/wp-content\/uploads\/2011\/11\/en-el-Foro-Mundial-del-Agua-en-M\u00e9xico-2006.jpg 604w, https:\/\/martha.org.mx\/una-politica-con-causa\/wp-content\/uploads\/2011\/11\/en-el-Foro-Mundial-del-Agua-en-M\u00e9xico-2006-300x225.jpg 300w\" sizes=\"auto, (max-width: 453px) 100vw, 453px\" \/><\/figure>\n\n\n\n<p>Desde, la subsecretar\u00eda para Asuntos Multialterales y Derechos Humanos de la SRE, los trabajos en materia de medio ambiente y la agenda azul no pararon. Tuve la fortuna de participar en las diferentes Conferencias de las partes sobre Cambio Clim\u00e1tico, biodiversidad, contaminaci\u00f3n pl\u00e1stica, entre otros. <\/p>\n\n\n\n<p>Por otra parte, fui nombrada como Sherpa de M\u00e9xico ante el Panel de Alto Nivel para una Econom\u00eda Oce\u00e1nica Sostenible. Establecido en septiembre de 2018, el Panel de Alto Nivel para una Econom\u00eda Oce\u00e1nica Sostenible (Panel de Oc\u00e9anos) es una iniciativa \u00fanica formada por l\u00edderes mundiales que est\u00e1n generando impulso para transitar hacia una econom\u00eda oce\u00e1nica sostenible en la que la protecci\u00f3n eficaz, la producci\u00f3n sostenible y la prosperidad equitativa vayan siempre de la mano. Mediante trabajo colaborativo con una amplia gama de partes interesadas, el Panel de Oc\u00e9anos tiene como objetivo identificar soluciones audaces que unen la salud, la riqueza y la equidad de los oc\u00e9anos y aceleran y escalan la acci\u00f3n de respuesta en todo el mundo.&nbsp;<\/p>\n\n\n\n<figure class=\"wp-block-image size-large is-resized\"><img loading=\"lazy\" decoding=\"async\" src=\"https:\/\/martha.org.mx\/una-politica-con-causa\/wp-content\/uploads\/2023\/06\/Foto_1-1024x674.jpg\" alt=\"\" class=\"wp-image-13514\" width=\"512\" height=\"337\" srcset=\"https:\/\/martha.org.mx\/una-politica-con-causa\/wp-content\/uploads\/2023\/06\/Foto_1-1024x674.jpg 1024w, https:\/\/martha.org.mx\/una-politica-con-causa\/wp-content\/uploads\/2023\/06\/Foto_1-300x197.jpg 300w, https:\/\/martha.org.mx\/una-politica-con-causa\/wp-content\/uploads\/2023\/06\/Foto_1-768x505.jpg 768w, https:\/\/martha.org.mx\/una-politica-con-causa\/wp-content\/uploads\/2023\/06\/Foto_1.jpg 1178w\" sizes=\"auto, (max-width: 512px) 100vw, 512px\" \/><\/figure>\n\n\n\n<p>Adem\u00e1s, fui Presidenta de la Asamblea de ONU-H\u00e1bitat 2019-2023. <\/p>\n\n\n\n<blockquote class=\"wp-block-quote is-layout-flow wp-block-quote-is-layout-flow\"><p>La&nbsp;<strong>Asamblea de ONU-Habitat<\/strong>&nbsp;se inaugur\u00f3 el lunes 27 de mayo con la&nbsp;<a href=\"https:\/\/onuhabitat.org.mx\/index.php\/mexico-preside-la-primera-asamblea-de-onu-habitat\">elecci\u00f3n un\u00e1nime<\/a>&nbsp;de la subsecretaria para Asuntos Multilaterales y Derechos Humanos de M\u00e9xico,&nbsp;<a href=\"http:\/\/twitter.com\/marthadelgado\" target=\"_blank\" rel=\"noreferrer noopener\"><strong>Martha Delgado<\/strong><\/a>, como presidenta de la Asamblea. En la ceremonia inaugural, tambi\u00e9n particip\u00f3 el presidente de Kenia,&nbsp;<strong>Uhuru Kenyatta<\/strong>, quien pidi\u00f3 a los delegados que \u201cexploren formas estrat\u00e9gicas de transformar nuestras ciudades y asentamientos humanos en motores de crecimiento econ\u00f3mico y de desarrollo sostenible\u201d.<\/p><\/blockquote>\n\n\n\n<figure class=\"wp-block-image size-full is-resized\"><img loading=\"lazy\" decoding=\"async\" src=\"https:\/\/martha.org.mx\/una-politica-con-causa\/wp-content\/uploads\/2023\/06\/cierre-asamblea.jpg\" alt=\"\" class=\"wp-image-13512\" width=\"563\" height=\"300\" srcset=\"https:\/\/martha.org.mx\/una-politica-con-causa\/wp-content\/uploads\/2023\/06\/cierre-asamblea.jpg 750w, https:\/\/martha.org.mx\/una-politica-con-causa\/wp-content\/uploads\/2023\/06\/cierre-asamblea-300x160.jpg 300w\" sizes=\"auto, (max-width: 563px) 100vw, 563px\" \/><\/figure>\n\n\n\n<p><\/p>\n\n\n\n<p><\/p>\n","protected":false},"excerpt":{"rendered":"<p>Durante los \u00faltimos 29 a\u00f1os he tenido la oportunidad de enfocarme en mi pasi\u00f3n, el cuidado del medio ambiente, desde muy distintas trincheras. En estos a\u00f1os he pasado de ser dirigente de grupos ambientalistas, servidora p\u00fablica, diputada local, secretaria de Medio Ambiente del Distrito Federal y m\u00e1s recientemente de la Subsecretar\u00eda para Asuntos Multilaterales y&hellip;<\/p>\n<p class=\"more-link\"><a href=\"https:\/\/martha.org.mx\/una-politica-con-causa\/trayectoria-ambientalista\/\" class=\"themebutton\">Read More<\/a><\/p>\n","protected":false},"author":1,"featured_media":5586,"parent":0,"menu_order":0,"comment_status":"closed","ping_status":"closed","template":"","meta":{"om_disable_all_campaigns":false,"_monsterinsights_skip_tracking":false,"_monsterinsights_sitenote_active":false,"_monsterinsights_sitenote_note":"","_monsterinsights_sitenote_category":0,"footnotes":""},"class_list":["post-7564","page","type-page","status-publish","has-post-thumbnail","hentry"],"aioseo_notices":[],"_links":{"self":[{"href":"https:\/\/martha.org.mx\/una-politica-con-causa\/wp-json\/wp\/v2\/pages\/7564","targetHints":{"allow":["GET"]}}],"collection":[{"href":"https:\/\/martha.org.mx\/una-politica-con-causa\/wp-json\/wp\/v2\/pages"}],"about":[{"href":"https:\/\/martha.org.mx\/una-politica-con-causa\/wp-json\/wp\/v2\/types\/page"}],"author":[{"embeddable":true,"href":"https:\/\/martha.org.mx\/una-politica-con-causa\/wp-json\/wp\/v2\/users\/1"}],"replies":[{"embeddable":true,"href":"https:\/\/martha.org.mx\/una-politica-con-causa\/wp-json\/wp\/v2\/comments?post=7564"}],"version-history":[{"count":4,"href":"https:\/\/martha.org.mx\/una-politica-con-causa\/wp-json\/wp\/v2\/pages\/7564\/revisions"}],"predecessor-version":[{"id":13516,"href":"https:\/\/martha.org.mx\/una-politica-con-causa\/wp-json\/wp\/v2\/pages\/7564\/revisions\/13516"}],"wp:featuredmedia":[{"embeddable":true,"href":"https:\/\/martha.org.mx\/una-politica-con-causa\/wp-json\/wp\/v2\/media\/5586"}],"wp:attachment":[{"href":"https:\/\/martha.org.mx\/una-politica-con-causa\/wp-json\/wp\/v2\/media?parent=7564"}],"curies":[{"name":"wp","href":"https:\/\/api.w.org\/{rel}","templated":true}]}}