{"id":7352,"date":"2019-12-12T19:04:16","date_gmt":"2019-12-12T19:04:16","guid":{"rendered":"http:\/\/martha.org.mx\/una-politica-con-causa\/?page_id=7352"},"modified":"2020-06-15T20:34:12","modified_gmt":"2020-06-15T20:34:12","slug":"agenda-de-politica-exterior-multilateral-transformadora","status":"publish","type":"page","link":"https:\/\/martha.org.mx\/una-politica-con-causa\/agenda-de-politica-exterior-multilateral-transformadora\/","title":{"rendered":"Agenda de pol\u00edtica exterior multilateral"},"content":{"rendered":"\n<p>La comunidad internacional enfrenta un contexto de profundos cambios que demandan soluciones urgentes. El gobierno del Presidente Andr\u00e9s Manuel L\u00f3pez Obrador cuenta con el respaldo popular y con la responsabilidad de transformar a M\u00e9xico. Siguiendo este mandato, a trav\u00e9s de la pol\u00edtica exterior que el Canciller Marcelo Ebrard ha impulsado, hemos logrado hacer a M\u00e9xico un activo participante del entorno global. En este contexto exterior, la arena multilateral enfrenta nuevos retos. Por eso es indispensable reafirmar nuestra renovada convicci\u00f3n en el multilateralismo y encontrar las alternativas de transformaci\u00f3n que ayuden a revigorizarlo y renovarlo.<\/p>\n\n\n\n<p>La presente administraci\u00f3n tiene la determinaci\u00f3n de que la instrumentaci\u00f3n de los principios de pol\u00edtica exterior favorezca el desarrollo econ\u00f3mico y social del pa\u00eds, al mismo tiempo que reafirme sus compromisos internacionales y el papel tradicionalmente activo que M\u00e9xico ha tenido en el entorno multilateral. El compromiso es que los grandes acuerdos internacionales se traduzcan en acciones concretas, cuyos beneficios alcancen a todas y todos los mexicanos. Para lograr esta meta, M\u00e9xico impulsa una pol\u00edtica exterior multilateral transformadora que orienta nuestras participaciones multilaterales.<\/p>\n\n\n\n<p>De esta manera, son 7 los ejes bajo los que trabaja la Subsecretar\u00eda para Asuntos Multilaterales y Derechos Humanos, al darles click a cada uno podr\u00e1s revisar documentos importantes referentes a estos ejes.<\/p>\n\n\n\n<p><strong><a href=\"https:\/\/martha.org.mx\/una-politica-con-causa\/category\/ssmh\/agenda-de-politica-exterior-multilateral\/ciudades-prosperas-y-felices\/\">1.- Ciudades prosperas, inclusivas y felices<\/a> <\/strong><\/p>\n\n\n\n<p>La prosperidad social es un concepto fundado en el imperativo del crecimiento econ\u00f3mico pero con el reconocimiento de que este es m\u00e1s solido cuento se encuentra afianzado en una distribuci\u00f3n equitativa. La prosperidad social, de manera adicional al ingreso monetario, debe incluir acceso a derechos y valores tales como el derecho al medio ambiente, una ciudad habitable, una sociedad cohesionada y en paz. Se reconoce, adicionalmente, que la felicidad requiere el acceso pleno a&nbsp; derechos sociales, como el sentido de pertenencia a una comunidad de la que se forma parte y que forma parte de nosotros, adem\u00e1s del espacio necesario para el desarrollo de la autonom\u00eda individual. El valor agregado de la prosperidad econ\u00f3mica es la inclusi\u00f3n social de diversos sectores y con ello la ampliaci\u00f3n y el ejercicio efectivo de los derechos. &nbsp;<\/p>\n\n\n\n<p>En la meta de sociedades pr\u00f3speras, incluyentes y felices, la meta consiste en&nbsp;&nbsp; los espacios para la creaci\u00f3n de ciudad entendida como el conjunto de las&nbsp; interacciones sociales para el pleno desarrollo humano. Partimos del reconocimiento de que existe una red global de ciudades internacionales, con retos y aspiraciones similares, que plantea el reto de tomar decisiones multilaterales en la, cada vez m\u00e1s, integrada interacci\u00f3n de ciudades en diversos pa\u00edses. &nbsp;Entre las tareas de mayor impacto en este eje, destacan la participaci\u00f3n de M\u00e9xico en la reuni\u00f3n de la Alianza Global de la Felicidad (Dubai, Emiratos \u00c1rabes Unidos, 10 al 12 de febrero de 2019); Adicionalmente la Subsecretaria Martha Delgado ha sido electa presidenta de la Asamblea de ONU-H\u00e1bitat para los pr\u00f3ximos cuatro a\u00f1os.<\/p>\n\n\n\n<p><strong><a href=\"https:\/\/martha.org.mx\/una-politica-con-causa\/category\/ssmh\/agenda-de-politica-exterior-multilateral\/desarrollo-sostenible-y-combate-al-cambio-climatico\/\">2.- Desarrollo sostenible y combate al cambio clim\u00e1tico. <\/a><\/strong><\/p>\n\n\n\n<p>El Gobierno de M\u00e9xico tiene un claro y firme compromiso con la Agenda 2030, la Agenda de Acci\u00f3n de Addis Abeba sobre financiaci\u00f3n al desarrollo y el Acuerdo de Par\u00eds, como el marco para promover una visi\u00f3n transformadora que coloca la igualdad y dignidad de las personas en el centro y llama a cambiar nuestro enfoque de desarrollo, respetando el medio ambiente.El combate decidido contra el calentamiento global y el cambio clim\u00e1tico, es una prioridad de la pol\u00edtica multilateral de esta administraci\u00f3n, mediante el fortalecimiento de la resiliencia comunitaria y el cumplimiento de compromisos internacionales. Bajo dichas premisas, M\u00e9xico particip\u00f3 en la 24\u00aa Conferencia de las Partes de la Convenci\u00f3n de Naciones Unidas contra el Cambio Clim\u00e1tico y el Foro Pol\u00edtico del Alto Nivel sobre el Desarrollo Sostenible de la ONU<\/p>\n\n\n\n<p><strong><a href=\"https:\/\/martha.org.mx\/una-politica-con-causa\/category\/ssmh\/agenda-de-politica-exterior-multilateral\/paz-sostenible\/\">3.- Paz sostenible. <\/a><\/strong><\/p>\n\n\n\n<p>Lo actual pol\u00edtica exterior multilateral ha decidido retomar el concepto de paz desde una visi\u00f3n preventiva de la violencia, a trav\u00e9s del impulso del desarrollo sostenible, respaldado por un contexto institucional s\u00f3lido y confiable. Bajo esa premisa, M\u00e9xico ha mantenido posturas internacionales a favor de la prevenci\u00f3n de conflictos; el enfoque de atenci\u00f3n a las causas del problema mundial de las drogas; y el combate al tr\u00e1fico de armas y la trata de personas, adem\u00e1s de reforzar su pol\u00edtica de desarme y la no proliferaci\u00f3n de armas nucleares. En particular, destaca la participaci\u00f3n de M\u00e9xico en Operaciones para el Mantenimiento de la Paz en Hait\u00ed, Sahara Occidental, Rep\u00fablica Centroafricana y Mal\u00ed; as\u00ed como su destacada participaci\u00f3n en la 62\u00aa Comisi\u00f3n de Estupefacientes de la ONU (14 al 22 de marzo de 2019); y en la 73\u00aa Asamblea General de Naciones Unidas.<\/p>\n\n\n\n<p><strong><a href=\"https:\/\/martha.org.mx\/una-politica-con-causa\/category\/ssmh\/agenda-de-politica-exterior-multilateral\/derechos-humanos-y-migracion\/\">4.- Migraci\u00f3n y Derechos Humanos<\/a> <\/strong><\/p>\n\n\n\n<p>Esta administraci\u00f3n reafirma su compromiso con los derechos humanos y las libertades. Aspiramos a lograr un M\u00e9xico justo, equitativo, tolerante, abierto al escrutinio internacional y socialmente inclusivo en el que se atiendan las necesidades de los m\u00e1s vulnerables, continuando con la premisa de que \u201cnadie se queda atr\u00e1s\u201d. Uno de los temas m\u00e1s relevantes para M\u00e9xico es la migraci\u00f3n. Nuestro pa\u00eds requiere ser participe de las decisiones multilaterales para el apoyo internacional para dar un trato digno a la poblaci\u00f3n migrante y sus familias. Por ello, el Gobierno de M\u00e9xico desde el primer d\u00eda de trabajo reafirm\u00f3 su compromiso en el Pacto de Marrakech y el Acuerdo Integral Para Centroam\u00e9rica que tiene un enfoque de atenci\u00f3n a las causas de la migraci\u00f3n y reconoce la positiva contribuci\u00f3n de los migrantes al crecimiento inclusivo y al desarrollo sostenible.<\/p>\n\n\n\n<p>En este sentido, la subsecretaria para Asuntos Multilaterales y Derechos Humanos Martha Delgado, present\u00f3 la plataforma de Seguimiento y Atenci\u00f3n de Recomendaciones Internacionales en materia de Derechos Humanos (<a href=\"https:\/\/seridh.sre.gob.mx\/publico\">SERIDH<\/a>). <\/p>\n\n\n\n<p>Esta plataforma constituye un importante paso hacia delante en el compromiso de nuestro pa\u00eds con la promoci\u00f3n y la defensa de los derechos humanos, adem\u00e1s de que refrenda nuestro compromiso con el multilateralismo y nuestra apertura al mundo.<\/p>\n\n\n\n<p><strong><a href=\"https:\/\/martha.org.mx\/una-politica-con-causa\/category\/ssmh\/agenda-de-politica-exterior-multilateral\/igualdad-de-genero-y-no-discriminacion\/\">5.- No Discriminaci\u00f3n y Equidad de G\u00e9nero<\/a><\/strong><\/p>\n\n\n\n<p>En l\u00ednea con las prioridades nacionales, la pol\u00edtica exterior multilateral debe contribuir al empoderamiento de las mujeres y ni\u00f1as; el combate a todas las formas de violencia de g\u00e9nero, de exclusi\u00f3n y discriminaci\u00f3n; as\u00ed como a fortalecer la atenci\u00f3n a las mujeres y ni\u00f1as, en especial a personas en situaci\u00f3n de vulnerabilidad, como las ind\u00edgenas, migrantes, y quienes viven con discapacidad. En ese contexto, se invit\u00f3 a la Directora Ejecutiva de ONU-Mujeres y a la Alta Representante de la Uni\u00f3n Europea para la Pol\u00edtica Exterior a llevar a cabo una visita a M\u00e9xico, en cuyo marco se lanz\u00f3 la Iniciativa <em>Spotlight<\/em>, para la protecci\u00f3n de mujeres y ni\u00f1as frente a todas las formas de violencia y discriminaci\u00f3n.<\/p>\n\n\n\n<p><strong><a href=\"https:\/\/martha.org.mx\/una-politica-con-causa\/category\/ssmh\/agenda-de-politica-exterior-multilateral\/proyeccion-global\/\">6.- Promoci\u00f3n Global <\/a>&nbsp;<\/strong><\/p>\n\n\n\n<p>En consistencia con el mandato presidencial de que la pol\u00edtica econ\u00f3mica forme parte de la pol\u00edtica exterior es importante orientar nuestra pol\u00edtica multilateral con la premisa de la natural integraci\u00f3n del sector privado local en el contexto internacional. Para eso hemos destacado una pol\u00edtica de promoci\u00f3n econ\u00f3mica a partir de tres componentes: promoci\u00f3n de M\u00e9xico en el exterior, atracci\u00f3n de inversi\u00f3n y fomento al comercio internacional. El reto fundamental es atraer inversi\u00f3n a sectores y proyectos claves para el desarrollo nacional, as\u00ed como insertar a los sectores productivos mexicanos en la arena comercial internacional. Como parte de esta pol\u00edtica M\u00e9xico ha participado en diversos foros econ\u00f3micos, como SPIEF y en ferias de promoci\u00f3n comercial. Adicionalmente se extingui\u00f3 el fideicomiso Pro M\u00e9xico para integrar sus componentes a la SRE, desde donde firmamos acuerdos con la SE para trabajar estrechamente con el sector privado.<\/p>\n\n\n\n<p><strong>7.<a href=\"https:\/\/martha.org.mx\/una-politica-con-causa\/category\/ssmh\/agenda-de-politica-exterior-multilateral\/innovacion-y-justicia-social\/\">&#8211; Innovaci\u00f3n y justicia<\/a><\/strong><\/p>\n\n\n\n<p>Actualmente vivimos procesos mediante &nbsp;los cuales la tecnolog\u00eda disrumpe en la sociedad, pero sobretodo&nbsp; en el modo en el que organizamos la creaci\u00f3n y la distribuci\u00f3n de la riqueza. Estos procesos pueden crear disparidades en t\u00e9rminos de quienes tienen acceso a aprovechar este tipo de tecnolog\u00edas.<\/p>\n\n\n\n<p>Ser\u00e1 parte de nuestra conversaci\u00f3n multilateral&nbsp; estas muy&nbsp; conscientes de los impactos de estos procesos y el&nbsp; desarrollo para prevenirlos y mitigarlos. &nbsp;Una &nbsp;naci\u00f3n implica mediar en qu\u00e9 tipo de desarrollo econ\u00f3mico tenemos y c\u00f3mo la tecnolog\u00eda &nbsp;se relaciona con la sociedad.<\/p>\n\n\n\n<p><strong>PERSPECTIVAS <\/strong>M\u00e9xico es un pa\u00eds convencido de la importancia del multilateralismo, como la mejor herramienta para encontrar respuestas comunes a los retos a la paz y la seguridad internacional. Por ello, ha elegido defenderlo no s\u00f3lo por principio, sino porque una gobernanza global eficaz y robusta, beneficia los intereses nacionales.Los ejes de la pol\u00edtica exterior multilateral se asumen como v\u00edas para alcanzar las prioridades nacionales que demanda el pueblo de M\u00e9xico. <strong><\/strong><\/p>\n\n\n\n<p>La meta fundamental de la presente administraci\u00f3n es traducir las pol\u00edticas globales en resultados positivos, acordes a las metas del Estado mexicano, proyectando la pol\u00edtica exterior y la cuarta transformaci\u00f3n de M\u00e9xico hacia el mundo.<\/p>\n\n\n\n<p>_____________________________________________________________________________<\/p>\n\n\n\n<p>El d\u00eda 8 de enero de 2009 se public\u00f3 en el Diario Oficial de la Federaci\u00f3n, el nuevo\u00a0<a rel=\"noreferrer noopener\" href=\"http:\/\/www.sre.gob.mx\/index.php\/cancilleria\/reglamento-interno\" target=\"_blank\">Reglamento Interior de la Secretar\u00eda de Relaciones Exteriores<\/a>, que entr\u00f3 en vigor el d\u00eda 9 de enero de ese mismo a\u00f1o, mismo que en sus art\u00edculos 5 y 30, contempla la creaci\u00f3n de la\u00a0<a href=\"https:\/\/dgvosc.sre.gob.mx\/\"><strong>Direcci\u00f3n General de Vinculaci\u00f3n con las Organizaciones de la Sociedad Civil<\/strong>.<\/a><\/p>\n\n\n\n<p>Como antecedente, cabe mencionar que el 29 de noviembre de 2007, por acuerdo de la Secretaria Patricia Espinosa Cantellano, la Unidad de Atenci\u00f3n a Organizaciones Sociales, pas\u00f3 a formar parte de la Subsecretar\u00eda para Asuntos Multilaterales y Derechos Humanos, como Oficina para la Vinculaci\u00f3n con las Organizaciones de la Sociedad Civil.<\/p>\n\n\n\n<p>De acuerdo con la normativa, en la Secretar\u00eda de Relaciones Exteriores se llevan a cabo los siguientes niveles de Participaci\u00f3n con la Sociedad Civil y que impulsa esta Subsecretar\u00eda:<\/p>\n\n\n\n<p><strong>Informaci\u00f3n<\/strong><br>Acciones dirigidas a compartir informaci\u00f3n respecto a la pol\u00edtica exterior y la agenda internacional, con el objeto de fortalecer procesos con actores participantes debidamente informados, a trav\u00e9s de procesos de difusi\u00f3n de informaci\u00f3n, invitaciones y convocatorias, sesiones informativas, programas de radio, conferencias, foros, seminarios cursos, talleres y diplomados, entre otros.<\/p>\n\n\n\n<p><strong>Di\u00e1logo<\/strong><br>Generaci\u00f3n de espacios institucionalizados para la discusi\u00f3n y an\u00e1lisis sobre temas de pol\u00edtica exterior. En el contexto internacional se analizan y apoyan iniciativas internacionales gubernamentales o no gubernamentales que promueven el di\u00e1logo, como reuniones de trabajo con representantes de organizaciones sociales, intercambios formales e informales con expertos y organizaciones, coloquios, foros, y videoconferencias, entre otros.<\/p>\n\n\n\n<p><strong>Consulta<\/strong><br>Parecer o dictamen que se realiza a invitaci\u00f3n de la Secretar\u00eda de Relaciones Exteriores por escrito o de palabra, relativos a temas de pol\u00edtica exterior o de los mecanismos internacionales en los que M\u00e9xico participa. Esto permite la contribuci\u00f3n directa de los especialistas y organizaciones que cuentan con experiencia en la materia en cuesti\u00f3n, como son las consultas puntuales, grupos de asesores, grupos de expertos, consejos, entre otros.<\/p>\n\n\n\n<p><strong>Participaci\u00f3n<\/strong><br>Participaci\u00f3n directa en las acciones de pol\u00edtica exterior y procesos internacionales intergubernamentales como son las acciones dirigidas a favorecer la participaci\u00f3n social en los procesos internacionales. Apertura de espacios de participaci\u00f3n en reuniones de alto nivel y\/o en delegaciones oficiales mexicanas.<\/p>\n\n\n\n<p><strong>An\u00e1lisis<\/strong><br>Llevar a cabo procesos de an\u00e1lisis conjuntos sobre los temas que ata\u00f1en o interesan al propio gobierno y a la Sociedad Civil, en busca de posiciones conjuntas o consensuadas, mismas que se ver\u00e1n fortalecidas en los foros internacionales al contar con el respaldo social.<\/p>\n\n\n\n<p>____________________________________________________________________________<\/p>\n\n\n\n<p>Esta ha sido la agenda impulsada durante 2019, pero para 2020 tambi\u00e9n se tienen grandes expectativas. <\/p>\n\n\n\n<p>Aqu\u00ed  est\u00e1 el documento que presentamos durante la XXXI Reuni\u00f3n de Embajadores y C\u00f3nsules en M\u00e9xico sobre las prioridades para este a\u00f1o en materia multilateral.<\/p>\n\n\n\n<figure class=\"wp-block-embed-issuu wp-block-embed is-type-rich is-provider-issuu\"><div class=\"wp-block-embed__wrapper\">\n<div data-url=\"https:\/\/issuu.com\/idealbas.sre\/docs\/pol.multi_1\" style=\"width: 1170px; height: 756px;\" class=\"issuuembed\"><\/div><script type=\"text\/javascript\" src=\"\/\/e.issuu.com\/embed.js\" async=\"true\"><\/script>\n<\/div><\/figure>\n\n\n\n<p>Tambi\u00e9n en la REC 2020, presentamos la nueva \u00e1rea que estar\u00e1 a cargo de la Subsecretar\u00eda para Asuntos Multilaterales y Derechos Humanos, esta \u00e1rea es la Direcci\u00f3n General de Impulso Econ\u00f3mico Global. Este fue el cuadernillo explicando un poco m\u00e1s al respecto.<\/p>\n\n\n\n<figure class=\"wp-block-embed-issuu wp-block-embed is-type-rich is-provider-issuu\"><div class=\"wp-block-embed__wrapper\">\n<div data-url=\"https:\/\/issuu.com\/idealbas.sre\/docs\/bookletdigitalsingle\" style=\"width: 1170px; height: 906px;\" class=\"issuuembed\"><\/div><script type=\"text\/javascript\" src=\"\/\/e.issuu.com\/embed.js\" async=\"true\"><\/script>\n<\/div><\/figure>\n\n\n\n<p>La Pol\u00edtica Exterior Feminista tambi\u00e9n fue presentada en la REC 2020, por instrucci\u00f3n del Canciller Marcelo Ebrard la PEF se ha trabajado colaborativamete con otros pa\u00edses, en este cuadernillo podr\u00e1n encontrar\u00e1n m\u00e1s informaci\u00f3n al respecto.<\/p>\n\n\n\n<figure class=\"wp-block-embed-issuu wp-block-embed is-type-rich is-provider-issuu\"><div class=\"wp-block-embed__wrapper\">\n<div data-url=\"https:\/\/issuu.com\/idealbas.sre\/docs\/feminismosingle\" style=\"width: 1170px; height: 757px;\" class=\"issuuembed\"><\/div><script type=\"text\/javascript\" src=\"\/\/e.issuu.com\/embed.js\" async=\"true\"><\/script>\n<\/div><\/figure>\n","protected":false},"excerpt":{"rendered":"<p>La comunidad internacional enfrenta un contexto de profundos cambios que demandan soluciones urgentes. El gobierno del Presidente Andr\u00e9s Manuel L\u00f3pez Obrador cuenta con el respaldo popular y con la responsabilidad de transformar a M\u00e9xico. Siguiendo este mandato, a trav\u00e9s de la pol\u00edtica exterior que el Canciller Marcelo Ebrard ha impulsado, hemos logrado hacer a M\u00e9xico&hellip;<\/p>\n<p class=\"more-link\"><a href=\"https:\/\/martha.org.mx\/una-politica-con-causa\/agenda-de-politica-exterior-multilateral-transformadora\/\" class=\"themebutton\">Read More<\/a><\/p>\n","protected":false},"author":1,"featured_media":0,"parent":0,"menu_order":0,"comment_status":"closed","ping_status":"closed","template":"","meta":{"om_disable_all_campaigns":false,"_monsterinsights_skip_tracking":false,"_monsterinsights_sitenote_active":false,"_monsterinsights_sitenote_note":"","_monsterinsights_sitenote_category":0,"footnotes":""},"class_list":["post-7352","page","type-page","status-publish","hentry"],"aioseo_notices":[],"_links":{"self":[{"href":"https:\/\/martha.org.mx\/una-politica-con-causa\/wp-json\/wp\/v2\/pages\/7352","targetHints":{"allow":["GET"]}}],"collection":[{"href":"https:\/\/martha.org.mx\/una-politica-con-causa\/wp-json\/wp\/v2\/pages"}],"about":[{"href":"https:\/\/martha.org.mx\/una-politica-con-causa\/wp-json\/wp\/v2\/types\/page"}],"author":[{"embeddable":true,"href":"https:\/\/martha.org.mx\/una-politica-con-causa\/wp-json\/wp\/v2\/users\/1"}],"replies":[{"embeddable":true,"href":"https:\/\/martha.org.mx\/una-politica-con-causa\/wp-json\/wp\/v2\/comments?post=7352"}],"version-history":[{"count":5,"href":"https:\/\/martha.org.mx\/una-politica-con-causa\/wp-json\/wp\/v2\/pages\/7352\/revisions"}],"predecessor-version":[{"id":11498,"href":"https:\/\/martha.org.mx\/una-politica-con-causa\/wp-json\/wp\/v2\/pages\/7352\/revisions\/11498"}],"wp:attachment":[{"href":"https:\/\/martha.org.mx\/una-politica-con-causa\/wp-json\/wp\/v2\/media?parent=7352"}],"curies":[{"name":"wp","href":"https:\/\/api.w.org\/{rel}","templated":true}]}}