{"id":4761,"date":"2019-07-03T19:05:35","date_gmt":"2019-07-03T19:05:35","guid":{"rendered":"http:\/\/martha.org.mx\/una-politica-con-causa\/?page_id=4761"},"modified":"2019-07-03T19:05:37","modified_gmt":"2019-07-03T19:05:37","slug":"fundacion-pensar","status":"publish","type":"page","link":"https:\/\/martha.org.mx\/una-politica-con-causa\/fundacion-pensar\/","title":{"rendered":"Fundaci\u00f3n Pensar"},"content":{"rendered":"\n<p>La Fundaci\u00f3n Pensar. Planeta, Pol\u00edtica, Persona, es una instituci\u00f3n dedicada a dos actividades fundamentales: una, es el desarrollo de una labor diplom\u00e1tica tendiente a establecer v\u00ednculos locales e internacionales entre gobiernos, sociedad civil y empresarios con el prop\u00f3sito de impulsar el crecimiento de sociedades sustentables y equitativas; por otro lado, la Fundaci\u00f3n es un espacio de creaci\u00f3n intelectual que investiga las interconexiones entre diferentes dominios del saber como el medio ambiente, la econom\u00eda, el psicoan\u00e1lisis, la sociolog\u00eda, la psiquiatr\u00eda, la pol\u00edtica, el arte, las neurociencias, y la cultura en general.<\/p>\n\n\n\n<p>La Fundaci\u00f3n Pensar tiene su sede matriz en la Ciudad de M\u00e9xico, y un cap\u00edtulo europeo con sede en Londres. La instituci\u00f3n fue creada en 2009. Es una instituci\u00f3n de actuaci\u00f3n internacional tanto por su cobertura geogr\u00e1fica como por la \u00edndole de los proyectos que desarrolla. Se rige por un Consejo en el que participan personalidades de diferentes disciplinas profesionales que se hacen cargo de las principales \u00e1reas de la Fundaci\u00f3n. La mayor\u00eda de los integrantes del Consejo cuenta con m\u00e1s de 20 a\u00f1os de experiencia profesional en cada una de sus \u00e1reas.<\/p>\n\n\n\n<p>En el a\u00f1o 2010 organiz\u00f3 la Cumbre Clim\u00e1tica Mundial de Alcaldes donde se firm\u00f3 el Pacto Clim\u00e1tico Global de Ciudades \u201cPacto de la Ciudad de M\u00e9xico\u201d (PCM) por alcaldes pertenecientes a los cinco continentes. Durante 2011 se encarg\u00f3 de dar seguimiento al PCM y elabor\u00f3 el Reporte con las acciones clim\u00e1ticas desarrolladas por las ciudades firmantes del Pacto. Actualmente y hasta 2015, funge como Secretariado Internacional del Pacto de la Ciudad de M\u00e9xico.<\/p>\n\n\n\n<p><a href=\"http:\/\/fundacionpensar.org.mx\/?p=1829\">Aqu\u00ed m\u00e1s informaci\u00f3n<\/a><\/p>\n\n\n<p><!--EndFragment--><br>\n<br>\n<\/p>","protected":false},"excerpt":{"rendered":"<p>La Fundaci\u00f3n Pensar. Planeta, Pol\u00edtica, Persona, es una instituci\u00f3n dedicada a dos actividades fundamentales: una, es el desarrollo de una labor diplom\u00e1tica tendiente a establecer v\u00ednculos locales e internacionales entre gobiernos, sociedad civil y empresarios con el prop\u00f3sito de impulsar el crecimiento de sociedades sustentables y equitativas; por otro lado, la Fundaci\u00f3n es un espacio&hellip;<\/p>\n<p class=\"more-link\"><a href=\"https:\/\/martha.org.mx\/una-politica-con-causa\/fundacion-pensar\/\" class=\"themebutton\">Read More<\/a><\/p>\n","protected":false},"author":1,"featured_media":0,"parent":0,"menu_order":0,"comment_status":"closed","ping_status":"closed","template":"","meta":{"om_disable_all_campaigns":false,"_monsterinsights_skip_tracking":false,"_monsterinsights_sitenote_active":false,"_monsterinsights_sitenote_note":"","_monsterinsights_sitenote_category":0,"footnotes":""},"class_list":["post-4761","page","type-page","status-publish","hentry"],"aioseo_notices":[],"_links":{"self":[{"href":"https:\/\/martha.org.mx\/una-politica-con-causa\/wp-json\/wp\/v2\/pages\/4761","targetHints":{"allow":["GET"]}}],"collection":[{"href":"https:\/\/martha.org.mx\/una-politica-con-causa\/wp-json\/wp\/v2\/pages"}],"about":[{"href":"https:\/\/martha.org.mx\/una-politica-con-causa\/wp-json\/wp\/v2\/types\/page"}],"author":[{"embeddable":true,"href":"https:\/\/martha.org.mx\/una-politica-con-causa\/wp-json\/wp\/v2\/users\/1"}],"replies":[{"embeddable":true,"href":"https:\/\/martha.org.mx\/una-politica-con-causa\/wp-json\/wp\/v2\/comments?post=4761"}],"version-history":[{"count":1,"href":"https:\/\/martha.org.mx\/una-politica-con-causa\/wp-json\/wp\/v2\/pages\/4761\/revisions"}],"predecessor-version":[{"id":4763,"href":"https:\/\/martha.org.mx\/una-politica-con-causa\/wp-json\/wp\/v2\/pages\/4761\/revisions\/4763"}],"wp:attachment":[{"href":"https:\/\/martha.org.mx\/una-politica-con-causa\/wp-json\/wp\/v2\/media?parent=4761"}],"curies":[{"name":"wp","href":"https:\/\/api.w.org\/{rel}","templated":true}]}}