{"id":4688,"date":"2019-06-28T22:50:57","date_gmt":"2019-06-28T22:50:57","guid":{"rendered":"http:\/\/martha.org.mx\/una-politica-con-causa\/?page_id=4688"},"modified":"2019-08-06T21:28:44","modified_gmt":"2019-08-06T21:28:44","slug":"aficiones","status":"publish","type":"page","link":"https:\/\/martha.org.mx\/una-politica-con-causa\/aficiones\/","title":{"rendered":"Aficiones"},"content":{"rendered":"\n<p>Tengo la fortuna de tener muchas aficiones que me proporcionan grandes satisfacciones. <\/p>\n\n\n\n<p>He grabado un disco de boleros; soy una cocinera empedernida; practico yoga y meditaci\u00f3n, y soy aprendiz de agricultura org\u00e1nica.<\/p>\n\n\n\n<p>Conoce sobre cada una de estas aficiones:<\/p>\n\n\n\n<p>Mi m\u00fasica, conoce el <a href=\"https:\/\/martha.org.mx\/una-politica-con-causa\/mi-musica\/\">disco que grab\u00e9<\/a> y algunas canciones que <a href=\"https:\/\/martha.org.mx\/una-politica-con-causa\/category\/aficiones\/mi-musica\/\">voy grabando poco a poco. <\/a> As\u00ed como la <a href=\"https:\/\/martha.org.mx\/una-politica-con-causa\/category\/musica\/\">m\u00fasica<\/a> que me gusta en general. <\/p>\n\n\n\n<figure class=\"wp-block-image size-large\"><img loading=\"lazy\" decoding=\"async\" width=\"640\" height=\"419\" src=\"https:\/\/martha.org.mx\/una-politica-con-causa\/wp-content\/uploads\/2019\/07\/cd-mdp-recta.jpg\" alt=\"\" class=\"wp-image-5096\" srcset=\"https:\/\/martha.org.mx\/una-politica-con-causa\/wp-content\/uploads\/2019\/07\/cd-mdp-recta.jpg 640w, https:\/\/martha.org.mx\/una-politica-con-causa\/wp-content\/uploads\/2019\/07\/cd-mdp-recta-300x196.jpg 300w\" sizes=\"auto, (max-width: 640px) 100vw, 640px\" \/><\/figure>\n\n\n\n<p>Sobre <a href=\"https:\/\/martha.org.mx\/una-politica-con-causa\/category\/gastronomia\/\">Gastronom\u00eda <\/a>puedes conocer mis restaurantes, recetas o chefs favoritos. <\/p>\n\n\n\n<p>Adem\u00e1s, te comparto lo que me gusta del <a href=\"https:\/\/martha.org.mx\/una-politica-con-causa\/category\/cine\/\">cine<\/a>, el <a href=\"https:\/\/martha.org.mx\/una-politica-con-causa\/category\/arte\/\">arte <\/a>en general, sobre algunos <a href=\"https:\/\/martha.org.mx\/una-politica-con-causa\/category\/viajes\/\">viajes <\/a>personales y algunos tips sobre <a href=\"https:\/\/martha.org.mx\/una-politica-con-causa\/category\/vida-sana\/\">vida sana<\/a>. <br><\/p>\n","protected":false},"excerpt":{"rendered":"<p>Tengo la fortuna de tener muchas aficiones que me proporcionan grandes satisfacciones. He grabado un disco de boleros; soy una cocinera empedernida; practico yoga y meditaci\u00f3n, y soy aprendiz de agricultura org\u00e1nica. Conoce sobre cada una de estas aficiones: Mi m\u00fasica, conoce el disco que grab\u00e9 y algunas canciones que voy grabando poco a poco.&hellip;<\/p>\n<p class=\"more-link\"><a href=\"https:\/\/martha.org.mx\/una-politica-con-causa\/aficiones\/\" class=\"themebutton\">Read More<\/a><\/p>\n","protected":false},"author":1,"featured_media":0,"parent":0,"menu_order":0,"comment_status":"closed","ping_status":"closed","template":"","meta":{"om_disable_all_campaigns":false,"_monsterinsights_skip_tracking":false,"_monsterinsights_sitenote_active":false,"_monsterinsights_sitenote_note":"","_monsterinsights_sitenote_category":0,"footnotes":""},"class_list":["post-4688","page","type-page","status-publish","hentry"],"aioseo_notices":[],"_links":{"self":[{"href":"https:\/\/martha.org.mx\/una-politica-con-causa\/wp-json\/wp\/v2\/pages\/4688","targetHints":{"allow":["GET"]}}],"collection":[{"href":"https:\/\/martha.org.mx\/una-politica-con-causa\/wp-json\/wp\/v2\/pages"}],"about":[{"href":"https:\/\/martha.org.mx\/una-politica-con-causa\/wp-json\/wp\/v2\/types\/page"}],"author":[{"embeddable":true,"href":"https:\/\/martha.org.mx\/una-politica-con-causa\/wp-json\/wp\/v2\/users\/1"}],"replies":[{"embeddable":true,"href":"https:\/\/martha.org.mx\/una-politica-con-causa\/wp-json\/wp\/v2\/comments?post=4688"}],"version-history":[{"count":4,"href":"https:\/\/martha.org.mx\/una-politica-con-causa\/wp-json\/wp\/v2\/pages\/4688\/revisions"}],"predecessor-version":[{"id":5721,"href":"https:\/\/martha.org.mx\/una-politica-con-causa\/wp-json\/wp\/v2\/pages\/4688\/revisions\/5721"}],"wp:attachment":[{"href":"https:\/\/martha.org.mx\/una-politica-con-causa\/wp-json\/wp\/v2\/media?parent=4688"}],"curies":[{"name":"wp","href":"https:\/\/api.w.org\/{rel}","templated":true}]}}