{"id":4686,"date":"2019-06-28T22:50:04","date_gmt":"2019-06-28T22:50:04","guid":{"rendered":"http:\/\/martha.org.mx\/una-politica-con-causa\/?page_id=4686"},"modified":"2024-05-30T19:23:45","modified_gmt":"2024-05-30T19:23:45","slug":"trayectoria","status":"publish","type":"page","link":"https:\/\/martha.org.mx\/una-politica-con-causa\/trayectoria\/","title":{"rendered":"Trayectoria"},"content":{"rendered":"\n<p>Mi vocaci\u00f3n es la defensa del medio ambiente, y desde todas las posiciones que he tenido oportunidad de ejercer el ambientalismo ha sido mi causa principal. Tengo m\u00e1s de 30 a\u00f1os de trabajo ininterrumpido en el sector ambiental, que incluyen el activismo en grupos de la sociedad civil organizada, cargos gubernamentales, representaci\u00f3n legislativa, diplomacia, y consultor\u00eda privada.<\/p>\n\n\n\n<p>1992-1998: Administraci\u00f3n P\u00fablica Federal. Instituto Nacional de Ecolog\u00eda.<\/p>\n\n\n\n<p>1998-2003: Presidenta de la Uni\u00f3n de Grupos Ambientalistas de M\u00e9xico IAP y de Presencia Ciudadana Mexicana, A.C.<\/p>\n\n\n\n<p>2003-2006: <a href=\"https:\/\/martha.org.mx\/una-politica-con-causa\/diputada-en-la-aldf\/\" title=\"\">Diputada Independiente en la III Legislatura de la Asamblea Legislativa del Distrito Federal.<\/a><\/p>\n\n\n\n<p>2006-2012: <a href=\"https:\/\/martha.org.mx\/una-politica-con-causa\/secretaria-del-medio-ambiente-del-gdf\/\" title=\"\">Secretaria del Medio Ambiente en el Gobierno de la Ciudad de M\u00e9xico.<\/a><\/p>\n\n\n\n<p>2012-2018: Maestr\u00eda en Sustentabilidad en la Universidad de Harvard y consultor\u00eda privada.<\/p>\n\n\n\n<p>2018-2023: <a href=\"https:\/\/martha.org.mx\/una-politica-con-causa\/about\/\" title=\"\">Subsecretaria para Asuntos Multilaterales y Derechos Humanos en la Secretar\u00eda de Relaciones Exteriores.<\/a><\/p>\n\n\n\n<p><a href=\"https:\/\/martha.org.mx\/una-politica-con-causa\/apco\/\" title=\"\">2024- Presidenta de APCO para M\u00e9xico y Am\u00e9rica Latina.<\/a><\/p>\n\n\n\n<p><strong>\u00bfC\u00f3mo empec\u00e9?<\/strong><\/p>\n\n\n\n<p>Soy Licenciada en Pedagog\u00eda por la Universidad Intercontinental, y egresada del Programa de Estudios Avanzados en Desarrollo Sustentable y Medio Ambiente LEAD de El Colegio de M\u00e9xico. Tambi\u00e9n, estudi\u00e9 una maestr\u00eda en Sustentabilidad por la Universidad de Harvard.<\/p>\n\n\n\n<p>En la Administraci\u00f3n P\u00fablica Federal fung\u00ed como asesora de la Presidencia del Instituto Nacional de Ecolog\u00eda de 1993 a 1998, a cargo del proceso de descentralizaci\u00f3n de la gesti\u00f3n ambiental, y posteriormente particip\u00e9 en la gesti\u00f3n social de nuevos decretos de \u00c1reas Naturales Protegidas. Durante esta encomienda logramos iniciar una importante etapa de capacitaci\u00f3n de autoridades ambientales a nivel subnacional, as\u00ed como la protecci\u00f3n legal de importantes ecosistemas albergados en M\u00e9xico, uno de los 5 pa\u00edses m\u00e1s biodiversos del mundo.<\/p>\n\n\n\n<p>Entre 1998 y 2003 tuve la oportunidad de presidir las organizaciones Presencia Ciudadana Mexicana A.C., una de las principales asociaciones de participaci\u00f3n ciudadana y observaci\u00f3n electoral en M\u00e9xico, y la Uni\u00f3n de Grupos Ambientalistas IAP que congrega a un centenar de organizaciones ecologistas de todo el pa\u00eds. En Presencia Ciudadana trabajamos para promover la cultura democr\u00e1tica, al defensa de los derechos humanos y la protecci\u00f3n del medio ambientel. En el a\u00f1o 1994 la ONU nos capacit\u00f3 para desplegar 1500 observadores electorales, haciendo uno de los pocos conteos r\u00e1pidos ciudadanos de la elecci\u00f3n Presidencial del a\u00f1o 2000. Esta actividad se convirti\u00f3 en el expertise de la organizaci\u00f3n en 3 elecciones presidenciales y dos gubernaturas.<\/p>\n\n\n\n<p>Encabec\u00e9 la Uni\u00f3n de Grupos Ambientalistas de M\u00e9xico, una coalici\u00f3n de 100 organizaciones ambientaistas uno de cuyos logros principales fue la participaci\u00f3n en una campa\u00f1a internacional para detener la construcci\u00f3n de la salinera m\u00e1s grande del mundo en Baja California, en la Laguna de San Ignacio, el lugar en donde nacen las ballenas grises, una especie amenazada y en peligro de extinci\u00f3n.<\/p>\n\n\n\n<p>Como Diputada Independiente de 2003 a 2006 tuve el honor de establecer y presidir la Comisi\u00f3n Especial para la Gesti\u00f3n Integral del Agua.<\/p>\n\n\n\n<p>Fui Secretaria del Medio Ambiente del entonces Gobierno del Distrito Federal de 2006 a 2012, en donde dimos vida a importantes programas ambientales que le dieron a la Ciudad de M\u00e9xico un liderazgo mundial: el Plan Verde de la Ciudad de M\u00e9xico; el Plan de Acci\u00f3n Clim\u00e1tica (el primero a nivel local en Am\u00e9rica Latina); y la implementaci\u00f3n del primer sistema de bicicletas p\u00fablicas del continente americano, ECOBICI, que ha permitido la realizaci\u00f3n de m\u00e1s de 30 millones de viajes en bicicleta p\u00fablica.<\/p>\n\n\n\n<p>Durante mi gesti\u00f3n, la Ciudad de M\u00e9xico recibi\u00f3 11 premios nacionales e internacionales en materia ambiental y de pol\u00edtica p\u00fablica. Algunos de los proyectos que m\u00e1s me enorgullecen son la restauraci\u00f3n del C\u00e1rcamo de Dolores y del Mural de Diego Rivera \u201cEl Agua Origen de la Vida\u201d en Chapultepec, el Parque Urbano m\u00e1s antiguo del continente; el rescate del R\u00edo Magdalena, el \u00faltimo r\u00edo vivo de la Ciudad de M\u00e9xico.<\/p>\n\n\n\n<p>Otros proyectos que transformaron la calidad de vida en la Ciudad son el Mercado de Trueque, en donde ahora se intercambian hortalizas org\u00e1nicas por residuos s\u00f3lidos separados cada domingo \u00faltimo de mes, y que en 2015 la Organizaci\u00f3n Shamengo valor\u00f3 como uno de las 1000 Ideas Pioneras del Nuevo Mundo por su aportaci\u00f3n a la sustentabilidad urbana y a la econom\u00eda circular; el primer paseo dominical \u201cMu\u00e9vete en Bici\u201d de M\u00e9xico, en el que cada domingo todas las familias pueden convivir sobre ruedas en la principal avenida de la capital; el Programa Reverdece tu Ciudad, que recuper\u00f3 1000 espacios p\u00fablicos plantando un mill\u00f3n de \u00e1rboles en la zona urbana de la ciudad; entre otros programas exitosos.<\/p>\n\n\n\n<p>Entre 2012 y 2018 tuve la oportunidad de estudiar la Maestr\u00eda en Sustentabilidad en la Universidad de Harvard, y establecer una empresa de consultor\u00eda privada en materia ambiental. Asimismo, fui Vicepresidenta de Pronatura M\u00e9xico, una importante organizaci\u00f3n conservacionista.<\/p>\n\n\n\n<p>De 2018 a 2023 tuve el honor de ser invitada por el Canciller de M\u00e9xico Marcelo Ebrard, ex Jefe de Gobierno del Distrito Federal, para fungir como Subsecretaria para Asuntos Multilaterales y Derechos Humanos de la Secretar\u00eda de Relaciones Exteriores de M\u00e9xico. En este periodo, marcado por la pandemia, logramos el flujo de insumos m\u00e9dicos y vacunas contra la COVID-19, el establecimiento del puente a\u00e9reo humanitario con China, y la misi\u00f3n humanitaria durante la crisis en Afganist\u00e1n que permiti\u00f3 el rescate y asilo del equipo de rob\u00f3tica Afghan Dreamers, y fundar la oficina de promoci\u00f3n econ\u00f3mica en el exterior de la canciller\u00eda, que atrajo m\u00e1s de 9 mil millones de pesos de inversi\u00f3n al pa\u00eds, aterrizando importantes proyectos como la expansi\u00f3n de la planta de BMW a San Luis Potos\u00ed y el aterrizaje de la planta de Tesla en Nuevo Le\u00f3n. Asimismo, fui responsable de la instalaci\u00f3n y operaci\u00f3n del Pabell\u00f3n de M\u00e9xico en la Expo Dubai 2020, que gan\u00f3 el reconocimiento al mejor dise\u00f1o interior de su categor\u00eda recibiendo un trofeo de oro para M\u00e9xico.<\/p>\n\n\n\n<p><strong>Participaciones internacionales especiales<\/strong><\/p>\n\n\n\n<p>En el \u00e1mbito internacional fui Gobernadora Alterna del Consejo Mundial del Agua, as\u00ed como Presidenta de la RED de Autoridades para la Gesti\u00f3n Ambiental en Ciudades de Am\u00e9rica Latina y el Caribe de 2009 a 2010. Entre 2009 y 2014 fung\u00ed como Vicepresidenta de ICLEI \u2013 Gobiernos Locales por la Sustentabilidad, un organismo internacional integrado por m\u00e1s de mil quinientas ciudades de todo el mundo.<\/p>\n\n\n\n<p>Fu\u00ed miembro del Comit\u00e9 Global Asesor del Earth Day Network y del jurado del Earth Hour City Challenge de la World Wildlife Fund. Dentro de la Organizaci\u00f3n de las Naciones Unidas, y tambi\u00e9n form\u00e9 parte del Grupo Tem\u00e1tico sobre Ciudades Sustentables de la Red de Soluciones para el Desarrollo Sostenible de la ONU; as\u00ed como del Comit\u00e9 Asesor de Expertos en Agua y Asentamientos Humanos de la UNESCO. Adicionalmente fung\u00ed como miembro del Consejo Asesor de la iniciativa Momentum for Change que apoya al Secretariado Internacional de la Convenci\u00f3n Marco de las Naciones Unidas sobre Cambio Clim\u00e1tico a seleccionar anualmente 15 acciones efectivas para combatir el calentamiento global.<\/p>\n\n\n\n<p>Durante mi tr\u00e1nsito por la Secretar\u00eda de Relaciones Exteriores tuve el privilegio de ser electa como la primer Presidenta de la Asamblea Mundial de la ONU-H\u00e1bitat, y ser Sherpa del Presidente de M\u00e9xico ante el Panel de Alto Nivel para una Econom\u00eda Oce\u00e1nica Sostenible. Asimismo, form\u00e9 parte del Consejo del Centro Internacional para el Mejoramiento del Ma\u00edz y el Trigo, y del World Business Angels Investment Forum<\/p>\n\n\n\n<p>He colaborado como columnista en el peri\u00f3dico Reforma y La Silla Rota, y he publicado m\u00e1s de 50 art\u00edculos sobre medio ambiente en diferentes revistas y libros. Actualmente escribo en La Cr\u00f3nica de Hoy.<\/p>\n\n\n\n<p><strong>Vida Personal<\/strong><\/p>\n\n\n\n<p>En mi vida privada, Gabriel mi esposo y yo hemos consolidado un matrimonio de tres d\u00e9cadas con una hermosa hija de 23 a\u00f1os que es mi orgullo y alegr\u00eda. Soy una apasionada cocinera y me encanta preparar recetas tradicionales de todo el mundo; empec\u00e9 a aprender horticultura urbana a trav\u00e9s de la agricultura biodin\u00e1mica y logr\u00e9 desarrollar mi propio huerto org\u00e1nico en casa. Practico yoga y meditaci\u00f3n, adem\u00e1s de que el ciclismo, el eski y el buceo son mis grandes pasiones. Amo la m\u00fasica y el canto, por lo que en el a\u00f1o 2016 grab\u00e9 mi primer disco de boleros tradicionales, \u201cLuna de Miel\u201d, que puedes encontrar en Spotify. Posteriormente he tenido el privilegio de grabar dos sencillos con el gran compositor Carlos Mac\u00edas y con La Sonora Santanera.<\/p>\n\n\n\n<p><strong>Trayectoria Acad\u00e9mica:<\/strong><\/p>\n\n\n\n<ul class=\"wp-block-list\">\n<li>Licenciada en Pedagog\u00eda. Universidad Intercontinental. Como profesional de la pedagog\u00eda he trabajado espec\u00edficamente en las \u00e1reas de educaci\u00f3n ambiental y educaci\u00f3n c\u00edvica.<\/li>\n\n\n\n<li>Conferencista sobre el tema ambiental a nivel nacional e internacional en diferentes espacios ciudadanos y acad\u00e9micos.<\/li>\n\n\n\n<li>Programa de Estudios Avanzados en Desarrollo Sustentable y Medio Ambiente (LEAD) de El Colegio de M\u00e9xico (2004)<\/li>\n\n\n\n<li>Maestr\u00eda en Artes Liberales en el campo de la Sustentabilidad por la Universidad de Harvard (2019).<\/li>\n\n\n\n<li>Idiomas: ingl\u00e9s y espa\u00f1ol (nativo). Estudiante de lengua n\u00e1huatl y de mandar\u00edn.<\/li>\n<\/ul>\n\n\n\n<p><strong>Diplomados<\/strong><\/p>\n\n\n\n<ul class=\"wp-block-list\">\n<li>Diplomado en Gesti\u00f3n y An\u00e1lisis de Pol\u00edticas Ambientales; Instituto Nacional de Administraci\u00f3n P\u00fablica (1994)<\/li>\n\n\n\n<li>Diplomado en Procuraci\u00f3n de Fondos y Desarrollo Institucional para Organizaciones No Lucrativas. Procura, A.C. y The Fund Raising School of the University of Indiana (1996).<\/li>\n\n\n\n<li>Diplomado El fen\u00f3meno metropolitano: estrategias, instrumentos y alternativas de gesti\u00f3n del Programa Universitario de Estudios sobre la Ciudad de la Universidad Nacional Aut\u00f3noma de M\u00e9xico (2005).<\/li>\n<\/ul>\n\n\n\n<p><strong>Principales conferencias internacionales en las que he participado:<\/strong><\/p>\n\n\n\n<ul class=\"wp-block-list\">\n<li>Conferencia de las Naciones Unidas sobre la Mujer, en Beijing, China, 1995.<\/li>\n\n\n\n<li>Tercera Conferencia de las Partes de la ONU sobre Biodiversidad, en Buenos Aires, Argentina, 1996.<\/li>\n\n\n\n<li>Reuni\u00f3n internacional \u201cConstruyendo la Democracia Mundial\u201d, Nueva Delhi, India, 1999.<\/li>\n\n\n\n<li>COP5 sobre Cambio Clim\u00e1tico de la ONU, en Bonn, Alemania, 1999.<\/li>\n\n\n\n<li>Forum of Federations, Mont Tremblant, Quebec, Canad\u00e1, 1999.<\/li>\n\n\n\n<li>Representante de la sociedad civil y delegada mexicana en la IV Conferencia Preparatoria de las Naciones Unidas rumbo a la Cumbre Mundial para el Desarrollo Sustentable, en Bali, Indonesia, 2002.<\/li>\n\n\n\n<li>Cumbre Mundial sobre el Desarrollo Sostenible de la ONU en Johannesburgo, Sud\u00e1frica, 2002.<\/li>\n\n\n\n<li>Particip\u00f3 en el Seminario Internacional sobre Movilidad Urbana en Bogot\u00e1, Colombia, 2003.<\/li>\n\n\n\n<li>Particip\u00f3 en la Sesi\u00f3n Regional del Programa de Estudios Avanzados en Desarrollo Sostenible y Medio Ambiente \u201cRetos de la Gobernabilidad Socioambiental\u201d realizada en Brasilia, Brasil, 2003.<\/li>\n\n\n\n<li>Sesi\u00f3n Regional del Programa de Estudios Avanzados en Desarrollo Sostenible y Medio Ambiente \u201cEcoturismo y conservaci\u00f3n: el caso del sistema arrecifal mesoamericano\u201d realizada en Belice y Honduras, 2004.<\/li>\n\n\n\n<li>Sesi\u00f3n Regional del Programa de Estudios Avanzados en Desarrollo Sostenible y Medio Ambiente \u201cAgricultura sustentable en las econom\u00edas alimentarias globalizadas\u201d realizada en Kent, Inglaterra, 2004.<\/li>\n\n\n\n<li>Testigo de honor a la firma de la Declaratoria Europea por una Nueva Cultura del Agua, Madrid, Espa\u00f1a, 2005.<\/li>\n\n\n\n<li>Coorganizadora del I Encuentro Latinoamericano por una Nueva Cultura del Agua en Fortaleza, Brasil, 2005.<\/li>\n\n\n\n<li>Cuarto Foro Mundial del Agua, Ciudad de M\u00e9xico, 2006.<\/li>\n\n\n\n<li>Reuni\u00f3n de presentaci\u00f3n de los principales Planes Verdes del Mundo Bioneers. San Francisco, EU, 2007.<\/li>\n\n\n\n<li>Foro de Alcaldes sobre Desarrollo Urbano Sustentable, Tianjin, China, 2007.<\/li>\n\n\n\n<li>Seminario sobre Financiamiento para la Sustentabilidad Urbana en el Banco Mundial, Washington, EU, 2008.<\/li>\n\n\n\n<li>Quinto Foro Mundial del Agua, en Estambul, Turqu\u00eda, 2009.<\/li>\n\n\n\n<li>Reuni\u00f3n Mundial del C40, en Se\u00fal, Corea, 2009.<\/li>\n\n\n\n<li>COP15 sobre Cambio Clim\u00e1tico de la ONU. Copenhagen, Dinamarca, 2009.<\/li>\n\n\n\n<li>ICLEI World Congress en Edmonton, Canad\u00e1, 2009<\/li>\n\n\n\n<li>Convenci\u00f3n Anual sobre Desarrollo Sostenible de las Naciones Unidas, Nueva York, EU, 2010.<\/li>\n\n\n\n<li>COP16 sobre Cambio Clim\u00e1tico de la ONU en Canc\u00fan M\u00e9xico, 2010.<\/li>\n\n\n\n<li>Quinto Foro Mundial Urbano ONU Habitat, R\u00edo de Janeiro, Brasil, 2010.<\/li>\n\n\n\n<li>20 Aniversario de ICLEI. Incheon, Corea, 2010.<\/li>\n\n\n\n<li>Firma del Acuerdo para la Cooperaci\u00f3n en materia de sustentabilidad Urbana. Roma, Italia, 2011.<\/li>\n\n\n\n<li>Congreso Resilient Cities 2011. Bonn, Alemania, 2011.<\/li>\n\n\n\n<li>Reuni\u00f3n Anual de la Asociaci\u00f3n Empresarial para Am\u00e9rica Latina. Hamburgo, Alemania, 2011.<\/li>\n\n\n\n<li>Zero Emissions Konference, Oslo, Noruega, 2011.<\/li>\n\n\n\n<li>Diecisieteava Conferencia de las Partes de la ONU sobre Cambio Clim\u00e1tico, Durban, Sud\u00e1frica, en 2011.<\/li>\n\n\n\n<li>Simposio sobre Desarrollo Sustentable del PNUD. Sao Paulo, Brasil, 2012.<\/li>\n\n\n\n<li>Congreso Mundial de ICLEI. Belo Horizonte, Brasil, 2012.<\/li>\n\n\n\n<li>Presentaci\u00f3n de la Exposici\u00f3n Global \u201cBiodiversidad en Ciudades, Ciudades L\u00edderes en Conservaci\u00f3n de la Biodiversidad\u201d, Und\u00e9cima Reuni\u00f3n de la COP sobre Biodiversidad en Hyderabad, India, 2012.<\/li>\n\n\n\n<li>Reuni\u00f3n del Comit\u00e9 Ejecutivo de ICLEI. Se\u00fal, Corea, 2012.<\/li>\n\n\n\n<li>Cumbre sobre Ciudades y Cambio Clim\u00e1tico, Bogot\u00e1, Colombia, 2012.<\/li>\n\n\n\n<li>Ceremonia de Premiaci\u00f3n del Earth Hour City Challenge de WWF. M\u00e4lmo, Suecia, 2013.<\/li>\n\n\n\n<li>Conferencia sobre Calidad del Aire en la Ciudad de M\u00e9xico. Green Week 2013.<\/li>\n\n\n\n<li>Ciudad de M\u00e9xico., 2013.<\/li>\n\n\n\n<li>Ecocities World Summit 2013. Nantes, Francia, 2013.<\/li>\n\n\n\n<li>Conferencia en Globe 2014. Vancouver, Canad\u00e1, 2014.<\/li>\n\n\n\n<li>World Summit for Regions R20. Paris, Francia, 2014.<\/li>\n\n\n\n<li>Women for Climate Tribune. Skhirat, Marruecos, 2015.<\/li>\n\n\n\n<li>Foro de Ciudades CELAC \u2013 Uni\u00f3n Europea. Bruselas, B\u00e9lgica, 2015.<\/li>\n\n\n\n<li>World Water Week. Singapur, 2016.<\/li>\n\n\n\n<li>Global Climate Action Summit, San Francisco, CA, EU, 2018.<\/li>\n\n\n\n<li>Paris Motor Show. Paris, Francia, 2018.<\/li>\n\n\n\n<li>Paris Peace Forum. Paris, Francia, 2018.<\/li>\n\n\n\n<li>Cumbre Mundial de Migraciones, Marrakech, Marruecos, 2018.<\/li>\n\n\n\n<li>World Government Summit, febrero 2019<\/li>\n\n\n\n<li>40 Sesi\u00f3n del Consejo de Derechos Humanos de la ONU, Ginebra, Suiza, febrero 2019.<\/li>\n\n\n\n<li>II Conferencia de Alto Nivel de las Naciones Unidas sobre la Cooperaci\u00f3n Sur-Sur, Argentina. Marzo, 2019<\/li>\n\n\n\n<li>Evento de Alto Nivel sobre Clima y Desarrollo Sostenible para Todas y Todos, NY, Marzo 2019<\/li>\n\n\n\n<li>Mecanismo Bilateral de Consultas en Temas Multilaterales \u2013 Sustentaci\u00f3n CAT, Suiza. Abril 2019<\/li>\n\n\n\n<li>Asamblea General ONU-H\u00e1bitat, Nairobi. Mayo 2019<\/li>\n\n\n\n<li>Foro Econ\u00f3mico de San Petersburgo, San Petersburgo, Rusia. Junio 2019<\/li>\n\n\n\n<li>G20 Ministerial Transici\u00f3n Energ\u00e9tica y Crecimiento Ambiental, Global Sustentable, Jap\u00f3n. Junio 2019<\/li>\n\n\n\n<li>Segmento de Alto Nivel del Foro Pol\u00edtico de Alto Nivel sobre el Desarrollo Sostenible, NY, Julio 2019<\/li>\n\n\n\n<li>W32 Reuni\u00f3n Bilateral con Global Fund \/ Sustentaci\u00f3n CERD, Ginebra. Agosto 2019<\/li>\n\n\n\n<li>5ta Reuni\u00f3n de SHERPAS, Amsterdam. Agosto 2019<\/li>\n\n\n\n<li>74 AGONU, NY. Septiembre 2019<\/li>\n\n\n\n<li>Develaci\u00f3n de \u201cAlas de M\u00e9xico\u201d Amsterdam. Septiembre 2019<\/li>\n\n\n\n<li>Sustentaci\u00f3n de Informes Comit\u00e9 de Derechos Humanos CCPR, Ginebra. Octubre 2019<\/li>\n\n\n\n<li>Our Ocean Conference, Oslo. Octubre 2019<\/li>\n\n\n\n<li>Foro de Par\u00eds para la Paz, Par\u00eds, Francia. Noviembre 2019<\/li>\n\n\n\n<li>Conferencia OIEA, Viena. Diciembre 2019<\/li>\n\n\n\n<li>COP 25 sobre Cambio Clim\u00e1tico de la ONU, Madrid. Diciembre 2019<\/li>\n\n\n\n<li>Doha Forum, Qatar. Diciembre 2019<\/li>\n\n\n\n<li>Conferencia Regional Sobre la Mujer de Am\u00e9rica Latina y el Caribe, Chile. Ene, 2020<\/li>\n\n\n\n<li>World Urban Forum, Abu Dhabi. Feb 2020<\/li>\n\n\n\n<li>Foro Anual World Business Angels Investment Forum, Estambul. Febrero 2020<\/li>\n\n\n\n<li>Asamblea General de la ONU, septiembre 2021.<\/li>\n\n\n\n<li>84 Sesi\u00f3n del Comit\u00e9 para la Eliminaci\u00f3n de la Discriminaci\u00f3n contra la Mujer, Nueva York, marzo 2021<\/li>\n\n\n\n<li>COP26 sobre Cambio Clim\u00e1tico de la ONU, Glasgow, Escocia, 2021<\/li>\n\n\n\n<li>Expo Dubai 2020, Dubai, octubre 2021-marzo 2022<\/li>\n\n\n\n<li>Asamblea General de la ONU, septiembre 2022.<\/li>\n\n\n\n<li>COP27 sobre Cambio Clim\u00e1tico de la ONU, Sharm-el-Sheikh, Egipto, 2022.<\/li>\n\n\n\n<li>COP28 sobre Cambio Clim\u00e1tico de la ONU, Dubai, 2023.<\/li>\n\n\n\n<li>87 Sesi\u00f3n del Comit\u00e9 para la Eliminaci\u00f3n de la Discriminaci\u00f3n contra la Mujer, Nueva York, febrero 2024.<\/li>\n\n\n\n<li>Arabian Travel Market (ATM). Dubai, 2024.<\/li>\n<\/ul>\n","protected":false},"excerpt":{"rendered":"<p>Mi vocaci\u00f3n es la defensa del medio ambiente, y desde todas las posiciones que he tenido oportunidad de ejercer el ambientalismo ha sido mi causa principal. Tengo m\u00e1s de 30 a\u00f1os de trabajo ininterrumpido en el sector ambiental, que incluyen el activismo en grupos de la sociedad civil organizada, cargos gubernamentales, representaci\u00f3n legislativa, diplomacia, y&hellip;<\/p>\n<p class=\"more-link\"><a href=\"https:\/\/martha.org.mx\/una-politica-con-causa\/trayectoria\/\" class=\"themebutton\">Read More<\/a><\/p>\n","protected":false},"author":1,"featured_media":14300,"parent":0,"menu_order":0,"comment_status":"closed","ping_status":"closed","template":"","meta":{"om_disable_all_campaigns":false,"_monsterinsights_skip_tracking":false,"_monsterinsights_sitenote_active":false,"_monsterinsights_sitenote_note":"","_monsterinsights_sitenote_category":0,"footnotes":""},"class_list":["post-4686","page","type-page","status-publish","has-post-thumbnail","hentry"],"aioseo_notices":[],"_links":{"self":[{"href":"https:\/\/martha.org.mx\/una-politica-con-causa\/wp-json\/wp\/v2\/pages\/4686","targetHints":{"allow":["GET"]}}],"collection":[{"href":"https:\/\/martha.org.mx\/una-politica-con-causa\/wp-json\/wp\/v2\/pages"}],"about":[{"href":"https:\/\/martha.org.mx\/una-politica-con-causa\/wp-json\/wp\/v2\/types\/page"}],"author":[{"embeddable":true,"href":"https:\/\/martha.org.mx\/una-politica-con-causa\/wp-json\/wp\/v2\/users\/1"}],"replies":[{"embeddable":true,"href":"https:\/\/martha.org.mx\/una-politica-con-causa\/wp-json\/wp\/v2\/comments?post=4686"}],"version-history":[{"count":5,"href":"https:\/\/martha.org.mx\/una-politica-con-causa\/wp-json\/wp\/v2\/pages\/4686\/revisions"}],"predecessor-version":[{"id":14312,"href":"https:\/\/martha.org.mx\/una-politica-con-causa\/wp-json\/wp\/v2\/pages\/4686\/revisions\/14312"}],"wp:featuredmedia":[{"embeddable":true,"href":"https:\/\/martha.org.mx\/una-politica-con-causa\/wp-json\/wp\/v2\/media\/14300"}],"wp:attachment":[{"href":"https:\/\/martha.org.mx\/una-politica-con-causa\/wp-json\/wp\/v2\/media?parent=4686"}],"curies":[{"name":"wp","href":"https:\/\/api.w.org\/{rel}","templated":true}]}}