{"id":4681,"date":"2022-09-26T20:15:31","date_gmt":"2022-09-26T20:15:31","guid":{"rendered":""},"modified":"2022-10-05T23:54:08","modified_gmt":"2022-10-05T23:54:08","slug":"blog","status":"publish","type":"page","link":"https:\/\/martha.org.mx\/una-politica-con-causa\/blog\/","title":{"rendered":"Blog"},"content":{"rendered":"\n<p>En mi trabajo como funcionaria p\u00fablica desarrollamos diferentes productos para informar de nuestras labores, sobre todo de la agenda de pol\u00edtica exterior multilateral del pa\u00eds.<\/p>\n\n\n\n<p>Por ejemplo, art\u00edculos, comunicados, podcast, videos y mucho m\u00e1s, te invito a checarlos, mantenerte informado y seguirnos en nuestras redes sociales.<\/p>\n\n\n\n<p>En este link podr\u00e1s encontrar los <a href=\"https:\/\/martha.org.mx\/una-politica-con-causa\/articulos-2\/\">art\u00edculos.<\/a><\/p>\n\n\n\n<figure class=\"wp-block-image size-large is-resized\"><a href=\"https:\/\/martha.org.mx\/una-politica-con-causa\/articulos-2\/\"><img loading=\"lazy\" decoding=\"async\" src=\"https:\/\/martha.org.mx\/una-politica-con-causa\/wp-content\/uploads\/2022\/10\/photo1664925122-1024x576.jpeg\" alt=\"\" class=\"wp-image-13136\" width=\"512\" height=\"288\" srcset=\"https:\/\/martha.org.mx\/una-politica-con-causa\/wp-content\/uploads\/2022\/10\/photo1664925122-1024x576.jpeg 1024w, https:\/\/martha.org.mx\/una-politica-con-causa\/wp-content\/uploads\/2022\/10\/photo1664925122-300x169.jpeg 300w, https:\/\/martha.org.mx\/una-politica-con-causa\/wp-content\/uploads\/2022\/10\/photo1664925122-768x432.jpeg 768w, https:\/\/martha.org.mx\/una-politica-con-causa\/wp-content\/uploads\/2022\/10\/photo1664925122.jpeg 1280w\" sizes=\"auto, (max-width: 512px) 100vw, 512px\" \/><\/a><\/figure>\n\n\n\n<p>Aqu\u00ed podr\u00e1s ver y escuchar algunas de las <a href=\"https:\/\/martha.org.mx\/una-politica-con-causa\/entrevistas\/\">entrevistas<\/a> que he dado sobre nuestra labor en la SRE.<\/p>\n\n\n\n<figure class=\"wp-block-image size-large is-resized\"><a href=\"https:\/\/martha.org.mx\/una-politica-con-causa\/entrevistas\/\"><img loading=\"lazy\" decoding=\"async\" src=\"https:\/\/martha.org.mx\/una-politica-con-causa\/wp-content\/uploads\/2022\/10\/photo1664992802-1024x576.jpeg\" alt=\"\" class=\"wp-image-13137\" width=\"512\" height=\"288\" srcset=\"https:\/\/martha.org.mx\/una-politica-con-causa\/wp-content\/uploads\/2022\/10\/photo1664992802-1024x576.jpeg 1024w, https:\/\/martha.org.mx\/una-politica-con-causa\/wp-content\/uploads\/2022\/10\/photo1664992802-300x169.jpeg 300w, https:\/\/martha.org.mx\/una-politica-con-causa\/wp-content\/uploads\/2022\/10\/photo1664992802-768x432.jpeg 768w, https:\/\/martha.org.mx\/una-politica-con-causa\/wp-content\/uploads\/2022\/10\/photo1664992802.jpeg 1280w\" sizes=\"auto, (max-width: 512px) 100vw, 512px\" \/><\/a><\/figure>\n\n\n\n<p>Durante los eventos, reuniones e incluso misiones de trabajo la mejor huella del trabajo est\u00e1 en las fotos que se toman, <a href=\"https:\/\/martha.org.mx\/una-politica-con-causa\/galeria-de-fotos\/\">aqu\u00ed les comparto algunas galer\u00edas<\/a> sobre nuestra labor por M\u00e9xico.<\/p>\n\n\n\n<figure class=\"wp-block-image size-large is-resized\"><a href=\"https:\/\/martha.org.mx\/una-politica-con-causa\/galeria-de-fotos\/\"><img loading=\"lazy\" decoding=\"async\" src=\"https:\/\/martha.org.mx\/una-politica-con-causa\/wp-content\/uploads\/2022\/10\/photo1664992878-1024x576.jpeg\" alt=\"\" class=\"wp-image-13138\" width=\"512\" height=\"288\" srcset=\"https:\/\/martha.org.mx\/una-politica-con-causa\/wp-content\/uploads\/2022\/10\/photo1664992878-1024x576.jpeg 1024w, https:\/\/martha.org.mx\/una-politica-con-causa\/wp-content\/uploads\/2022\/10\/photo1664992878-300x169.jpeg 300w, https:\/\/martha.org.mx\/una-politica-con-causa\/wp-content\/uploads\/2022\/10\/photo1664992878-768x432.jpeg 768w, https:\/\/martha.org.mx\/una-politica-con-causa\/wp-content\/uploads\/2022\/10\/photo1664992878.jpeg 1280w\" sizes=\"auto, (max-width: 512px) 100vw, 512px\" \/><\/a><\/figure>\n\n\n\n<p>Tambi\u00e9n, contamos con videos, podcast, reportajes y m\u00e1s <a href=\"https:\/\/martha.org.mx\/una-politica-con-causa\/audio-y-video\/\">contenido multimedia<\/a> sobre las actividades que llevamos a cabo en la Subsecretar\u00eda para Asuntos Multilaterales y Derechos Humanos. <\/p>\n\n\n\n<figure class=\"wp-block-image size-large is-resized\"><a href=\"https:\/\/martha.org.mx\/una-politica-con-causa\/audio-y-video\/\"><img loading=\"lazy\" decoding=\"async\" src=\"https:\/\/martha.org.mx\/una-politica-con-causa\/wp-content\/uploads\/2022\/10\/photo1664999480-1024x576.jpeg\" alt=\"\" class=\"wp-image-13140\" width=\"512\" height=\"288\" srcset=\"https:\/\/martha.org.mx\/una-politica-con-causa\/wp-content\/uploads\/2022\/10\/photo1664999480-1024x576.jpeg 1024w, https:\/\/martha.org.mx\/una-politica-con-causa\/wp-content\/uploads\/2022\/10\/photo1664999480-300x169.jpeg 300w, https:\/\/martha.org.mx\/una-politica-con-causa\/wp-content\/uploads\/2022\/10\/photo1664999480-768x432.jpeg 768w, https:\/\/martha.org.mx\/una-politica-con-causa\/wp-content\/uploads\/2022\/10\/photo1664999480.jpeg 1280w\" sizes=\"auto, (max-width: 512px) 100vw, 512px\" \/><\/a><\/figure>\n\n\n\n<p>Rev\u00edsenlo y no olviden seguirnos en las redes sociales para encontrar m\u00e1s de todo este trabajo y compromiso por nuestro M\u00e9xico.<\/p>\n\n\n\n<p><\/p>\n","protected":false},"excerpt":{"rendered":"<p>En mi trabajo como funcionaria p\u00fablica desarrollamos diferentes productos para informar de nuestras labores, sobre todo de la agenda de pol\u00edtica exterior multilateral del pa\u00eds. Por ejemplo, art\u00edculos, comunicados, podcast, videos y mucho m\u00e1s, te invito a checarlos, mantenerte informado y seguirnos en nuestras redes sociales. En este link podr\u00e1s encontrar los art\u00edculos. Aqu\u00ed podr\u00e1s&hellip;<\/p>\n<p class=\"more-link\"><a href=\"https:\/\/martha.org.mx\/una-politica-con-causa\/blog\/\" class=\"themebutton\">Read More<\/a><\/p>\n","protected":false},"author":1,"featured_media":0,"parent":0,"menu_order":40,"comment_status":"open","ping_status":"open","template":"posts.php","meta":{"om_disable_all_campaigns":false,"_monsterinsights_skip_tracking":false,"_monsterinsights_sitenote_active":false,"_monsterinsights_sitenote_note":"","_monsterinsights_sitenote_category":0,"footnotes":""},"class_list":["post-4681","page","type-page","status-publish","hentry"],"aioseo_notices":[],"_links":{"self":[{"href":"https:\/\/martha.org.mx\/una-politica-con-causa\/wp-json\/wp\/v2\/pages\/4681","targetHints":{"allow":["GET"]}}],"collection":[{"href":"https:\/\/martha.org.mx\/una-politica-con-causa\/wp-json\/wp\/v2\/pages"}],"about":[{"href":"https:\/\/martha.org.mx\/una-politica-con-causa\/wp-json\/wp\/v2\/types\/page"}],"author":[{"embeddable":true,"href":"https:\/\/martha.org.mx\/una-politica-con-causa\/wp-json\/wp\/v2\/users\/1"}],"replies":[{"embeddable":true,"href":"https:\/\/martha.org.mx\/una-politica-con-causa\/wp-json\/wp\/v2\/comments?post=4681"}],"version-history":[{"count":4,"href":"https:\/\/martha.org.mx\/una-politica-con-causa\/wp-json\/wp\/v2\/pages\/4681\/revisions"}],"predecessor-version":[{"id":13142,"href":"https:\/\/martha.org.mx\/una-politica-con-causa\/wp-json\/wp\/v2\/pages\/4681\/revisions\/13142"}],"wp:attachment":[{"href":"https:\/\/martha.org.mx\/una-politica-con-causa\/wp-json\/wp\/v2\/media?parent=4681"}],"curies":[{"name":"wp","href":"https:\/\/api.w.org\/{rel}","templated":true}]}}