{"id":4364,"date":"2016-03-26T22:19:30","date_gmt":"2016-03-26T22:19:30","guid":{"rendered":"http:\/\/martha.org.mx\/una-politica-con-causa\/?page_id=4364"},"modified":"2023-06-10T00:09:06","modified_gmt":"2023-06-10T00:09:06","slug":"mi-musica","status":"publish","type":"page","link":"https:\/\/martha.org.mx\/una-politica-con-causa\/mi-musica\/","title":{"rendered":"Mi M\u00fasica"},"content":{"rendered":"\n<p>Lo m\u00e1s reciente que he hecho en mi carrera musical han sido cosas muy emocionantes que quiero compartirles. La primera de ellas es una canci\u00f3n que grab\u00e9 con la Sonora Santanera, que se llama <a href=\"https:\/\/martha.org.mx\/una-politica-con-causa\/wp-content\/uploads\/2023\/03\/pena-negra.ok_.mp3\">&#8220;Pena negra&#8221;<\/a> ah\u00ed podr\u00e1n escucharla. <\/p>\n\n\n\n<figure class=\"wp-block-image size-large is-resized\"><img loading=\"lazy\" decoding=\"async\" src=\"https:\/\/martha.org.mx\/una-politica-con-causa\/wp-content\/uploads\/2023\/06\/Martha-Delgado-1-1024x1024.png\" alt=\"\" class=\"wp-image-13499\" width=\"256\" height=\"256\" srcset=\"https:\/\/martha.org.mx\/una-politica-con-causa\/wp-content\/uploads\/2023\/06\/Martha-Delgado-1-1024x1024.png 1024w, https:\/\/martha.org.mx\/una-politica-con-causa\/wp-content\/uploads\/2023\/06\/Martha-Delgado-1-300x300.png 300w, https:\/\/martha.org.mx\/una-politica-con-causa\/wp-content\/uploads\/2023\/06\/Martha-Delgado-1-768x768.png 768w, https:\/\/martha.org.mx\/una-politica-con-causa\/wp-content\/uploads\/2023\/06\/Martha-Delgado-1-1536x1536.png 1536w, https:\/\/martha.org.mx\/una-politica-con-causa\/wp-content\/uploads\/2023\/06\/Martha-Delgado-1-2048x2048.png 2048w, https:\/\/martha.org.mx\/una-politica-con-causa\/wp-content\/uploads\/2023\/06\/Martha-Delgado-1-80x80.png 80w, https:\/\/martha.org.mx\/una-politica-con-causa\/wp-content\/uploads\/2023\/06\/Martha-Delgado-1-570x570.png 570w, https:\/\/martha.org.mx\/una-politica-con-causa\/wp-content\/uploads\/2023\/06\/Martha-Delgado-1-380x380.png 380w, https:\/\/martha.org.mx\/una-politica-con-causa\/wp-content\/uploads\/2023\/06\/Martha-Delgado-1-285x285.png 285w\" sizes=\"auto, (max-width: 256px) 100vw, 256px\" \/><\/figure>\n\n\n\n<p><\/p>\n\n\n\n<p>Y por otra parte, grab\u00e9 una canci\u00f3n con Carlos Mac\u00edas, una canci\u00f3n con mariachi que se llama <a href=\"https:\/\/martha.org.mx\/una-politica-con-causa\/wp-content\/uploads\/2023\/03\/Carlos-Macias-y-MDP.-Acuerdate-de-mi.mp3\">&#8220;Acu\u00e9rdate de mi&#8221;<\/a>, y que tambi\u00e9n pueden ver el <a href=\"https:\/\/martha.org.mx\/una-politica-con-causa\/acuerdate-de-mi-con-carlos-macias\/\">video en Youtube.<\/a><\/p>\n\n\n\n<figure class=\"wp-block-image size-full is-resized\"><img loading=\"lazy\" decoding=\"async\" src=\"https:\/\/martha.org.mx\/una-politica-con-causa\/wp-content\/uploads\/2023\/06\/2022_09_09_11_44_32__7509841280914.jpeg\" alt=\"\" class=\"wp-image-13507\" width=\"200\" height=\"200\" srcset=\"https:\/\/martha.org.mx\/una-politica-con-causa\/wp-content\/uploads\/2023\/06\/2022_09_09_11_44_32__7509841280914.jpeg 800w, https:\/\/martha.org.mx\/una-politica-con-causa\/wp-content\/uploads\/2023\/06\/2022_09_09_11_44_32__7509841280914-300x300.jpeg 300w, https:\/\/martha.org.mx\/una-politica-con-causa\/wp-content\/uploads\/2023\/06\/2022_09_09_11_44_32__7509841280914-768x768.jpeg 768w, https:\/\/martha.org.mx\/una-politica-con-causa\/wp-content\/uploads\/2023\/06\/2022_09_09_11_44_32__7509841280914-80x80.jpeg 80w, https:\/\/martha.org.mx\/una-politica-con-causa\/wp-content\/uploads\/2023\/06\/2022_09_09_11_44_32__7509841280914-570x570.jpeg 570w, https:\/\/martha.org.mx\/una-politica-con-causa\/wp-content\/uploads\/2023\/06\/2022_09_09_11_44_32__7509841280914-380x380.jpeg 380w, https:\/\/martha.org.mx\/una-politica-con-causa\/wp-content\/uploads\/2023\/06\/2022_09_09_11_44_32__7509841280914-285x285.jpeg 285w\" sizes=\"auto, (max-width: 200px) 100vw, 200px\" \/><\/figure>\n\n\n\n<p><\/p>\n\n\n\n<h2 class=\"wp-block-heading\"><strong>Luna de Miel. Boleros<\/strong><br><a href=\"https:\/\/open.spotify.com\/album\/0uw7HHvNgosJus2u5Jaeno\" target=\"_blank\" rel=\"noreferrer noopener\"><\/a><\/h2>\n\n\n\n<figure class=\"wp-block-image size-medium\"><img loading=\"lazy\" decoding=\"async\" width=\"300\" height=\"300\" src=\"https:\/\/martha.org.mx\/una-politica-con-causa\/wp-content\/uploads\/2020\/06\/luna-de-miel-300x300.jpg\" alt=\"\" class=\"wp-image-11258\" srcset=\"https:\/\/martha.org.mx\/una-politica-con-causa\/wp-content\/uploads\/2020\/06\/luna-de-miel-300x300.jpg 300w, https:\/\/martha.org.mx\/una-politica-con-causa\/wp-content\/uploads\/2020\/06\/luna-de-miel-1024x1024.jpg 1024w, https:\/\/martha.org.mx\/una-politica-con-causa\/wp-content\/uploads\/2020\/06\/luna-de-miel-768x768.jpg 768w, https:\/\/martha.org.mx\/una-politica-con-causa\/wp-content\/uploads\/2020\/06\/luna-de-miel-80x80.jpg 80w, https:\/\/martha.org.mx\/una-politica-con-causa\/wp-content\/uploads\/2020\/06\/luna-de-miel-570x570.jpg 570w, https:\/\/martha.org.mx\/una-politica-con-causa\/wp-content\/uploads\/2020\/06\/luna-de-miel-380x380.jpg 380w, https:\/\/martha.org.mx\/una-politica-con-causa\/wp-content\/uploads\/2020\/06\/luna-de-miel-285x285.jpg 285w, https:\/\/martha.org.mx\/una-politica-con-causa\/wp-content\/uploads\/2020\/06\/luna-de-miel.jpg 1200w\" sizes=\"auto, (max-width: 300px) 100vw, 300px\" \/><\/figure>\n\n\n\n<p> <a rel=\"noreferrer noopener\" href=\"https:\/\/open.spotify.com\/album\/0uw7HHvNgosJus2u5Jaeno\" target=\"_blank\">Haz click aqu\u00ed para escucharlo<\/a>&nbsp;<br> <br>Este disco es producto de la herencia, de la amistad y de la necesidad de recuperar los riqu\u00edsimos valores y tradiciones que hemos heredado los mexicanos, y cuyo rescate es indispensable para enfrentar los dif\u00edciles momentos de incertidumbre que vivimos. Ante el asedio exterior y la crisis pol\u00edtica interna, los mexicanos contamos con una gran cultura y calidad humana que tenemos que resignificar para reencontrarnos. <\/p>\n\n\n\n<p>La recuperaci\u00f3n de nuestros valores culturales ser\u00e1 el asidero m\u00e1s sensato de esta reconstrucci\u00f3n. Las sobremesas deben dejar de ser espacio de quejas y decepci\u00f3n. Podemos cantar y reproducir nuestras bellas costumbres, disfrutar la cocina mexicana, visitar y conservar nuestros espacios naturales y nuestros pueblos m\u00e1gicos, y cultivar nuestra maravillosa herencia art\u00edstica y cultural.<\/p>\n\n\n\n<figure class=\"wp-block-image size-large\"><img loading=\"lazy\" decoding=\"async\" width=\"422\" height=\"180\" src=\"https:\/\/martha.org.mx\/una-politica-con-causa\/wp-content\/uploads\/2018\/01\/martha-y-agustin-lara-jr.png\" alt=\"\" class=\"wp-image-4579\" srcset=\"https:\/\/martha.org.mx\/una-politica-con-causa\/wp-content\/uploads\/2018\/01\/martha-y-agustin-lara-jr.png 422w, https:\/\/martha.org.mx\/una-politica-con-causa\/wp-content\/uploads\/2018\/01\/martha-y-agustin-lara-jr-300x128.png 300w\" sizes=\"auto, (max-width: 422px) 100vw, 422px\" \/><\/figure>\n\n\n\n<p>Soy muy afortunada de haber nacido en una familia en la que los tesoros m\u00e1s apreciados siempre fueron las buenas experiencias y las relaciones humanas. Desde muy ni\u00f1a v\u00ed a mis padres cantar a dueto, tocar la guitarra, organizar bohemias y reuniones los fines de semana en los lugares adonde crec\u00ed, a la orilla del mar en San Carlos, Guaymas y en la paradisiaca Cuernavaca. Los invitados declamaban, bailaban, cantaban y compon\u00edan canciones. Ah\u00ed naci\u00f3 mi amor por los boleros, y mi admiraci\u00f3n por sus compositores. Por eso ofrendo este disco a mis adorados padres Martha Peralta y Freddy Delgado, quienes me ense\u00f1aron la m\u00fasica y han sido mi principal ejemplo en la vida.<\/p>\n\n\n\n<figure class=\"wp-block-image size-large\"><img loading=\"lazy\" decoding=\"async\" width=\"347\" height=\"240\" src=\"https:\/\/martha.org.mx\/una-politica-con-causa\/wp-content\/uploads\/2018\/01\/martha-y-gabriel.png\" alt=\"\" class=\"wp-image-4580\" srcset=\"https:\/\/martha.org.mx\/una-politica-con-causa\/wp-content\/uploads\/2018\/01\/martha-y-gabriel.png 347w, https:\/\/martha.org.mx\/una-politica-con-causa\/wp-content\/uploads\/2018\/01\/martha-y-gabriel-200x138.png 200w, https:\/\/martha.org.mx\/una-politica-con-causa\/wp-content\/uploads\/2018\/01\/martha-y-gabriel-300x207.png 300w\" sizes=\"auto, (max-width: 347px) 100vw, 347px\" \/><\/figure>\n\n\n\n<p>Hacer este disco ha sido toda una aventura, que inici\u00e9 gracias al impulso y entusiasmo de mi marido Gabriel S\u00e1nchez, quien me anim\u00f3 a realizarlo y concebirlo. Sin su consejo y apoyo este disco no ser\u00eda posible. Por eso le dedico este disco a \u00e9l, que me ha acompa\u00f1ado e impulsado durante veinticinco a\u00f1os en mi desarrollo personal y profesional.<\/p>\n\n\n\n<p>Agradezco muy especialmente a mis entra\u00f1ables amigos Alvaro Carrillo Jr. y Miguel Arcos su confianza y dedicaci\u00f3n para realizar la grabaci\u00f3n y los arreglos musicales en nuestras divertidas sesiones; y a Luis C\u00e1rdenas, cuyo extraordinario talento y compromiso con este proyecto sacaron todo el potencial posible de esta m\u00fasica.<\/p>\n\n\n\n<figure class=\"wp-block-image size-large\"><img loading=\"lazy\" decoding=\"async\" width=\"426\" height=\"176\" src=\"https:\/\/martha.org.mx\/una-politica-con-causa\/wp-content\/uploads\/2018\/01\/con-alvaro-carrillo-jr.png\" alt=\"\" class=\"wp-image-4582\" srcset=\"https:\/\/martha.org.mx\/una-politica-con-causa\/wp-content\/uploads\/2018\/01\/con-alvaro-carrillo-jr.png 426w, https:\/\/martha.org.mx\/una-politica-con-causa\/wp-content\/uploads\/2018\/01\/con-alvaro-carrillo-jr-300x124.png 300w\" sizes=\"auto, (max-width: 426px) 100vw, 426px\" \/><\/figure>\n\n\n\n<p>Tambi\u00e9n agradezco el apoyo que en distintas etapas del proceso me brindaron mi querido Agust\u00edn Lara Jr., mis amigos Daniel y David Rodr\u00edguez, mi hermana Daniela Delgado, mis amigas Lillian Haugen, Claudia Mancera y Mariela Fern\u00e1ndez, y mi t\u00eda Pichi Fuentes. A mi admirada Vianey L\u00e1rraga, musa de Agust\u00edn Lara y compa\u00f1era de bohemias, y a Magdalena Rodr\u00edguez, due\u00f1a y se\u00f1ora del Sikeiros Piano Bar, les agradezco haberme reconectado con mi lado art\u00edstico, as\u00ed como su amistad incondicional.<\/p>\n\n\n\n<p>Este disco est\u00e1 pensado para rendirles un homenaje a grandes compositores que ya no est\u00e1n entre nosotros, pero cuyas canciones han quedado grabadas en la historia y en el coraz\u00f3n de los mexicanos como testimonio de su sensibilidad y talento. Con \u00e9l deseo contribuir a la promoci\u00f3n y continuidad de la tradici\u00f3n boler\u00edstica en nuestro pa\u00eds.<br> <br> <a rel=\"noreferrer noopener\" href=\"https:\/\/open.spotify.com\/album\/0uw7HHvNgosJus2u5Jaeno\" target=\"_blank\">Haz click aqu\u00ed para escucharlo<\/a>&nbsp;<\/p>\n\n\n\n<p><a href=\"https:\/\/martha.org.mx\/una-politica-con-causa\/category\/aficiones\/mi-musica\/\">Aqu\u00ed puedes escuchar una canci\u00f3n que hice con David Joseph del grupo Reakcion, de la autor\u00eda de Manzanero.<\/a><\/p>\n\n\n\n<p>Tambi\u00e9n tengo gusto por otro tipo de g\u00e9neros musicales, <a href=\"https:\/\/martha.org.mx\/una-politica-con-causa\/category\/musica\/\">en este link<\/a> puedes escuchar y leer algo sobre la m\u00fasica que me gusta. <\/p>\n\n\n\n<p><\/p>\n","protected":false},"excerpt":{"rendered":"<p>Lo m\u00e1s reciente que he hecho en mi carrera musical han sido cosas muy emocionantes que quiero compartirles. La primera de ellas es una canci\u00f3n que grab\u00e9 con la Sonora Santanera, que se llama &#8220;Pena negra&#8221; ah\u00ed podr\u00e1n escucharla. Y por otra parte, grab\u00e9 una canci\u00f3n con Carlos Mac\u00edas, una canci\u00f3n con mariachi que se&hellip;<\/p>\n<p class=\"more-link\"><a href=\"https:\/\/martha.org.mx\/una-politica-con-causa\/mi-musica\/\" class=\"themebutton\">Read More<\/a><\/p>\n","protected":false},"author":1,"featured_media":4560,"parent":0,"menu_order":0,"comment_status":"closed","ping_status":"closed","template":"","meta":{"om_disable_all_campaigns":false,"_monsterinsights_skip_tracking":false,"_monsterinsights_sitenote_active":false,"_monsterinsights_sitenote_note":"","_monsterinsights_sitenote_category":0,"footnotes":""},"class_list":["post-4364","page","type-page","status-publish","has-post-thumbnail","hentry"],"aioseo_notices":[],"_links":{"self":[{"href":"https:\/\/martha.org.mx\/una-politica-con-causa\/wp-json\/wp\/v2\/pages\/4364","targetHints":{"allow":["GET"]}}],"collection":[{"href":"https:\/\/martha.org.mx\/una-politica-con-causa\/wp-json\/wp\/v2\/pages"}],"about":[{"href":"https:\/\/martha.org.mx\/una-politica-con-causa\/wp-json\/wp\/v2\/types\/page"}],"author":[{"embeddable":true,"href":"https:\/\/martha.org.mx\/una-politica-con-causa\/wp-json\/wp\/v2\/users\/1"}],"replies":[{"embeddable":true,"href":"https:\/\/martha.org.mx\/una-politica-con-causa\/wp-json\/wp\/v2\/comments?post=4364"}],"version-history":[{"count":5,"href":"https:\/\/martha.org.mx\/una-politica-con-causa\/wp-json\/wp\/v2\/pages\/4364\/revisions"}],"predecessor-version":[{"id":13508,"href":"https:\/\/martha.org.mx\/una-politica-con-causa\/wp-json\/wp\/v2\/pages\/4364\/revisions\/13508"}],"wp:featuredmedia":[{"embeddable":true,"href":"https:\/\/martha.org.mx\/una-politica-con-causa\/wp-json\/wp\/v2\/media\/4560"}],"wp:attachment":[{"href":"https:\/\/martha.org.mx\/una-politica-con-causa\/wp-json\/wp\/v2\/media?parent=4364"}],"curies":[{"name":"wp","href":"https:\/\/api.w.org\/{rel}","templated":true}]}}