{"id":2,"date":"2012-04-21T22:41:17","date_gmt":"2012-04-21T22:41:17","guid":{"rendered":"http:\/\/martha.org.mx\/una-politica-con-causa\/?page_id=2"},"modified":"2023-01-16T21:50:54","modified_gmt":"2023-01-16T21:50:54","slug":"about","status":"publish","type":"page","link":"https:\/\/martha.org.mx\/una-politica-con-causa\/about\/","title":{"rendered":"Subsecretar\u00eda para Asuntos Multilaterales y Derechos Humanos"},"content":{"rendered":"\n<p> La Subsecretar\u00eda para Asuntos Multilaterales y Derechos Humanos es un \u00f3rgano derivado de la <a href=\"https:\/\/www.gob.mx\/sre\">Secretar\u00eda de Relaciones Exteriores<\/a> de M\u00e9xico, que tiene a su cargo el dise\u00f1o e instrumentaci\u00f3n de la pol\u00edtica exterior de M\u00e9xico ante organismos internacionales, la coordinaci\u00f3n de la pol\u00edtica de apertura y cooperaci\u00f3n con el sistema internacional de derechos humanos, el di\u00e1logo con organizaciones de la sociedad civil y la coordinaci\u00f3n de la participaci\u00f3n de M\u00e9xico en foros de medio ambiente y cambio clim\u00e1tico, g\u00e9nero, desarme y no proliferaci\u00f3n, combate al tr\u00e1fico il\u00edcito de armas peque\u00f1as y ligeras, prevenci\u00f3n del delito y promoci\u00f3n de la democracia, entre otros. <\/p>\n\n\n\n<p>De la Subsecretar\u00eda dependen cuatro Direcciones Generales, que son la de Temas Globales, la d<a href=\"https:\/\/seridh.sre.gob.mx\/publico\">e Derechos Humanos y Democracia<\/a>; la <a href=\"https:\/\/dgvosc.sre.gob.mx\/\">de Vinculaci\u00f3n con las Organizaciones de la Sociedad Civil<\/a> y la de la Organizaci\u00f3n de Naciones Unidas. <\/p>\n\n\n\n<h2 class=\"wp-block-heading\">Prospectiva 2023<\/h2>\n\n\n\n<p>Este a\u00f1o 2023 que comienza, los trabajos de la Subsecretar\u00eda para Asuntos Multilaterales y Derechos Humanos de la canciller\u00eda seguir\u00e1n siendo una prioridad para la pol\u00edtica exterior de M\u00e9xico, toda vez que en 2022 se asumieron compromisos importantes que abonar\u00e1n al futuro del desarrollo social y ec\u00f3nomico de nuestro pa\u00eds, as\u00edmismo, el a\u00f1o pasado tambi\u00e9n nos ha dejado importantes ense\u00f1anzas al equipo de Multilaterales Resuelve, mismas que se vuelven clave retomar y darles seguimiento para garantizar su implementaci\u00f3n en torno a los temas de la agenda del \u00e1mbito multilateral como son los derechos humanos, electromovilidad, promoci\u00f3n y atracci\u00f3n de inversiones, seguridad y paz internacionales, g\u00e9nero, medio ambiente, organismos internacionales, vinculaci\u00f3n con la sociedad civil y conservaci\u00f3n de los mares y oc\u00e9anos, entre otros.<\/p>\n\n\n\n<p>A continuaci\u00f3n se se\u00f1alan algunas de las acciones multilaterales que abordaremos durante 2023, estas son:<\/p>\n\n\n\n<ul class=\"wp-block-list\"><li>Seguimiento a la iniciativa Elsie.<\/li><li>Participaci\u00f3n en la agenda de mujeres paz y seguridad.<\/li><li>Combate al terrorismo.<\/li><li>75 aniversario de la Declaraci\u00f3n Universal de los Derechos Humanos.<\/li><li>Atenci\u00f3n a grupos en situaci\u00f3n de vulnerabilidad.<\/li><li>Mecanismo de Facilitaci\u00f3n para la Inversi\u00f3n y Promoci\u00f3n en el Exterior.<\/li><li>Electromovilidad.<\/li><li>Implementaci\u00f3n del Plan Oce\u00e1nico Sostenible.<\/li><li>Agenda Urbana.<\/li><li>Segunda Asamblea de Onu-Habitat.<\/li><li>Implementaci\u00f3n del Tratado Kunming-Montreal.<\/li><li>Implementaci\u00f3n del Acuerdo de Escaz\u00fa.<\/li><li>Avances en el marco de la CITES.<\/li><\/ul>\n\n\n\n<p><\/p>\n\n\n\n<p><a href=\"https:\/\/martha.org.mx\/una-politica-con-causa\/agenda-de-politica-exterior-multilateral-transformadora\/\">Aqu\u00ed podr\u00e1s leer lo que es la pol\u00edtica exterior multilateral que buscamos impulsar. <\/a><\/p>\n\n\n\n<figure class=\"wp-block-image size-large\"><a href=\"https:\/\/seridh.sre.gob.mx\/publico\"><img loading=\"lazy\" decoding=\"async\" width=\"1024\" height=\"317\" src=\"https:\/\/martha.org.mx\/una-politica-con-causa\/wp-content\/uploads\/2020\/06\/SERIDH-1024x317.jpg\" alt=\"\" class=\"wp-image-11502\" srcset=\"https:\/\/martha.org.mx\/una-politica-con-causa\/wp-content\/uploads\/2020\/06\/SERIDH-1024x317.jpg 1024w, https:\/\/martha.org.mx\/una-politica-con-causa\/wp-content\/uploads\/2020\/06\/SERIDH-300x93.jpg 300w, https:\/\/martha.org.mx\/una-politica-con-causa\/wp-content\/uploads\/2020\/06\/SERIDH-768x238.jpg 768w, https:\/\/martha.org.mx\/una-politica-con-causa\/wp-content\/uploads\/2020\/06\/SERIDH.jpg 1247w\" sizes=\"auto, (max-width: 1024px) 100vw, 1024px\" \/><\/a><figcaption>Visita el sitio web del <a href=\"https:\/\/seridh.sre.gob.mx\/publico\">SERIDH<\/a><\/figcaption><\/figure>\n\n\n\n<figure class=\"wp-block-image size-large\"><a href=\"https:\/\/dgvosc.sre.gob.mx\/\"><img loading=\"lazy\" decoding=\"async\" width=\"1024\" height=\"385\" src=\"https:\/\/martha.org.mx\/una-politica-con-causa\/wp-content\/uploads\/2020\/06\/dgvosc-1024x385.jpg\" alt=\"\" class=\"wp-image-11503\" srcset=\"https:\/\/martha.org.mx\/una-politica-con-causa\/wp-content\/uploads\/2020\/06\/dgvosc-1024x385.jpg 1024w, https:\/\/martha.org.mx\/una-politica-con-causa\/wp-content\/uploads\/2020\/06\/dgvosc-300x113.jpg 300w, https:\/\/martha.org.mx\/una-politica-con-causa\/wp-content\/uploads\/2020\/06\/dgvosc-768x289.jpg 768w, https:\/\/martha.org.mx\/una-politica-con-causa\/wp-content\/uploads\/2020\/06\/dgvosc.jpg 1299w\" sizes=\"auto, (max-width: 1024px) 100vw, 1024px\" \/><\/a><figcaption>Visita el sitio web de la  <a href=\"https:\/\/dgvosc.sre.gob.mx\/\">DGVOSC<\/a><\/figcaption><\/figure>\n\n\n\n<p><\/p>\n","protected":false},"excerpt":{"rendered":"<p>La Subsecretar\u00eda para Asuntos Multilaterales y Derechos Humanos es un \u00f3rgano derivado de la Secretar\u00eda de Relaciones Exteriores de M\u00e9xico, que tiene a su cargo el dise\u00f1o e instrumentaci\u00f3n de la pol\u00edtica exterior de M\u00e9xico ante organismos internacionales, la coordinaci\u00f3n de la pol\u00edtica de apertura y cooperaci\u00f3n con el sistema internacional de derechos humanos, el&hellip;<\/p>\n<p class=\"more-link\"><a href=\"https:\/\/martha.org.mx\/una-politica-con-causa\/about\/\" class=\"themebutton\">Read More<\/a><\/p>\n","protected":false},"author":1,"featured_media":4825,"parent":0,"menu_order":1,"comment_status":"open","ping_status":"open","template":"","meta":{"om_disable_all_campaigns":false,"_monsterinsights_skip_tracking":false,"_monsterinsights_sitenote_active":false,"_monsterinsights_sitenote_note":"","_monsterinsights_sitenote_category":0,"footnotes":""},"class_list":["post-2","page","type-page","status-publish","has-post-thumbnail","hentry"],"aioseo_notices":[],"_links":{"self":[{"href":"https:\/\/martha.org.mx\/una-politica-con-causa\/wp-json\/wp\/v2\/pages\/2","targetHints":{"allow":["GET"]}}],"collection":[{"href":"https:\/\/martha.org.mx\/una-politica-con-causa\/wp-json\/wp\/v2\/pages"}],"about":[{"href":"https:\/\/martha.org.mx\/una-politica-con-causa\/wp-json\/wp\/v2\/types\/page"}],"author":[{"embeddable":true,"href":"https:\/\/martha.org.mx\/una-politica-con-causa\/wp-json\/wp\/v2\/users\/1"}],"replies":[{"embeddable":true,"href":"https:\/\/martha.org.mx\/una-politica-con-causa\/wp-json\/wp\/v2\/comments?post=2"}],"version-history":[{"count":5,"href":"https:\/\/martha.org.mx\/una-politica-con-causa\/wp-json\/wp\/v2\/pages\/2\/revisions"}],"predecessor-version":[{"id":13375,"href":"https:\/\/martha.org.mx\/una-politica-con-causa\/wp-json\/wp\/v2\/pages\/2\/revisions\/13375"}],"wp:featuredmedia":[{"embeddable":true,"href":"https:\/\/martha.org.mx\/una-politica-con-causa\/wp-json\/wp\/v2\/media\/4825"}],"wp:attachment":[{"href":"https:\/\/martha.org.mx\/una-politica-con-causa\/wp-json\/wp\/v2\/media?parent=2"}],"curies":[{"name":"wp","href":"https:\/\/api.w.org\/{rel}","templated":true}]}}