{"id":14355,"date":"2025-04-21T16:38:26","date_gmt":"2025-04-21T16:38:26","guid":{"rendered":"https:\/\/martha.org.mx\/una-politica-con-causa\/?page_id=14355"},"modified":"2025-04-21T21:15:30","modified_gmt":"2025-04-21T21:15:30","slug":"documentales","status":"publish","type":"page","link":"https:\/\/martha.org.mx\/una-politica-con-causa\/documentales\/","title":{"rendered":"Documentales"},"content":{"rendered":"\n<p>Como parte de las labores en la Subsecretar\u00eda para Asuntos Multilaterales y Derechos Humanos buscamos dejar constancia de las diferentes actividades que realizamos. Aqu\u00ed les comparto algunos de los documentales que hicimos. <\/p>\n\n\n\n<p>El 24 de agosto de 2022 lleg\u00f3 el primer grupo de personas de Afganist\u00e1n que solicitaron refugio a M\u00e9xico derivado de la crisis humanitaria de su pa\u00eds natal. Esta es su historia.<\/p>\n\n\n\n<figure class=\"wp-block-embed is-type-video is-provider-youtube wp-block-embed-youtube wp-embed-aspect-16-9 wp-has-aspect-ratio\"><div class=\"wp-block-embed__wrapper\">\n<iframe loading=\"lazy\" title=\"Refugio humanitario: caso Afganist\u00e1n\" width=\"1170\" height=\"658\" src=\"https:\/\/www.youtube.com\/embed\/837NRWwdDs8?feature=oembed\" frameborder=\"0\" allow=\"accelerometer; autoplay; clipboard-write; encrypted-media; gyroscope; picture-in-picture; web-share\" referrerpolicy=\"strict-origin-when-cross-origin\" allowfullscreen><\/iframe>\n<\/div><\/figure>\n\n\n\n<p>C\u00f3mo logramos traer las Vacunas para atender la emergencia sanitaria por COVID-19, en este documental lo contamos.<\/p>\n\n\n\n<figure class=\"wp-block-embed is-type-video is-provider-youtube wp-block-embed-youtube wp-embed-aspect-16-9 wp-has-aspect-ratio\"><div class=\"wp-block-embed__wrapper\">\n<iframe loading=\"lazy\" title=\"Vacunas COVID-19\" width=\"1170\" height=\"658\" src=\"https:\/\/www.youtube.com\/embed\/fdSFBQKdCnc?feature=oembed\" frameborder=\"0\" allow=\"accelerometer; autoplay; clipboard-write; encrypted-media; gyroscope; picture-in-picture; web-share\" referrerpolicy=\"strict-origin-when-cross-origin\" allowfullscreen><\/iframe>\n<\/div><\/figure>\n\n\n\n<p><\/p>\n\n\n\n<p>Para nosotras y nosotros, era fundamental que M\u00e9xico tuviera una pol\u00edtica exterior feminista, por eso nos pusimos manos a la obra. <\/p>\n\n\n\n<figure class=\"wp-block-embed is-type-video is-provider-youtube wp-block-embed-youtube wp-embed-aspect-16-9 wp-has-aspect-ratio\"><div class=\"wp-block-embed__wrapper\">\n<iframe loading=\"lazy\" title=\"La Pol\u00edtica Exterior Feminista de M\u00e9xico\" width=\"1170\" height=\"658\" src=\"https:\/\/www.youtube.com\/embed\/z96OGL8cuys?feature=oembed\" frameborder=\"0\" allow=\"accelerometer; autoplay; clipboard-write; encrypted-media; gyroscope; picture-in-picture; web-share\" referrerpolicy=\"strict-origin-when-cross-origin\" allowfullscreen><\/iframe>\n<\/div><\/figure>\n\n\n\n<p><\/p>\n\n\n\n<p>El Acuerdo de Escaz\u00fa es fundamental, aqu\u00ed les platicamos un poco del trabajo en la materia.<\/p>\n\n\n\n<figure class=\"wp-block-embed is-type-video is-provider-youtube wp-block-embed-youtube wp-embed-aspect-16-9 wp-has-aspect-ratio\"><div class=\"wp-block-embed__wrapper\">\n<iframe loading=\"lazy\" title=\"Acuerdo de Escaz\u00fa: Cap\u00edtulo M\u00e9xico\" width=\"1170\" height=\"658\" src=\"https:\/\/www.youtube.com\/embed\/hDGaLvYPQPg?feature=oembed\" frameborder=\"0\" allow=\"accelerometer; autoplay; clipboard-write; encrypted-media; gyroscope; picture-in-picture; web-share\" referrerpolicy=\"strict-origin-when-cross-origin\" allowfullscreen><\/iframe>\n<\/div><\/figure>\n\n\n\n<p><\/p>\n\n\n\n<p>Los oc\u00e9anos son parte fundamental de nuestro pa\u00eds, por eso es que trabajamos en diferentes aspectos para lograr una econom\u00eda oce\u00e1nica sostenible en M\u00e9xico y el mundo<\/p>\n\n\n\n<figure class=\"wp-block-embed is-type-video is-provider-youtube wp-block-embed-youtube wp-embed-aspect-16-9 wp-has-aspect-ratio\"><div class=\"wp-block-embed__wrapper\">\n<iframe loading=\"lazy\" title=\"Oc\u00e9anos: Mar de oportunidades en M\u00e9xico\" width=\"1170\" height=\"658\" src=\"https:\/\/www.youtube.com\/embed\/hbxs11XCDMo?feature=oembed\" frameborder=\"0\" allow=\"accelerometer; autoplay; clipboard-write; encrypted-media; gyroscope; picture-in-picture; web-share\" referrerpolicy=\"strict-origin-when-cross-origin\" allowfullscreen><\/iframe>\n<\/div><\/figure>\n\n\n\n<p><\/p>\n\n\n\n<p><\/p>\n\n\n\n<p><\/p>\n","protected":false},"excerpt":{"rendered":"<p>Como parte de las labores en la Subsecretar\u00eda para Asuntos Multilaterales y Derechos Humanos buscamos dejar constancia de las diferentes actividades que realizamos. Aqu\u00ed les comparto algunos de los documentales que hicimos. El 24 de agosto de 2022 lleg\u00f3 el primer grupo de personas de Afganist\u00e1n que solicitaron refugio a M\u00e9xico derivado de la crisis&hellip;<\/p>\n<p class=\"more-link\"><a href=\"https:\/\/martha.org.mx\/una-politica-con-causa\/documentales\/\" class=\"themebutton\">Read More<\/a><\/p>\n","protected":false},"author":1,"featured_media":0,"parent":0,"menu_order":0,"comment_status":"closed","ping_status":"closed","template":"","meta":{"om_disable_all_campaigns":false,"_monsterinsights_skip_tracking":false,"_monsterinsights_sitenote_active":false,"_monsterinsights_sitenote_note":"","_monsterinsights_sitenote_category":0,"footnotes":""},"class_list":["post-14355","page","type-page","status-publish","hentry"],"aioseo_notices":[],"_links":{"self":[{"href":"https:\/\/martha.org.mx\/una-politica-con-causa\/wp-json\/wp\/v2\/pages\/14355","targetHints":{"allow":["GET"]}}],"collection":[{"href":"https:\/\/martha.org.mx\/una-politica-con-causa\/wp-json\/wp\/v2\/pages"}],"about":[{"href":"https:\/\/martha.org.mx\/una-politica-con-causa\/wp-json\/wp\/v2\/types\/page"}],"author":[{"embeddable":true,"href":"https:\/\/martha.org.mx\/una-politica-con-causa\/wp-json\/wp\/v2\/users\/1"}],"replies":[{"embeddable":true,"href":"https:\/\/martha.org.mx\/una-politica-con-causa\/wp-json\/wp\/v2\/comments?post=14355"}],"version-history":[{"count":2,"href":"https:\/\/martha.org.mx\/una-politica-con-causa\/wp-json\/wp\/v2\/pages\/14355\/revisions"}],"predecessor-version":[{"id":14358,"href":"https:\/\/martha.org.mx\/una-politica-con-causa\/wp-json\/wp\/v2\/pages\/14355\/revisions\/14358"}],"wp:attachment":[{"href":"https:\/\/martha.org.mx\/una-politica-con-causa\/wp-json\/wp\/v2\/media?parent=14355"}],"curies":[{"name":"wp","href":"https:\/\/api.w.org\/{rel}","templated":true}]}}