{"id":14306,"date":"2024-05-30T19:16:13","date_gmt":"2024-05-30T19:16:13","guid":{"rendered":"https:\/\/martha.org.mx\/una-politica-con-causa\/?page_id=14306"},"modified":"2024-05-31T02:34:07","modified_gmt":"2024-05-31T02:34:07","slug":"apco","status":"publish","type":"page","link":"https:\/\/martha.org.mx\/una-politica-con-causa\/apco\/","title":{"rendered":"APCO"},"content":{"rendered":"\n<p class=\"has-medium-font-size\">Martha Delgado Peralta, reconocida ambientalista y ex subsecretaria de asuntos multilaterales y derechos humanos de la Secretar\u00eda de Relaciones Exteriores de M\u00e9xico, se uni\u00f3 a APCO como presidenta para M\u00e9xico y Am\u00e9rica Latina, anunci\u00f3 hoy (30 de mayo de 2024) la fundadora y presidenta ejecutiva de <a href=\"https:\/\/apcoworldwide.com\/blog\/ex-mexico-undersecretary-for-multilateral-affairs-human-rights-martha-delgado-peralta-joins-apco-as-chair-mexico-latam\/\" title=\"\">APCO, Margery Kraus.<\/a><\/p>\n\n\n\n<figure class=\"wp-block-embed is-type-rich is-provider-gestor-del-servicio wp-block-embed-gestor-del-servicio\"><div class=\"wp-block-embed__wrapper\">\n<div style=\"width: 640px;\" class=\"wp-video\"><video class=\"wp-video-shortcode\" id=\"video-14306-1\" width=\"640\" height=\"360\" preload=\"metadata\" controls=\"controls\"><source type=\"video\/mp4\" src=\"https:\/\/martha.org.mx\/una-politica-con-causa\/wp-content\/uploads\/2024\/05\/01-bypower-APCO-Martha-D.mp4?_=1\" \/><a href=\"https:\/\/martha.org.mx\/una-politica-con-causa\/wp-content\/uploads\/2024\/05\/01-bypower-APCO-Martha-D.mp4\">https:\/\/martha.org.mx\/una-politica-con-causa\/wp-content\/uploads\/2024\/05\/01-bypower-APCO-Martha-D.mp4<\/a><\/video><\/div>\n<\/div><\/figure>\n\n\n\n<p class=\"has-medium-font-size\">Lee el comunicado completo aqu\u00ed:<\/p>\n\n\n\n<p><a href=\"https:\/\/martha.org.mx\/una-politica-con-causa\/wp-content\/uploads\/2024\/05\/ESP-Press-Release-Martha-Delgado-Peralta_CLEAN_5.29.24.pdf\" title=\"\">Espa\u00f1ol<\/a> <\/p>\n\n\n\n<p><a href=\"https:\/\/martha.org.mx\/una-politica-con-causa\/wp-content\/uploads\/2024\/05\/ENG-Press-Release-Martha-Delgado-Peralta_.pdf\" title=\"\">Ingl\u00e9s<\/a><\/p>\n","protected":false},"excerpt":{"rendered":"<p>Martha Delgado Peralta, reconocida ambientalista y ex subsecretaria de asuntos multilaterales y derechos humanos de la Secretar\u00eda de Relaciones Exteriores de M\u00e9xico, se uni\u00f3 a APCO como presidenta para M\u00e9xico y Am\u00e9rica Latina, anunci\u00f3 hoy (30 de mayo de 2024) la fundadora y presidenta ejecutiva de APCO, Margery Kraus. Lee el comunicado completo aqu\u00ed: Espa\u00f1ol&hellip;<\/p>\n<p class=\"more-link\"><a href=\"https:\/\/martha.org.mx\/una-politica-con-causa\/apco\/\" class=\"themebutton\">Read More<\/a><\/p>\n","protected":false},"author":1,"featured_media":0,"parent":0,"menu_order":0,"comment_status":"closed","ping_status":"closed","template":"","meta":{"om_disable_all_campaigns":false,"_monsterinsights_skip_tracking":false,"_monsterinsights_sitenote_active":false,"_monsterinsights_sitenote_note":"","_monsterinsights_sitenote_category":0,"footnotes":""},"class_list":["post-14306","page","type-page","status-publish","hentry"],"aioseo_notices":[],"_links":{"self":[{"href":"https:\/\/martha.org.mx\/una-politica-con-causa\/wp-json\/wp\/v2\/pages\/14306","targetHints":{"allow":["GET"]}}],"collection":[{"href":"https:\/\/martha.org.mx\/una-politica-con-causa\/wp-json\/wp\/v2\/pages"}],"about":[{"href":"https:\/\/martha.org.mx\/una-politica-con-causa\/wp-json\/wp\/v2\/types\/page"}],"author":[{"embeddable":true,"href":"https:\/\/martha.org.mx\/una-politica-con-causa\/wp-json\/wp\/v2\/users\/1"}],"replies":[{"embeddable":true,"href":"https:\/\/martha.org.mx\/una-politica-con-causa\/wp-json\/wp\/v2\/comments?post=14306"}],"version-history":[{"count":5,"href":"https:\/\/martha.org.mx\/una-politica-con-causa\/wp-json\/wp\/v2\/pages\/14306\/revisions"}],"predecessor-version":[{"id":14322,"href":"https:\/\/martha.org.mx\/una-politica-con-causa\/wp-json\/wp\/v2\/pages\/14306\/revisions\/14322"}],"wp:attachment":[{"href":"https:\/\/martha.org.mx\/una-politica-con-causa\/wp-json\/wp\/v2\/media?parent=14306"}],"curies":[{"name":"wp","href":"https:\/\/api.w.org\/{rel}","templated":true}]}}