{"id":14284,"date":"2024-03-04T21:34:29","date_gmt":"2024-03-04T21:34:29","guid":{"rendered":"https:\/\/martha.org.mx\/una-politica-con-causa\/?page_id=14284"},"modified":"2024-03-04T21:43:21","modified_gmt":"2024-03-04T21:43:21","slug":"informes-de-gobierno","status":"publish","type":"page","link":"https:\/\/martha.org.mx\/una-politica-con-causa\/informes-de-gobierno\/","title":{"rendered":"Informes de gobierno"},"content":{"rendered":"\n<div class=\"wp-block-columns alignfull has-text-color has-background is-layout-flex wp-container-core-columns-is-layout-9d6595d7 wp-block-columns-is-layout-flex\" style=\"background-color:#ffffff;color:#000000\">\n<div class=\"wp-block-column is-layout-flow wp-block-column-is-layout-flow\">\n<h3 class=\"wp-block-heading\" style=\"font-size:24px;line-height:1.3\"><strong><a href=\"https:\/\/martha.org.mx\/una-politica-con-causa\/i-informe-de-gobierno\/\" title=\"\">Primer informe de gobierno \u2197<\/a><\/strong><\/h3>\n\n\n\n<p>En el marco del Primer Informe de Gobierno sobre la situaci\u00f3n que guarda la Administraci\u00f3n P\u00fablica del Distrito Federal, y en cumplimiento a lo establecido por los art\u00edculos 67, fracci\u00f3n XXIII del Estatuto de Gobierno del Distrito Federal, 10, fracci\u00f3n XX de la Ley Org\u00e1nica, as\u00ed como 147 y 150 del Reglamento para el Gobierno Interior, ambos de la Asamblea Legislativa del Distrito Federal, presentamos el Informe de Trabajo de la Secretar\u00eda del Medio Ambiente correspondiente al primer a\u00f1o de gesti\u00f3n, como instancia responsable de formular, conducir y evaluar la pol\u00edtica ambiental en el Distrito Federal.<\/p>\n<\/div>\n\n\n\n<div class=\"wp-block-column is-layout-flow wp-block-column-is-layout-flow\">\n<h3 class=\"wp-block-heading\" style=\"font-size:24px;line-height:1.3\"><strong><a href=\"https:\/\/martha.org.mx\/una-politica-con-causa\/ii-informe-de-gobierno\/\" title=\"\">Segundo informe de gobierno\u2197<\/a><\/strong><\/h3>\n\n\n\n<p>En el marco del Segundo Informe de Gobierno 2008 sobre la situaci\u00f3n que guarda la Administraci\u00f3n P\u00fablica del Distrito Federal, de acuerdo con lo establecido en los art\u00edculos 67, fracci\u00f3n XIII del Estatuto de Gobierno del Distrito Federal; 10, fracci\u00f3n XX de la Ley Org\u00e1nica de la Asamblea Legislativa del Distrito Federal, as\u00ed como 147 y 150 del Reglamento para el Gobierno Interior de la misma Asamblea, se presenta el Segundo Informe de Trabajo de la Secretar\u00eda del Medio Ambiente, correspondiente al periodo comprendido entre octubre del 2007 y septiembre del 2008.<\/p>\n<\/div>\n\n\n\n<div class=\"wp-block-column is-layout-flow wp-block-column-is-layout-flow\">\n<h3 class=\"wp-block-heading\" style=\"font-size:24px;line-height:1.3\"><strong><a href=\"https:\/\/martha.org.mx\/una-politica-con-causa\/wp-content\/uploads\/informes\/3er_informe.pdf\" title=\"\">Tercer informe de Gobierno\u2197<\/a><\/strong><\/h3>\n\n\n\n<p>Tercer Informe de Trabajo de la Secretar\u00eda del Medio Ambiente del Gobierno del Distrito Federal. Octubre 2008-Septiembre 2009<\/p>\n<\/div>\n<\/div>\n\n\n\n<div class=\"wp-block-columns alignfull has-text-color has-background is-layout-flex wp-container-core-columns-is-layout-9d6595d7 wp-block-columns-is-layout-flex\" style=\"background-color:#ffffff;color:#000000\">\n<div class=\"wp-block-column is-layout-flow wp-block-column-is-layout-flow\">\n<h3 class=\"wp-block-heading\" style=\"font-size:24px;line-height:1.3\"><strong><a href=\"https:\/\/es.scribd.com\/doc\/39756788\/4%C2%BAInformedeTrabajoSMA\" title=\"\">Cuarto informe de gobierno \u2197<\/a><\/strong><\/h3>\n\n\n\n<p>Cuarto informe de gobierno<\/p>\n<\/div>\n\n\n\n<div class=\"wp-block-column is-layout-flow wp-block-column-is-layout-flow\">\n<h3 class=\"wp-block-heading\" style=\"font-size:24px;line-height:1.3\"><strong><a href=\"https:\/\/es.wordpress.org\">Quinto infor<\/a><a href=\"http:\/\/www.sma.df.gob.mx\/sma\/links\/download\/biblioteca\/5informesma\/5_informe_sma.pdf\" title=\"\">m<\/a><a href=\"https:\/\/es.wordpress.org\">e de gobierno \u2197<\/a><\/strong><\/h3>\n\n\n\n<p>Quinto informe de gobierno<\/p>\n<\/div>\n\n\n\n<div class=\"wp-block-column is-layout-flow wp-block-column-is-layout-flow\"><\/div>\n<\/div>\n","protected":false},"excerpt":{"rendered":"<p>Primer informe de gobierno \u2197 En el marco del Primer Informe de Gobierno sobre la situaci\u00f3n que guarda la Administraci\u00f3n P\u00fablica del Distrito Federal, y en cumplimiento a lo establecido por los art\u00edculos 67, fracci\u00f3n XXIII del Estatuto de Gobierno del Distrito Federal, 10, fracci\u00f3n XX de la Ley Org\u00e1nica, as\u00ed como 147 y 150&hellip;<\/p>\n<p class=\"more-link\"><a href=\"https:\/\/martha.org.mx\/una-politica-con-causa\/informes-de-gobierno\/\" class=\"themebutton\">Read More<\/a><\/p>\n","protected":false},"author":1,"featured_media":0,"parent":0,"menu_order":0,"comment_status":"closed","ping_status":"closed","template":"","meta":{"om_disable_all_campaigns":false,"_monsterinsights_skip_tracking":false,"_monsterinsights_sitenote_active":false,"_monsterinsights_sitenote_note":"","_monsterinsights_sitenote_category":0,"footnotes":""},"class_list":["post-14284","page","type-page","status-publish","hentry"],"aioseo_notices":[],"_links":{"self":[{"href":"https:\/\/martha.org.mx\/una-politica-con-causa\/wp-json\/wp\/v2\/pages\/14284","targetHints":{"allow":["GET"]}}],"collection":[{"href":"https:\/\/martha.org.mx\/una-politica-con-causa\/wp-json\/wp\/v2\/pages"}],"about":[{"href":"https:\/\/martha.org.mx\/una-politica-con-causa\/wp-json\/wp\/v2\/types\/page"}],"author":[{"embeddable":true,"href":"https:\/\/martha.org.mx\/una-politica-con-causa\/wp-json\/wp\/v2\/users\/1"}],"replies":[{"embeddable":true,"href":"https:\/\/martha.org.mx\/una-politica-con-causa\/wp-json\/wp\/v2\/comments?post=14284"}],"version-history":[{"count":2,"href":"https:\/\/martha.org.mx\/una-politica-con-causa\/wp-json\/wp\/v2\/pages\/14284\/revisions"}],"predecessor-version":[{"id":14288,"href":"https:\/\/martha.org.mx\/una-politica-con-causa\/wp-json\/wp\/v2\/pages\/14284\/revisions\/14288"}],"wp:attachment":[{"href":"https:\/\/martha.org.mx\/una-politica-con-causa\/wp-json\/wp\/v2\/media?parent=14284"}],"curies":[{"name":"wp","href":"https:\/\/api.w.org\/{rel}","templated":true}]}}