{"id":14272,"date":"2024-03-04T21:00:04","date_gmt":"2024-03-04T21:00:04","guid":{"rendered":"https:\/\/martha.org.mx\/una-politica-con-causa\/?page_id=14272"},"modified":"2024-03-04T21:34:51","modified_gmt":"2024-03-04T21:34:51","slug":"publicaciones-3","status":"publish","type":"page","link":"https:\/\/martha.org.mx\/una-politica-con-causa\/publicaciones-3\/","title":{"rendered":"Publicaciones Sedema"},"content":{"rendered":"\n<p><\/p>\n\n\n\n<div class=\"wp-block-columns alignwide is-layout-flex wp-container-core-columns-is-layout-829b1d53 wp-block-columns-is-layout-flex\" style=\"margin-bottom:0\">\n<div class=\"wp-block-column has-text-color has-background has-link-color wp-elements-d3368930782ac57a2cafc4556e3ea1ca is-layout-flow wp-block-column-is-layout-flow\" style=\"background-color:#ffe97d;color:#000000;padding-top:2em;padding-right:2em;padding-bottom:2em;padding-left:2em\">\n<h2 class=\"wp-block-heading\" id=\"single\" style=\"font-size:40px\"><strong>Libros Blancos 2006 &#8211; 2012<\/strong><\/h2>\n\n\n\n<p class=\"has-normal-font-size\" style=\"line-height:1.5\"><strong><a href=\"https:\/\/martha.org.mx\/una-politica-con-causa\/wp-content\/uploads\/2013\/09\/00-Informe-Ejecutivo.pdf\"><a href=\"https:\/\/martha.org.mx\/una-politica-con-causa\/wp-content\/uploads\/2013\/09\/00-Informe-Ejecutivo.pdf\">Informe Ejecutivo<\/a><\/a><\/strong><\/p>\n\n\n\n<hr class=\"wp-block-separator has-text-color has-css-opacity has-background is-style-wide\"\/>\n\n\n\n<div class=\"wp-block-buttons alignfull is-horizontal is-content-justification-center is-layout-flex wp-container-core-buttons-is-layout-499968f5 wp-block-buttons-is-layout-flex\">\n<div class=\"wp-block-button has-custom-width wp-block-button__width-100\"><a class=\"wp-block-button__link has-white-color has-text-color has-background no-border-radius\" href=\"https:\/\/martha.org.mx\/una-politica-con-causa\/libros-blancos-2006-2012\/\" style=\"background-color:#000000\">Ver todo<\/a><\/div>\n<\/div>\n<\/div>\n\n\n\n<div class=\"wp-block-column has-text-color has-background has-link-color wp-elements-35633cb4ff1541e324cdf0eefd341f63 is-layout-flow wp-block-column-is-layout-flow\" style=\"background-color:#d1d1e1;color:#000000;padding-top:2em;padding-right:2em;padding-bottom:2em;padding-left:2em\">\n<h2 class=\"wp-block-heading\" style=\"text-transform:capitalize\"><strong>El gran reto del agua en la ciudad de M\u00e9xico<\/strong><\/h2>\n\n\n\n<p>Prospectivas de soluci\u00f3n<\/p>\n\n\n\n<hr class=\"wp-block-separator has-css-opacity is-style-wide\"\/>\n\n\n\n<div class=\"wp-block-buttons alignfull is-horizontal is-content-justification-center is-layout-flex wp-container-core-buttons-is-layout-499968f5 wp-block-buttons-is-layout-flex\">\n<div class=\"wp-block-button has-custom-width wp-block-button__width-100 is-style-fill\"><a class=\"wp-block-button__link has-white-color has-text-color has-background no-border-radius\" href=\"https:\/\/martha.org.mx\/una-politica-con-causa\/wp-content\/uploads\/informes\/ElGranRetodelAgua_enla_CiudadMexico.pdf\" style=\"background-color:#000000\">Ver documento<\/a><\/div>\n<\/div>\n<\/div>\n\n\n\n<div class=\"wp-block-column has-text-color has-background has-link-color wp-elements-4ed388ccb8498f9540ee168f50dcd7cf is-layout-flow wp-block-column-is-layout-flow\" style=\"background-color:#c0ebf1;color:#000000;padding-top:2em;padding-right:2em;padding-bottom:2em;padding-left:2em\">\n<h2 class=\"wp-block-heading\"><strong>Pacto Clim\u00e1tico Global de Ciudades<\/strong><\/h2>\n\n\n\n<p class=\"has-normal-font-size\"><strong>El Pacto Mundial de Ciudades sobre el Clima \u2013 \u201c<em><a href=\"http:\/\/www.worldmayorscouncil.org\/the-mexico-city-pact.html\">El Pacto de la Ciudad de M\u00e9xico<\/a><\/em>\u201d es una iniciativa voluntaria de los alcaldes y representantes de las autoridades locales que tiene como objetivo promover acciones clim\u00e1ticas.&nbsp;<\/strong><\/p>\n\n\n\n<hr class=\"wp-block-separator has-css-opacity is-style-wide\"\/>\n\n\n\n<div class=\"wp-block-buttons alignfull is-horizontal is-content-justification-center is-layout-flex wp-container-core-buttons-is-layout-499968f5 wp-block-buttons-is-layout-flex\">\n<div class=\"wp-block-button has-custom-width wp-block-button__width-100\"><a class=\"wp-block-button__link has-white-color has-text-color has-background no-border-radius\" href=\"http:\/\/www.worldmayorscouncil.org\/the-mexico-city-pact.html\" style=\"background-color:#000000\">Ver<\/a><\/div>\n<\/div>\n<\/div>\n<\/div>\n\n\n\n<div class=\"wp-block-columns alignwide is-layout-flex wp-container-core-columns-is-layout-829b1d53 wp-block-columns-is-layout-flex\" style=\"margin-bottom:0\">\n<div class=\"wp-block-column has-text-color has-background has-link-color wp-elements-b07bbc2b950b1d3adc1585ab20fae90d is-layout-flow wp-block-column-is-layout-flow\" style=\"background-color:#ffe97d;color:#000000;padding-top:2em;padding-right:2em;padding-bottom:2em;padding-left:2em\">\n<h2 class=\"wp-block-heading\" id=\"single\" style=\"font-size:40px\"><strong>Proaire<\/strong><\/h2>\n\n\n\n<p class=\"has-normal-font-size\" style=\"line-height:1.5\"><strong>Los gobiernos que integran la Comisi\u00f3n Ambiental Metropolitana han elaborado un nuevo instrumento de gesti\u00f3n ambiental que orientar\u00e1 durante la presente d\u00e9cada las pol\u00edticas p\u00fablicas en materia de calidad del aire en el Valle de M\u00e9xico.<\/strong><\/p>\n\n\n\n<hr class=\"wp-block-separator has-text-color has-css-opacity has-background is-style-wide\"\/>\n\n\n\n<div class=\"wp-block-buttons alignfull is-horizontal is-content-justification-center is-layout-flex wp-container-core-buttons-is-layout-499968f5 wp-block-buttons-is-layout-flex\">\n<div class=\"wp-block-button has-custom-width wp-block-button__width-100\"><a class=\"wp-block-button__link has-white-color has-text-color has-background no-border-radius\" href=\"https:\/\/martha.org.mx\/una-politica-con-causa\/wp-content\/uploads\/2016\/04\/proaire2011_2020-1.pdf\" style=\"background-color:#000000\"><strong>Ver documento<\/strong><\/a><\/div>\n<\/div>\n<\/div>\n\n\n\n<div class=\"wp-block-column has-text-color has-background has-link-color wp-elements-e1f7612ebaf7b50fa7c35648caee718e is-layout-flow wp-block-column-is-layout-flow\" style=\"background-color:#d1d1e1;color:#000000;padding-top:2em;padding-right:2em;padding-bottom:2em;padding-left:2em\">\n<h2 class=\"wp-block-heading\" id=\"family\" style=\"font-size:40px\"><strong>Registro de emisiones y transferencia de contaminantes<\/strong><\/h2>\n\n\n\n<hr class=\"wp-block-separator has-css-opacity is-style-wide\"\/>\n\n\n\n<div class=\"wp-block-buttons alignfull is-horizontal is-content-justification-center is-layout-flex wp-container-core-buttons-is-layout-499968f5 wp-block-buttons-is-layout-flex\">\n<div class=\"wp-block-button has-custom-width wp-block-button__width-100 is-style-fill\"><a class=\"wp-block-button__link has-white-color has-text-color has-background no-border-radius\" href=\"https:\/\/martha.org.mx\/una-politica-con-causa\/wp-content\/uploads\/2015\/11\/1er_inf_retc_df_2006.pdf\" style=\"background-color:#000000\">Ver documento<\/a><\/div>\n<\/div>\n<\/div>\n\n\n\n<div class=\"wp-block-column has-text-color has-background has-link-color wp-elements-76eb1c26b3202d3d1ce21ad081144ae7 is-layout-flow wp-block-column-is-layout-flow\" style=\"background-color:#c0ebf1;color:#000000;padding-top:2em;padding-right:2em;padding-bottom:2em;padding-left:2em\">\n<h2 class=\"wp-block-heading\" id=\"patron\" style=\"font-size:40px\"><strong>Agenda de sustentabilidad ambiental<\/strong><\/h2>\n\n\n\n<p class=\"has-normal-font-size\"><strong>Se llev\u00f3 a cabo bajo el convenio de colaboraci\u00f3n entre el Gobierno del Distrito Federal, por conducto de la Secretar\u00eda del Medio Ambiente, la Embajada del Reino Unido en M\u00e9xico y El Colegio de M\u00e9xico con fecha 1\u00ba de septiembre de 2008.<\/strong><\/p>\n\n\n\n<hr class=\"wp-block-separator has-css-opacity is-style-wide\"\/>\n\n\n\n<div class=\"wp-block-buttons alignfull is-horizontal is-content-justification-center is-layout-flex wp-container-core-buttons-is-layout-499968f5 wp-block-buttons-is-layout-flex\">\n<div class=\"wp-block-button has-custom-width wp-block-button__width-100\"><a class=\"wp-block-button__link has-white-color has-text-color has-background no-border-radius\" href=\"http:\/\/centro.paot.org.mx\/documentos\/sma\/asa_zmvm_version_completa.pdf\" style=\"background-color:#000000\"><strong>Ver documento<\/strong><\/a><\/div>\n<\/div>\n<\/div>\n<\/div>\n\n\n\n<div class=\"wp-block-columns alignwide is-layout-flex wp-container-core-columns-is-layout-829b1d53 wp-block-columns-is-layout-flex\" style=\"margin-bottom:0\">\n<div class=\"wp-block-column has-text-color has-background has-link-color wp-elements-2aca630189d2eda5017736d9c6c80396 is-layout-flow wp-block-column-is-layout-flow\" style=\"background-color:#ffe97d;color:#000000;padding-top:2em;padding-right:2em;padding-bottom:2em;padding-left:2em\">\n<h2 class=\"wp-block-heading\" id=\"single\" style=\"font-size:40px\"><strong>Manual del ciclista urbano<\/strong><\/h2>\n\n\n\n<p>Es un buen punto para empezar a adentrarte en el mundo de las bicicletas urbanas y perderle el miedo a la ciudad. Hecho con la colaboraci\u00f3n de&nbsp;<a href=\"http:\/\/bicitekas.org\/\" target=\"_blank\" rel=\"noreferrer noopener\">Bicitekas A.C.<\/a>&nbsp;y Movilidad y Espacio P\u00fablico, A.C.<\/p>\n\n\n\n<hr class=\"wp-block-separator has-text-color has-css-opacity has-background is-style-wide\"\/>\n\n\n\n<ul class=\"has-normal-font-size wp-block-list\"><li><\/li><\/ul>\n\n\n\n<div class=\"wp-block-buttons alignfull is-horizontal is-content-justification-center is-layout-flex wp-container-core-buttons-is-layout-499968f5 wp-block-buttons-is-layout-flex\">\n<div class=\"wp-block-button has-custom-width wp-block-button__width-100\"><a class=\"wp-block-button__link has-white-color has-text-color has-background no-border-radius\" href=\"https:\/\/issuu.com\/whtthfkc\/docs\/manual_del_ciclista_urbano#google_vignette\" style=\"background-color:#000000\">Ver documento<\/a><\/div>\n<\/div>\n<\/div>\n\n\n\n<div class=\"wp-block-column has-text-color has-background has-link-color wp-elements-528183fa3c39c635f00cdffe3d430e4f is-layout-flow wp-block-column-is-layout-flow\" style=\"background-color:#d1d1e1;color:#000000;padding-top:2em;padding-right:2em;padding-bottom:2em;padding-left:2em\">\n<h2 class=\"wp-block-heading\" id=\"family\" style=\"font-size:40px\"><strong>Programa de acci\u00f3n clim\u00e1tica, Ciudad de M\u00e9xico 2008-2012<\/strong><\/h2>\n\n\n\n<p>El Gobierno del Distrito Federal reconoce que el cambio clim\u00e1tico es la amenaza m\u00e1s grave que se cierne actualmente sobre los ecosistemas de la Ciudad de M\u00e9xico, del pa\u00eds y del mundo, con indudables consecuencias en la calidad de vida de la poblaci\u00f3n.<\/p>\n\n\n\n<hr class=\"wp-block-separator has-css-opacity is-style-wide\"\/>\n\n\n\n<div class=\"wp-block-buttons alignfull is-horizontal is-content-justification-center is-layout-flex wp-container-core-buttons-is-layout-499968f5 wp-block-buttons-is-layout-flex\">\n<div class=\"wp-block-button has-custom-width wp-block-button__width-100 is-style-fill\"><a class=\"wp-block-button__link has-white-color has-text-color has-background no-border-radius\" href=\"https:\/\/martha.org.mx\/una-politica-con-causa\/wp-content\/uploads\/2019\/08\/prog_accion_clima_2008_2012.pdf\" style=\"background-color:#000000\">Ver documento<\/a><\/div>\n<\/div>\n<\/div>\n\n\n\n<div class=\"wp-block-column has-text-color has-background has-link-color wp-elements-6c751598551737cd92a2a1e5f3a48c3a is-layout-flow wp-block-column-is-layout-flow\" style=\"background-color:#c0ebf1;color:#000000;padding-top:2em;padding-right:2em;padding-bottom:2em;padding-left:2em\">\n<h2 class=\"wp-block-heading\" id=\"patron\" style=\"font-size:40px\"><strong>Sue\u00f1os sobre ruedas<\/strong><\/h2>\n\n\n\n<p>Seis a\u00f1os han transcurrido desde que decidimos emprender un nuevo camino, uno cuya principal meta es promover una movilidad alternativa y fomentar el uso de la bicicleta en la Ciudad de M\u00e9xico.<\/p>\n\n\n\n<hr class=\"wp-block-separator has-css-opacity is-style-wide\"\/>\n\n\n\n<div class=\"wp-block-buttons alignfull is-horizontal is-content-justification-center is-layout-flex wp-container-core-buttons-is-layout-499968f5 wp-block-buttons-is-layout-flex\">\n<div class=\"wp-block-button has-custom-width wp-block-button__width-100\"><a class=\"wp-block-button__link has-white-color has-text-color has-background no-border-radius\" href=\"https:\/\/martha.org.mx\/informacion-general\/SuenoSobreRuedas.pdf\" style=\"background-color:#000000\">Ver documento<\/a><\/div>\n<\/div>\n<\/div>\n<\/div>\n\n\n\n<div class=\"wp-block-columns alignwide is-layout-flex wp-container-core-columns-is-layout-829b1d53 wp-block-columns-is-layout-flex\" style=\"margin-bottom:0\">\n<div class=\"wp-block-column has-text-color has-background has-link-color wp-elements-498611e1c5d2262f4c8983eae87b371b is-layout-flow wp-block-column-is-layout-flow\" style=\"background-color:#ffe97d;color:#000000;padding-top:2em;padding-right:2em;padding-bottom:2em;padding-left:2em\">\n<h2 class=\"wp-block-heading\" id=\"single\" style=\"font-size:40px\"><strong>Pol\u00edtica ambiental DF<\/strong><\/h2>\n\n\n\n<p>Trabajamos para impulsar una nueva forma de hacer pol\u00edtica ambiental. Si el deterioro ambiental acumulado durante d\u00e9cadas, s\u00ed ha servido para poner el tema en el escenario pol\u00edtico, econ\u00f3mico y social con una fuerte apuesta en el involucramiento de todos los actores de la sociedad en la recuperaci\u00f3n, restauraci\u00f3n y conservaci\u00f3n de nuestros recursos, en el cambio de h\u00e1bitos y en la conciencia de que a\u00fan es posible aspirar a regresar sobre nuestros pasos y tener una mejor comunidad donde vivir.<\/p>\n\n\n\n<hr class=\"wp-block-separator has-text-color has-css-opacity has-background is-style-wide\"\/>\n\n\n\n<div class=\"wp-block-buttons alignfull is-horizontal is-content-justification-center is-layout-flex wp-container-core-buttons-is-layout-499968f5 wp-block-buttons-is-layout-flex\">\n<div class=\"wp-block-button has-custom-width wp-block-button__width-100\"><a class=\"wp-block-button__link has-white-color has-text-color has-background no-border-radius\" href=\"https:\/\/martha.org.mx\/informacion-general\/politica_ambiental_en_el_df.pdf\" style=\"background-color:#000000\">Ver documento<\/a><\/div>\n<\/div>\n<\/div>\n\n\n\n<div class=\"wp-block-column has-text-color has-background has-link-color wp-elements-3c457173bd1950ee011ed7dacc170dbf is-layout-flow wp-block-column-is-layout-flow\" style=\"background-color:#d1d1e1;color:#000000;padding-top:2em;padding-right:2em;padding-bottom:2em;padding-left:2em\">\n<h2 class=\"wp-block-heading\" id=\"family\" style=\"font-size:40px\"><strong>5 a\u00f1os de avance del Plan Verde<\/strong><\/h2>\n\n\n\n<p class=\"has-normal-font-size\" style=\"line-height:1.5\"><\/p>\n\n\n\n<hr class=\"wp-block-separator has-css-opacity is-style-wide\"\/>\n\n\n\n<div class=\"wp-block-buttons alignfull is-horizontal is-content-justification-center is-layout-flex wp-container-core-buttons-is-layout-499968f5 wp-block-buttons-is-layout-flex\">\n<div class=\"wp-block-button has-custom-width wp-block-button__width-100 is-style-fill\"><a class=\"wp-block-button__link has-white-color has-text-color has-background no-border-radius\" href=\"https:\/\/martha.org.mx\/informacion-general\/avances_pv.pdf\" style=\"background-color:#000000\">Ver documento<\/a><\/div>\n<\/div>\n<\/div>\n\n\n\n<div class=\"wp-block-column has-text-color has-background has-link-color wp-elements-a9a62394df650bbbc6edc5fc7885848c is-layout-flow wp-block-column-is-layout-flow\" style=\"background-color:#c0ebf1;color:#000000;padding-top:2em;padding-right:2em;padding-bottom:2em;padding-left:2em\">\n<h2 class=\"wp-block-heading\" id=\"patron\" style=\"font-size:40px\"><strong>Rescate del r\u00edo Magdalena<\/strong><\/h2>\n\n\n\n<p>El r\u00edo Magdalena nace en la Sierra de las Cruces, a 3600 msnm, en la Delegaci\u00f3n Cuajimalpa, al surponiente del Distrito Federal. Su extensi\u00f3n es de 28.2 km, desde su nacimiento hasta su punto de incorporaci\u00f3n al sistema de drenaje en la avenida R\u00edo Churubusco.<\/p>\n\n\n\n<hr class=\"wp-block-separator has-css-opacity is-style-wide\"\/>\n\n\n\n<div class=\"wp-block-buttons alignfull is-horizontal is-content-justification-center is-layout-flex wp-container-core-buttons-is-layout-499968f5 wp-block-buttons-is-layout-flex\">\n<div class=\"wp-block-button has-custom-width wp-block-button__width-100\"><a class=\"wp-block-button__link has-white-color has-text-color has-background no-border-radius\" href=\"https:\/\/martha.org.mx\/una-politica-con-causa\/wp-content\/uploads\/2013\/09\/03-Programa-Rios-Magdalena-y-Eslava.pdf\" style=\"background-color:#000000\">Ver documento<\/a><\/div>\n<\/div>\n<\/div>\n<\/div>\n","protected":false},"excerpt":{"rendered":"<p>Libros Blancos 2006 &#8211; 2012 Informe Ejecutivo El gran reto del agua en la ciudad de M\u00e9xico Prospectivas de soluci\u00f3n Pacto Clim\u00e1tico Global de Ciudades El Pacto Mundial de Ciudades sobre el Clima \u2013 \u201cEl Pacto de la Ciudad de M\u00e9xico\u201d es una iniciativa voluntaria de los alcaldes y representantes de las autoridades locales que&hellip;<\/p>\n<p class=\"more-link\"><a href=\"https:\/\/martha.org.mx\/una-politica-con-causa\/publicaciones-3\/\" class=\"themebutton\">Read More<\/a><\/p>\n","protected":false},"author":1,"featured_media":0,"parent":0,"menu_order":0,"comment_status":"closed","ping_status":"closed","template":"","meta":{"om_disable_all_campaigns":false,"_monsterinsights_skip_tracking":false,"_monsterinsights_sitenote_active":false,"_monsterinsights_sitenote_note":"","_monsterinsights_sitenote_category":0,"footnotes":""},"class_list":["post-14272","page","type-page","status-publish","hentry"],"aioseo_notices":[],"_links":{"self":[{"href":"https:\/\/martha.org.mx\/una-politica-con-causa\/wp-json\/wp\/v2\/pages\/14272","targetHints":{"allow":["GET"]}}],"collection":[{"href":"https:\/\/martha.org.mx\/una-politica-con-causa\/wp-json\/wp\/v2\/pages"}],"about":[{"href":"https:\/\/martha.org.mx\/una-politica-con-causa\/wp-json\/wp\/v2\/types\/page"}],"author":[{"embeddable":true,"href":"https:\/\/martha.org.mx\/una-politica-con-causa\/wp-json\/wp\/v2\/users\/1"}],"replies":[{"embeddable":true,"href":"https:\/\/martha.org.mx\/una-politica-con-causa\/wp-json\/wp\/v2\/comments?post=14272"}],"version-history":[{"count":5,"href":"https:\/\/martha.org.mx\/una-politica-con-causa\/wp-json\/wp\/v2\/pages\/14272\/revisions"}],"predecessor-version":[{"id":14283,"href":"https:\/\/martha.org.mx\/una-politica-con-causa\/wp-json\/wp\/v2\/pages\/14272\/revisions\/14283"}],"wp:attachment":[{"href":"https:\/\/martha.org.mx\/una-politica-con-causa\/wp-json\/wp\/v2\/media?parent=14272"}],"curies":[{"name":"wp","href":"https:\/\/api.w.org\/{rel}","templated":true}]}}