{"id":13524,"date":"2023-06-13T20:25:13","date_gmt":"2023-06-13T20:25:13","guid":{"rendered":"https:\/\/martha.org.mx\/una-politica-con-causa\/?page_id=13524"},"modified":"2024-08-13T13:41:07","modified_gmt":"2024-08-13T13:41:07","slug":"publicaciones-2","status":"publish","type":"page","link":"https:\/\/martha.org.mx\/una-politica-con-causa\/publicaciones-2\/","title":{"rendered":"Publicaciones"},"content":{"rendered":"\n<p>Durante mi encargo al frente de la subsecretar\u00eda para Asuntos Multilaterales y Derechos Humanos de la Secretar\u00eda de Relaciones Exteriores, bajo el liderazgo del entonces Canciller Marcelo Ebrard, nos pareci\u00f3 fundamental dejar registro de nuestro trabajo, no solo en las acciones, sino a manera de resumen en libros para que puedan ser consultados por las nuevas generaciones o quienes est\u00e9n interesados en la labor del multilateralismo en M\u00e9xico. <\/p>\n\n\n\n<p>El primero de ellos es M\u00e9xico: la visi\u00f3n multilateral, aqu\u00ed podr\u00e1n leerlo.<\/p>\n\n\n\n<figure class=\"wp-block-image size-full is-resized\"><a href=\"https:\/\/martha.org.mx\/una-politica-con-causa\/wp-content\/uploads\/2023\/06\/Mexico-Vision-Multilateral_15J22.pdf\"><img loading=\"lazy\" decoding=\"async\" width=\"510\" height=\"664\" src=\"https:\/\/martha.org.mx\/una-politica-con-causa\/wp-content\/uploads\/2023\/06\/vision-multilateral.jpg\" alt=\"\" class=\"wp-image-13526\" style=\"width:200px\" srcset=\"https:\/\/martha.org.mx\/una-politica-con-causa\/wp-content\/uploads\/2023\/06\/vision-multilateral.jpg 510w, https:\/\/martha.org.mx\/una-politica-con-causa\/wp-content\/uploads\/2023\/06\/vision-multilateral-230x300.jpg 230w\" sizes=\"auto, (max-width: 510px) 100vw, 510px\" \/><\/a><\/figure>\n\n\n\n<p><\/p>\n\n\n\n<p>En el marco de nuestro trabajo a favor de los oce\u00e1nos y como parte de los compromisos del Ocean Panel, publicamos la Estrategia de Instrumentaci\u00f3n para una Econom\u00eda Oce\u00e1nica Sostenible en M\u00e9xico 2021-2024. Tambi\u00e9n aqu\u00ed podr\u00e1n consultarla completa.<\/p>\n\n\n\n<figure class=\"wp-block-image size-full is-resized\"><a href=\"https:\/\/martha.org.mx\/una-politica-con-causa\/wp-content\/uploads\/2023\/06\/Libro-Oceanos.pdf\"><img loading=\"lazy\" decoding=\"async\" width=\"477\" height=\"626\" src=\"https:\/\/martha.org.mx\/una-politica-con-causa\/wp-content\/uploads\/2023\/06\/estrategia-oceanos.jpg\" alt=\"\" class=\"wp-image-13529\" style=\"width:200px\" srcset=\"https:\/\/martha.org.mx\/una-politica-con-causa\/wp-content\/uploads\/2023\/06\/estrategia-oceanos.jpg 477w, https:\/\/martha.org.mx\/una-politica-con-causa\/wp-content\/uploads\/2023\/06\/estrategia-oceanos-229x300.jpg 229w\" sizes=\"auto, (max-width: 477px) 100vw, 477px\" \/><\/a><\/figure>\n\n\n\n<p><\/p>\n\n\n\n<p>Por otra parte, la Secretar\u00eda de Relaciones Exteriores (SRE) present\u00f3 el&nbsp;<a href=\"https:\/\/www.gob.mx\/sre\/documentos\/grupo-de-trabajo-para-la-electrificacion-del-transporte\" target=\"_blank\" rel=\"noreferrer noopener\"><strong>Grupo de Trabajo M\u00e9xico-Estados para la Electrificaci\u00f3n del Transporte<\/strong><\/a>, una iniciativa de alto nivel desarrollada en conjunto por la Canciller\u00eda y la Universidad de California.  El proyecto cuenta con la participaci\u00f3n de actores de primer orden en tres sectores: gubernamental, industrial y acad\u00e9mico, tanto de M\u00e9xico como de Estados Unidos. Aqu\u00ed podr\u00e1n consultar el libro sobre el tema. <\/p>\n\n\n\n<figure class=\"wp-block-image size-full is-resized\"><a href=\"https:\/\/martha.org.mx\/una-politica-con-causa\/wp-content\/uploads\/2023\/06\/Libro-Electrificacion.pdf\"><img loading=\"lazy\" decoding=\"async\" width=\"579\" height=\"758\" src=\"https:\/\/martha.org.mx\/una-politica-con-causa\/wp-content\/uploads\/2023\/06\/GTE.jpg\" alt=\"\" class=\"wp-image-13530\" style=\"width:200px\" srcset=\"https:\/\/martha.org.mx\/una-politica-con-causa\/wp-content\/uploads\/2023\/06\/GTE.jpg 579w, https:\/\/martha.org.mx\/una-politica-con-causa\/wp-content\/uploads\/2023\/06\/GTE-229x300.jpg 229w\" sizes=\"auto, (max-width: 579px) 100vw, 579px\" \/><\/a><\/figure>\n\n\n\n<p>El <a href=\"https:\/\/martha.org.mx\/una-politica-con-causa\/wp-content\/uploads\/2024\/08\/Atlas-Prospectivo-Territorial-Industrial.pdf\" title=\"Atlas Prospectivo Territorial-Industrial\">Atlas Prospectivo Territorial-Industrial<\/a> se basa en un an\u00e1lisis estrat\u00e9gico que identifica sectores en los que M\u00e9xico tiene gran potencial de desarrollo futuro, dadas las condiciones en territorios espec\u00edficos.<\/p>\n\n\n\n<figure class=\"wp-block-image size-full is-resized\"><a href=\"https:\/\/martha.org.mx\/una-politica-con-causa\/wp-content\/uploads\/2024\/08\/Atlas-Prospectivo-Territorial-Industrial.pdf\"><img loading=\"lazy\" decoding=\"async\" width=\"613\" height=\"775\" src=\"https:\/\/martha.org.mx\/una-politica-con-causa\/wp-content\/uploads\/2024\/08\/atlas.png\" alt=\"\" class=\"wp-image-14351\" style=\"width:200px\" srcset=\"https:\/\/martha.org.mx\/una-politica-con-causa\/wp-content\/uploads\/2024\/08\/atlas.png 613w, https:\/\/martha.org.mx\/una-politica-con-causa\/wp-content\/uploads\/2024\/08\/atlas-237x300.png 237w\" sizes=\"auto, (max-width: 613px) 100vw, 613px\" \/><\/a><\/figure>\n\n\n\n<p>Otro de los grandes esfuerzos que realizamos, fue la participaci\u00f3n de M\u00e9xico en la Expo 2020 Dubai, aunque la pandemia hab\u00eda imposibilitado que se realizara en sus fechas originales, se logr\u00f3 realizar tiempo despu\u00e9s. En esta publicaci\u00f3n conjuntamos todo lo que realizamos, las actividades culturales, de negocios, y mucho m\u00e1s. Adicionalmente, en colaboraci\u00f3n con la Oficina para la Memoria Hist\u00f3rica de M\u00e9xico del Archivo General de la Naci\u00f3n, presentaron el micrositio sobre el Pabell\u00f3n de M\u00e9xico en la Expo 2020 Dub\u00e1i, en el repositorio digital <a href=\"https:\/\/memoricamexico.gob.mx\/es\/memorica\/Dubai\" title=\"\">\u201cMem\u00f3rica, M\u00e9xico, haz Memoria\u201d,<\/a> con el objetivo de generar una exposici\u00f3n virtual y divulgar la importancia de la participaci\u00f3n de M\u00e9xico en la Exposici\u00f3n Universal.<\/p>\n\n\n\n<figure class=\"wp-block-image size-full is-resized\"><a href=\"https:\/\/martha.org.mx\/una-politica-con-causa\/wp-content\/uploads\/2023\/10\/pabellon_mexico_expo_2020_dubai_br_dp.pdf\"><img loading=\"lazy\" decoding=\"async\" width=\"486\" height=\"574\" src=\"https:\/\/martha.org.mx\/una-politica-con-causa\/wp-content\/uploads\/2023\/10\/dubai.png\" alt=\"\" class=\"wp-image-14260\" style=\"width:200px\" srcset=\"https:\/\/martha.org.mx\/una-politica-con-causa\/wp-content\/uploads\/2023\/10\/dubai.png 486w, https:\/\/martha.org.mx\/una-politica-con-causa\/wp-content\/uploads\/2023\/10\/dubai-254x300.png 254w\" sizes=\"auto, (max-width: 486px) 100vw, 486px\" \/><\/a><\/figure>\n\n\n\n<p><\/p>\n\n\n\n<p>M\u00e9xico y la estrategia de protecci\u00f3n de personas de Afganist\u00e1n<\/p>\n\n\n\n<figure class=\"wp-block-image size-full is-resized\"><a href=\"https:\/\/martha.org.mx\/una-politica-con-causa\/wp-content\/uploads\/2024\/03\/Mexico-y-la-estrategia-de-proteccion-de-personas-de-Afganistan.pdf\"><img loading=\"lazy\" decoding=\"async\" width=\"644\" height=\"806\" src=\"https:\/\/martha.org.mx\/una-politica-con-causa\/wp-content\/uploads\/2024\/03\/afgan.png\" alt=\"\" class=\"wp-image-14289\" style=\"width:200px\" srcset=\"https:\/\/martha.org.mx\/una-politica-con-causa\/wp-content\/uploads\/2024\/03\/afgan.png 644w, https:\/\/martha.org.mx\/una-politica-con-causa\/wp-content\/uploads\/2024\/03\/afgan-240x300.png 240w\" sizes=\"auto, (max-width: 644px) 100vw, 644px\" \/><\/a><\/figure>\n\n\n\n<p><\/p>\n\n\n\n<p><strong>La estrategia internacional de M\u00e9xico en la pandemia de Covid-19<\/strong><\/p>\n\n\n\n<figure class=\"wp-block-image size-full is-resized\"><a href=\"https:\/\/martha.org.mx\/una-politica-con-causa\/wp-content\/uploads\/2024\/03\/La-estrategia-internacional-de-Mexico-en-la-pandemia-de-Covid-19.pdf\"><img loading=\"lazy\" decoding=\"async\" width=\"608\" height=\"785\" src=\"https:\/\/martha.org.mx\/una-politica-con-causa\/wp-content\/uploads\/2024\/03\/vacunas.png\" alt=\"\" class=\"wp-image-14292\" style=\"width:200px\" srcset=\"https:\/\/martha.org.mx\/una-politica-con-causa\/wp-content\/uploads\/2024\/03\/vacunas.png 608w, https:\/\/martha.org.mx\/una-politica-con-causa\/wp-content\/uploads\/2024\/03\/vacunas-232x300.png 232w\" sizes=\"auto, (max-width: 608px) 100vw, 608px\" \/><\/a><\/figure>\n\n\n\n<h2 class=\"wp-block-heading\"><strong>Publicaciones externas<\/strong><\/h2>\n\n\n\n<p>Tambi\u00e9n, quiero compartirles este <a href=\"https:\/\/martha.org.mx\/una-politica-con-causa\/wp-content\/uploads\/2023\/12\/Martha-Delgado-Booklet-web-version.pdf\" title=\"\">documento <\/a>en el que podr\u00e1n encontrar el resumen de mis actividades como Presidenta de la Primera Asamblea General de ONU Habitat<\/p>\n\n\n\n<figure class=\"wp-block-image size-full is-resized\"><a href=\"https:\/\/martha.org.mx\/una-politica-con-causa\/wp-content\/uploads\/2023\/12\/Martha-Delgado-Booklet-web-version.pdf\"><img loading=\"lazy\" decoding=\"async\" width=\"770\" height=\"783\" src=\"https:\/\/martha.org.mx\/una-politica-con-causa\/wp-content\/uploads\/2023\/12\/portada-onu-hab.png\" alt=\"\" class=\"wp-image-14269\" style=\"width:200px\" srcset=\"https:\/\/martha.org.mx\/una-politica-con-causa\/wp-content\/uploads\/2023\/12\/portada-onu-hab.png 770w, https:\/\/martha.org.mx\/una-politica-con-causa\/wp-content\/uploads\/2023\/12\/portada-onu-hab-295x300.png 295w, https:\/\/martha.org.mx\/una-politica-con-causa\/wp-content\/uploads\/2023\/12\/portada-onu-hab-768x781.png 768w, https:\/\/martha.org.mx\/una-politica-con-causa\/wp-content\/uploads\/2023\/12\/portada-onu-hab-80x80.png 80w\" sizes=\"auto, (max-width: 770px) 100vw, 770px\" \/><\/a><figcaption class=\"wp-element-caption\">Click en la foto para ver el documento<\/figcaption><\/figure>\n","protected":false},"excerpt":{"rendered":"<p>Durante mi encargo al frente de la subsecretar\u00eda para Asuntos Multilaterales y Derechos Humanos de la Secretar\u00eda de Relaciones Exteriores, bajo el liderazgo del entonces Canciller Marcelo Ebrard, nos pareci\u00f3 fundamental dejar registro de nuestro trabajo, no solo en las acciones, sino a manera de resumen en libros para que puedan ser consultados por las&hellip;<\/p>\n<p class=\"more-link\"><a href=\"https:\/\/martha.org.mx\/una-politica-con-causa\/publicaciones-2\/\" class=\"themebutton\">Read More<\/a><\/p>\n","protected":false},"author":1,"featured_media":0,"parent":0,"menu_order":0,"comment_status":"closed","ping_status":"closed","template":"","meta":{"om_disable_all_campaigns":false,"_monsterinsights_skip_tracking":false,"_monsterinsights_sitenote_active":false,"_monsterinsights_sitenote_note":"","_monsterinsights_sitenote_category":0,"footnotes":""},"class_list":["post-13524","page","type-page","status-publish","hentry"],"aioseo_notices":[],"_links":{"self":[{"href":"https:\/\/martha.org.mx\/una-politica-con-causa\/wp-json\/wp\/v2\/pages\/13524","targetHints":{"allow":["GET"]}}],"collection":[{"href":"https:\/\/martha.org.mx\/una-politica-con-causa\/wp-json\/wp\/v2\/pages"}],"about":[{"href":"https:\/\/martha.org.mx\/una-politica-con-causa\/wp-json\/wp\/v2\/types\/page"}],"author":[{"embeddable":true,"href":"https:\/\/martha.org.mx\/una-politica-con-causa\/wp-json\/wp\/v2\/users\/1"}],"replies":[{"embeddable":true,"href":"https:\/\/martha.org.mx\/una-politica-con-causa\/wp-json\/wp\/v2\/comments?post=13524"}],"version-history":[{"count":5,"href":"https:\/\/martha.org.mx\/una-politica-con-causa\/wp-json\/wp\/v2\/pages\/13524\/revisions"}],"predecessor-version":[{"id":14352,"href":"https:\/\/martha.org.mx\/una-politica-con-causa\/wp-json\/wp\/v2\/pages\/13524\/revisions\/14352"}],"wp:attachment":[{"href":"https:\/\/martha.org.mx\/una-politica-con-causa\/wp-json\/wp\/v2\/media?parent=13524"}],"curies":[{"name":"wp","href":"https:\/\/api.w.org\/{rel}","templated":true}]}}