{"id":13502,"date":"2023-06-10T00:05:16","date_gmt":"2023-06-10T00:05:16","guid":{"rendered":"https:\/\/martha.org.mx\/una-politica-con-causa\/?page_id=13502"},"modified":"2023-10-25T19:14:48","modified_gmt":"2023-10-25T19:14:48","slug":"con-marcelo-si","status":"publish","type":"page","link":"https:\/\/martha.org.mx\/una-politica-con-causa\/con-marcelo-si\/","title":{"rendered":"Mejor con Ebrard"},"content":{"rendered":"\n<p>Para mayor referencia pueden consultar este <a href=\"https:\/\/mejormarcelo.com.mx\/\" title=\"\">link<\/a>: <a href=\"https:\/\/mejormarcelo.com.mx\/\" title=\"\">Mejor Marcelo<\/a><\/p>\n\n\n\n<p>El pasado 2 de mayo de 2023 present\u00e9 mi renuncia al cargo de Subsecretaria para Asuntos Multilaterales y Derechos Humanos de la SRE, con el prop\u00f3sito de dar inicio a proyectos personales y pol\u00edticos que demandan mi completa dedicaci\u00f3n. <\/p>\n\n\n\n<p>Agradec\u00ed al Presidente Andr\u00e9s Manuel L\u00f3pez Obrador y a Marcelo Ebrard por la honrosa oportunidad de servir y representar a mi pa\u00eds. <\/p>\n\n\n\n<p>Les comparto la carta con mi gratitud. <\/p>\n\n\n\n<figure class=\"wp-block-image size-large is-resized\"><img loading=\"lazy\" decoding=\"async\" src=\"https:\/\/martha.org.mx\/una-politica-con-causa\/wp-content\/uploads\/2023\/06\/Diseno-sin-titulo-1024x576.png\" alt=\"\" class=\"wp-image-13522\" width=\"512\" height=\"288\" srcset=\"https:\/\/martha.org.mx\/una-politica-con-causa\/wp-content\/uploads\/2023\/06\/Diseno-sin-titulo-1024x576.png 1024w, https:\/\/martha.org.mx\/una-politica-con-causa\/wp-content\/uploads\/2023\/06\/Diseno-sin-titulo-300x169.png 300w, https:\/\/martha.org.mx\/una-politica-con-causa\/wp-content\/uploads\/2023\/06\/Diseno-sin-titulo-768x432.png 768w, https:\/\/martha.org.mx\/una-politica-con-causa\/wp-content\/uploads\/2023\/06\/Diseno-sin-titulo.png 1366w\" sizes=\"auto, (max-width: 512px) 100vw, 512px\" \/><\/figure>\n","protected":false},"excerpt":{"rendered":"<p>Para mayor referencia pueden consultar este link: Mejor Marcelo El pasado 2 de mayo de 2023 present\u00e9 mi renuncia al cargo de Subsecretaria para Asuntos Multilaterales y Derechos Humanos de la SRE, con el prop\u00f3sito de dar inicio a proyectos personales y pol\u00edticos que demandan mi completa dedicaci\u00f3n. Agradec\u00ed al Presidente Andr\u00e9s Manuel L\u00f3pez Obrador&hellip;<\/p>\n<p class=\"more-link\"><a href=\"https:\/\/martha.org.mx\/una-politica-con-causa\/con-marcelo-si\/\" class=\"themebutton\">Read More<\/a><\/p>\n","protected":false},"author":1,"featured_media":0,"parent":0,"menu_order":0,"comment_status":"closed","ping_status":"closed","template":"","meta":{"om_disable_all_campaigns":false,"_monsterinsights_skip_tracking":false,"_monsterinsights_sitenote_active":false,"_monsterinsights_sitenote_note":"","_monsterinsights_sitenote_category":0,"footnotes":""},"class_list":["post-13502","page","type-page","status-publish","hentry"],"aioseo_notices":[],"_links":{"self":[{"href":"https:\/\/martha.org.mx\/una-politica-con-causa\/wp-json\/wp\/v2\/pages\/13502","targetHints":{"allow":["GET"]}}],"collection":[{"href":"https:\/\/martha.org.mx\/una-politica-con-causa\/wp-json\/wp\/v2\/pages"}],"about":[{"href":"https:\/\/martha.org.mx\/una-politica-con-causa\/wp-json\/wp\/v2\/types\/page"}],"author":[{"embeddable":true,"href":"https:\/\/martha.org.mx\/una-politica-con-causa\/wp-json\/wp\/v2\/users\/1"}],"replies":[{"embeddable":true,"href":"https:\/\/martha.org.mx\/una-politica-con-causa\/wp-json\/wp\/v2\/comments?post=13502"}],"version-history":[{"count":5,"href":"https:\/\/martha.org.mx\/una-politica-con-causa\/wp-json\/wp\/v2\/pages\/13502\/revisions"}],"predecessor-version":[{"id":14257,"href":"https:\/\/martha.org.mx\/una-politica-con-causa\/wp-json\/wp\/v2\/pages\/13502\/revisions\/14257"}],"wp:attachment":[{"href":"https:\/\/martha.org.mx\/una-politica-con-causa\/wp-json\/wp\/v2\/media?parent=13502"}],"curies":[{"name":"wp","href":"https:\/\/api.w.org\/{rel}","templated":true}]}}