{"id":13193,"date":"2022-10-13T22:38:33","date_gmt":"2022-10-13T22:38:33","guid":{"rendered":"https:\/\/martha.org.mx\/una-politica-con-causa\/?page_id=13193"},"modified":"2022-10-13T23:31:59","modified_gmt":"2022-10-13T23:31:59","slug":"comunicados","status":"publish","type":"page","link":"https:\/\/martha.org.mx\/una-politica-con-causa\/comunicados\/","title":{"rendered":"Comunicados"},"content":{"rendered":"\n<div class=\"wp-block-columns is-layout-flex wp-container-core-columns-is-layout-9d6595d7 wp-block-columns-is-layout-flex\">\n<div class=\"wp-block-column is-layout-flow wp-block-column-is-layout-flow\" style=\"flex-basis:100%\">\n<div class=\"wp-block-columns is-layout-flex wp-container-core-columns-is-layout-9d6595d7 wp-block-columns-is-layout-flex\">\n<div class=\"wp-block-column is-vertically-aligned-center is-layout-flow wp-block-column-is-layout-flow\" style=\"flex-basis:33.33%\">\n<figure class=\"wp-block-image size-large is-resized\"><img loading=\"lazy\" decoding=\"async\" src=\"https:\/\/martha.org.mx\/una-politica-con-causa\/wp-content\/uploads\/2022\/10\/photo1665158725-1-1024x576.jpeg\" alt=\"\" class=\"wp-image-13191\" width=\"512\" height=\"288\" srcset=\"https:\/\/martha.org.mx\/una-politica-con-causa\/wp-content\/uploads\/2022\/10\/photo1665158725-1-1024x576.jpeg 1024w, https:\/\/martha.org.mx\/una-politica-con-causa\/wp-content\/uploads\/2022\/10\/photo1665158725-1-300x169.jpeg 300w, https:\/\/martha.org.mx\/una-politica-con-causa\/wp-content\/uploads\/2022\/10\/photo1665158725-1-768x432.jpeg 768w, https:\/\/martha.org.mx\/una-politica-con-causa\/wp-content\/uploads\/2022\/10\/photo1665158725-1.jpeg 1280w\" sizes=\"auto, (max-width: 512px) 100vw, 512px\" \/><\/figure>\n<\/div>\n\n\n\n<div class=\"wp-block-column is-layout-flow wp-block-column-is-layout-flow\" style=\"flex-basis:66.66%\">\n<p class=\"has-text-align-right\" style=\"font-size:17px;font-style:italic;font-weight:500\">En este apartado est\u00e1n todos los comunicados de prensa oficiales que se han generado desde la Subsecretar\u00eda para Asuntos Multilaterales y Derechos Humanos de la SRE.<\/p>\n\n\n\n<p class=\"has-text-align-right\" style=\"font-size:17px;font-style:italic;font-weight:500\">Algunos han sido en coordinaci\u00f3n con otras \u00e1reas o dependencias del Gobierno de M\u00e9xico. Todos con el prop\u00f3sito de difundir el intenso trabajo que hacemos d\u00eda a d\u00eda desde la Secretar\u00eda de Relaciones Exteriores.<\/p>\n<\/div>\n<\/div>\n<\/div>\n<\/div>\n\n\n\n<h2 class=\"has-text-align-center wp-block-heading\">COMUNICADOS<\/h2>\n\n\n\n<div class=\"wp-block-media-text alignwide has-media-on-the-right is-stacked-on-mobile\"><figure class=\"wp-block-media-text__media\"><img loading=\"lazy\" decoding=\"async\" width=\"1024\" height=\"576\" src=\"https:\/\/martha.org.mx\/una-politica-con-causa\/wp-content\/uploads\/2022\/10\/photo1665158725-1-1024x576.jpeg\" alt=\"\" class=\"wp-image-13191 size-full\" srcset=\"https:\/\/martha.org.mx\/una-politica-con-causa\/wp-content\/uploads\/2022\/10\/photo1665158725-1-1024x576.jpeg 1024w, https:\/\/martha.org.mx\/una-politica-con-causa\/wp-content\/uploads\/2022\/10\/photo1665158725-1-300x169.jpeg 300w, https:\/\/martha.org.mx\/una-politica-con-causa\/wp-content\/uploads\/2022\/10\/photo1665158725-1-768x432.jpeg 768w, https:\/\/martha.org.mx\/una-politica-con-causa\/wp-content\/uploads\/2022\/10\/photo1665158725-1.jpeg 1280w\" sizes=\"auto, (max-width: 1024px) 100vw, 1024px\" \/><\/figure><div class=\"wp-block-media-text__content\">\n<p class=\"has-large-font-size\">Arranca proyecto de cooperaci\u00f3n para la gesti\u00f3n sostenible de los mares mexicanos<\/p>\n<\/div><\/div>\n\n\n\n<div style=\"height:100px\" aria-hidden=\"true\" class=\"wp-block-spacer\"><\/div>\n\n\n\n<div class=\"wp-block-media-text alignwide is-stacked-on-mobile\"><figure class=\"wp-block-media-text__media\"><img loading=\"lazy\" decoding=\"async\" width=\"287\" height=\"98\" src=\"https:\/\/martha.org.mx\/una-politica-con-causa\/wp-content\/uploads\/2022\/10\/Clipboard01.jpg\" alt=\"\" class=\"wp-image-13196 size-full\" srcset=\"https:\/\/martha.org.mx\/una-politica-con-causa\/wp-content\/uploads\/2022\/10\/Clipboard01.jpg 287w, https:\/\/martha.org.mx\/una-politica-con-causa\/wp-content\/uploads\/2022\/10\/Clipboard01-285x98.jpg 285w\" sizes=\"auto, (max-width: 287px) 100vw, 287px\" \/><\/figure><div class=\"wp-block-media-text__content\">\n<p class=\"has-large-font-size\">Se concreta colaboraci\u00f3n entre el Gobierno de M\u00e9xico y el Museo ede Louvre de Abu Dhabi<\/p>\n<\/div><\/div>\n\n\n\n<div class=\"wp-block-buttons is-layout-flex wp-block-buttons-is-layout-flex\">\n<div class=\"wp-block-button\"><a class=\"wp-block-button__link\" href=\"https:\/\/martha.org.mx\/una-politica-con-causa\/category\/ssmh\/comunicados-de-prensa\/\">M\u00e1s comunicados<\/a><\/div>\n<\/div>\n\n\n\n\n\n<p><\/p>\n","protected":false},"excerpt":{"rendered":"<p>En este apartado est\u00e1n todos los comunicados de prensa oficiales que se han generado desde la Subsecretar\u00eda para Asuntos Multilaterales y Derechos Humanos de la SRE. Algunos han sido en coordinaci\u00f3n con otras \u00e1reas o dependencias del Gobierno de M\u00e9xico. Todos con el prop\u00f3sito de difundir el intenso trabajo que hacemos d\u00eda a d\u00eda desde&hellip;<\/p>\n<p class=\"more-link\"><a href=\"https:\/\/martha.org.mx\/una-politica-con-causa\/comunicados\/\" class=\"themebutton\">Read More<\/a><\/p>\n","protected":false},"author":1,"featured_media":0,"parent":0,"menu_order":0,"comment_status":"closed","ping_status":"closed","template":"","meta":{"om_disable_all_campaigns":false,"_monsterinsights_skip_tracking":false,"_monsterinsights_sitenote_active":false,"_monsterinsights_sitenote_note":"","_monsterinsights_sitenote_category":0,"footnotes":""},"class_list":["post-13193","page","type-page","status-publish","hentry"],"aioseo_notices":[],"_links":{"self":[{"href":"https:\/\/martha.org.mx\/una-politica-con-causa\/wp-json\/wp\/v2\/pages\/13193","targetHints":{"allow":["GET"]}}],"collection":[{"href":"https:\/\/martha.org.mx\/una-politica-con-causa\/wp-json\/wp\/v2\/pages"}],"about":[{"href":"https:\/\/martha.org.mx\/una-politica-con-causa\/wp-json\/wp\/v2\/types\/page"}],"author":[{"embeddable":true,"href":"https:\/\/martha.org.mx\/una-politica-con-causa\/wp-json\/wp\/v2\/users\/1"}],"replies":[{"embeddable":true,"href":"https:\/\/martha.org.mx\/una-politica-con-causa\/wp-json\/wp\/v2\/comments?post=13193"}],"version-history":[{"count":5,"href":"https:\/\/martha.org.mx\/una-politica-con-causa\/wp-json\/wp\/v2\/pages\/13193\/revisions"}],"predecessor-version":[{"id":13204,"href":"https:\/\/martha.org.mx\/una-politica-con-causa\/wp-json\/wp\/v2\/pages\/13193\/revisions\/13204"}],"wp:attachment":[{"href":"https:\/\/martha.org.mx\/una-politica-con-causa\/wp-json\/wp\/v2\/media?parent=13193"}],"curies":[{"name":"wp","href":"https:\/\/api.w.org\/{rel}","templated":true}]}}