{"id":13159,"date":"2022-10-06T00:25:13","date_gmt":"2022-10-06T00:25:13","guid":{"rendered":"https:\/\/martha.org.mx\/una-politica-con-causa\/?page_id=13159"},"modified":"2025-04-21T16:30:23","modified_gmt":"2025-04-21T16:30:23","slug":"canal-de-youtube","status":"publish","type":"page","link":"https:\/\/martha.org.mx\/una-politica-con-causa\/canal-de-youtube\/","title":{"rendered":"Canal de YouTube"},"content":{"rendered":"\n<figure class=\"wp-block-image size-large is-resized\"><a href=\"https:\/\/www.youtube.com\/channel\/UCMc-S5lD5enxxAhPqhNTerQ\" target=\"_blank\" rel=\"noopener\"><img loading=\"lazy\" decoding=\"async\" width=\"1024\" height=\"576\" src=\"https:\/\/martha.org.mx\/una-politica-con-causa\/wp-content\/uploads\/2022\/10\/photo1664997121-1024x576.jpeg\" alt=\"\" class=\"wp-image-13160\" style=\"width:512px;height:288px\" srcset=\"https:\/\/martha.org.mx\/una-politica-con-causa\/wp-content\/uploads\/2022\/10\/photo1664997121-1024x576.jpeg 1024w, https:\/\/martha.org.mx\/una-politica-con-causa\/wp-content\/uploads\/2022\/10\/photo1664997121-300x169.jpeg 300w, https:\/\/martha.org.mx\/una-politica-con-causa\/wp-content\/uploads\/2022\/10\/photo1664997121-768x432.jpeg 768w, https:\/\/martha.org.mx\/una-politica-con-causa\/wp-content\/uploads\/2022\/10\/photo1664997121.jpeg 1280w\" sizes=\"auto, (max-width: 1024px) 100vw, 1024px\" \/><\/a><\/figure>\n\n\n\n<p>En mi canal de <a href=\"https:\/\/www.youtube.com\/channel\/UCMc-S5lD5enxxAhPqhNTerQ\">YouTube<\/a> encontrar\u00e1s varias listas de reproducci\u00f3n que tienen que ver con la tarea que desempe\u00f1\u00e9 en la Subsecretar\u00eda para Asuntos Multilaterales y Derechos Humanos de la SRE.<\/p>\n\n\n\n<p>Hay eventos que organizamos desde esa subsecretar\u00eda, hasta entrevistas, participaciones en foros internacionales, adem\u00e1s de un foro de temas multilaterales que pueden de servir de consulta para quien quiere conocer m\u00e1s sobre esta agenda.<\/p>\n\n\n\n<p><\/p>\n","protected":false},"excerpt":{"rendered":"<p>En mi canal de YouTube encontrar\u00e1s varias listas de reproducci\u00f3n que tienen que ver con la tarea que desempe\u00f1\u00e9 en la Subsecretar\u00eda para Asuntos Multilaterales y Derechos Humanos de la SRE. Hay eventos que organizamos desde esa subsecretar\u00eda, hasta entrevistas, participaciones en foros internacionales, adem\u00e1s de un foro de temas multilaterales que pueden de servir&hellip;<\/p>\n<p class=\"more-link\"><a href=\"https:\/\/martha.org.mx\/una-politica-con-causa\/canal-de-youtube\/\" class=\"themebutton\">Read More<\/a><\/p>\n","protected":false},"author":1,"featured_media":0,"parent":0,"menu_order":0,"comment_status":"closed","ping_status":"closed","template":"","meta":{"om_disable_all_campaigns":false,"_monsterinsights_skip_tracking":false,"_monsterinsights_sitenote_active":false,"_monsterinsights_sitenote_note":"","_monsterinsights_sitenote_category":0,"footnotes":""},"class_list":["post-13159","page","type-page","status-publish","hentry"],"aioseo_notices":[],"_links":{"self":[{"href":"https:\/\/martha.org.mx\/una-politica-con-causa\/wp-json\/wp\/v2\/pages\/13159","targetHints":{"allow":["GET"]}}],"collection":[{"href":"https:\/\/martha.org.mx\/una-politica-con-causa\/wp-json\/wp\/v2\/pages"}],"about":[{"href":"https:\/\/martha.org.mx\/una-politica-con-causa\/wp-json\/wp\/v2\/types\/page"}],"author":[{"embeddable":true,"href":"https:\/\/martha.org.mx\/una-politica-con-causa\/wp-json\/wp\/v2\/users\/1"}],"replies":[{"embeddable":true,"href":"https:\/\/martha.org.mx\/una-politica-con-causa\/wp-json\/wp\/v2\/comments?post=13159"}],"version-history":[{"count":5,"href":"https:\/\/martha.org.mx\/una-politica-con-causa\/wp-json\/wp\/v2\/pages\/13159\/revisions"}],"predecessor-version":[{"id":14354,"href":"https:\/\/martha.org.mx\/una-politica-con-causa\/wp-json\/wp\/v2\/pages\/13159\/revisions\/14354"}],"wp:attachment":[{"href":"https:\/\/martha.org.mx\/una-politica-con-causa\/wp-json\/wp\/v2\/media?parent=13159"}],"curies":[{"name":"wp","href":"https:\/\/api.w.org\/{rel}","templated":true}]}}